{"id":3261,"date":"2025-09-28T18:17:13","date_gmt":"2025-09-28T18:17:13","guid":{"rendered":"https:\/\/sveikatatau.lt\/?post_type=product&#038;p=3261"},"modified":"2025-10-22T08:02:49","modified_gmt":"2025-10-22T08:02:49","slug":"poilsio-kreslas","status":"publish","type":"product","link":"https:\/\/sveikatatau.lt\/de\/produkt\/poilsio-kreslas\/","title":{"rendered":"Loungesessel"},"content":{"rendered":"<div style=\"font-size:16px; line-height:1.6; color:#333;\">\n<h2>Ein Loungesessel ist eine robuste und langlebige Wahl f\u00fcr Ihren Garten<\/h2>\n<p>Tr\u00e4umen Sie von Entspannung im Garten, auf der Terrasse oder am Wasser, wo Sie sich gem\u00fctlich entspannen k\u00f6nnen? Diese <strong>Loungesessel<\/strong> genau daf\u00fcr geschaffen. Es ist nicht nur ein M\u00f6belst\u00fcck, sondern auch eine Garantie f\u00fcr Ihren Komfort und Ihre Gem\u00fctlichkeit. Der Sessel besteht aus <strong>stabiler Metallrahmen<\/strong> Und <strong>thermisch behandeltes Kiefernholz<\/strong>, daher ist es \u00e4u\u00dferst widerstandsf\u00e4hig gegen\u00fcber Au\u00dfenbedingungen, stabil und langlebig.<\/p>\n<h3>Stabiler Metallrahmen<\/h3>\n<p>Die Struktur dieses Loungesessels besteht aus <strong>schwarzer Metallrahmen<\/strong>, was f\u00fcr au\u00dfergew\u00f6hnliche Stabilit\u00e4t sorgt. Das Metall wurde aufgrund seiner Langlebigkeit und Verformungsbest\u00e4ndigkeit ausgew\u00e4hlt, sodass der Stuhl auch nach langj\u00e4hrigem Gebrauch stabil bleibt. Das minimalistische Design l\u00e4sst das Metall harmonisch mit dem Naturholz verschmelzen und schafft so ein modernes und stilvolles M\u00f6belst\u00fcck.<\/p>\n<h3>Thermisch behandeltes Holz<\/h3>\n<p>Sitz und R\u00fcckenlehne des Stuhls bestehen aus <strong>thermisch behandeltes Kiefernholz<\/strong>Dabei handelt es sich um eine spezielle Technologie, bei der das Holz erhitzt wird, <strong>212 \u00b0C<\/strong>Durch das Erhitzen auf hohe Temperaturen werden die Poren des Holzes zerst\u00f6rt, wodurch es widerstandsf\u00e4higer gegen Feuchtigkeit, F\u00e4ulnis und Sch\u00e4dlinge wird. Ein weiterer wichtiger Vorteil ist, dass sich das Holz nicht mehr bewegt, stabil bleibt und sich auch bei wechselnden Witterungsbedingungen nicht verzieht.<\/p>\n<p>Durch die W\u00e4rmebehandlung erh\u00e4lt das Holz eine sattere Farbe und eine subtile nat\u00fcrliche Sch\u00f6nheit. Es ist eine umweltfreundliche L\u00f6sung, da die Eigenschaften des Holzes ohne den Einsatz von Chemikalien verbessert werden.<\/p>\n<p>Mehr zur thermischen Behandlung von Holz erfahren Sie hier <a href=\"https:\/\/www.brolistimber.eu\/produkto_kategorija\/technologija\/\" target=\"_blank\" rel=\"noopener noreferrer\" style=\"color:#0066cc; text-decoration:underline;\">Hier<\/a>.<\/p>\n<h3>Nat\u00fcrlicher \u00d6lschutz<\/h3>\n<p>Das Holz ist zus\u00e4tzlich beschichtet <strong>nat\u00fcrliches \u00d6l<\/strong>. Dies sorgt f\u00fcr noch mehr Widerstandsf\u00e4higkeit gegen Umwelteinfl\u00fcsse und hebt die Textur des Kiefernholzes hervor. Das \u00d6l l\u00e4sst das Holz atmen, sch\u00fctzt es aber gleichzeitig vor Feuchtigkeitsaufnahme. Eine solche Beschichtung sorgt daf\u00fcr, dass der Stuhl lange \u00e4sthetisch und attraktiv bleibt.<\/p>\n<h3>Komfort und Anpassung<\/h3>\n<p>Dieser Loungesessel hat ein ergonomisches Design. Die Sitzfl\u00e4che ist f\u00fcr bequemes Entspannen konzipiert, sodass Sie lange Nachmittage an der frischen Luft oder einen gem\u00fctlichen Abend auf der Terrasse genie\u00dfen k\u00f6nnen. Der Stuhl passt perfekt zu <strong>niedrigere Tische (ca. 60 cm hoch)<\/strong>, was es zu einer gro\u00dfartigen Wahl sowohl f\u00fcr eine Kaffeepause als auch f\u00fcr ein Treffen mit Freunden macht.<\/p>\n<p>F\u00fcr noch mehr Komfort k\u00f6nnen Sie <strong>Polsterung oder Kissen<\/strong>Dies sorgt f\u00fcr zus\u00e4tzlichen Komfort und erm\u00f6glicht Ihnen ein weicheres Sitzen, insbesondere wenn Sie den Stuhl f\u00fcr l\u00e4ngere Entspannungsphasen verwenden m\u00f6chten.<\/p>\n<h3>Vorteile der N\u00e4he zu Gew\u00e4ssern<\/h3>\n<p>Das Gewicht dieses Stuhls betr\u00e4gt <strong>18 kg<\/strong>, daher ist es extrem stabil. Das bedeutet, dass es <strong>perfekt f\u00fcr den Einsatz in der N\u00e4he von Seen, Fl\u00fcssen oder auf Piers<\/strong> \u2013 Der Wind kann solche M\u00f6bel nicht so leicht wegblasen. Dies ist ein wichtiger Vorteil f\u00fcr alle, die Gartenm\u00f6bel w\u00fcnschen, die auch an windigen Tagen an ihrem Platz bleiben.<\/p>\n<h3>Langlebigkeit und einfache Wartung<\/h3>\n<p>Der Loungesessel ist auf langj\u00e4hrige Lebensdauer ausgelegt. Er ist unempfindlich gegen\u00fcber Regen, hei\u00dfer Sonne und Temperaturschwankungen. Die Pflege ist denkbar einfach \u2013 wischen Sie die Oberfl\u00e4che einfach gelegentlich mit einem feuchten Tuch ab. F\u00fcr eine noch l\u00e4ngere Lebensdauer k\u00f6nnen Sie die Oberfl\u00e4che einmal pro Saison mit Natur\u00f6l auffrischen.<\/p>\n<h3>Technische Daten<\/h3>\n<ul>\n<li>Material: Kiefernholz (w\u00e4rmebehandelt, mit Natur\u00f6l beschichtet)<\/li>\n<li>Rahmen: schwarzer Metallrahmen<\/li>\n<li>Farbe: nat\u00fcrliches dunkles Holz + schwarzes Metall<\/li>\n<li>Einsatzzweck: f\u00fcr den Au\u00dfen- und Innenbereich<\/li>\n<li>Kompatibilit\u00e4t: praktisch f\u00fcr den Einsatz mit Tischen bis zu einer H\u00f6he von ~60 cm<\/li>\n<li>M\u00f6glichkeit, Polster oder Kissen hinzuzuf\u00fcgen<\/li>\n<li>Gewicht: <strong>18 kg<\/strong><\/li>\n<\/ul>\n<h3>Warum diesen Stuhl w\u00e4hlen?<\/h3>\n<p>Das <strong>Loungesessel<\/strong> ist mehr als nur ein M\u00f6belst\u00fcck. Es ist eine Investition in Ihren Alltagskomfort, ges\u00fcndere Entspannung und \u00c4sthetik. F\u00fcr die Herstellung wurden ausschlie\u00dflich hochwertige und nat\u00fcrliche Materialien ausgew\u00e4hlt \u2013 Metall, Kiefernholz und Natur\u00f6l. All diese Elemente vereinen sich zu einem M\u00f6belst\u00fcck, das Ihnen viele Jahre lang zuverl\u00e4ssig dient.<\/p>\n<p>Mit diesem Sessel erhalten Sie nicht nur ein bequemes M\u00f6belst\u00fcck, sondern auch einen stilvollen Akzent f\u00fcr Ihren Innen- und Au\u00dfenbereich. Er passt perfekt in Ihren Garten, auf Ihre Terrasse, Ihren Pavillon oder sogar in die Sitzecke Ihres Wohnzimmers. Dank seiner Vielseitigkeit und Langlebigkeit wird der Sessel zu einem beliebten Ruheplatz f\u00fcr Sie und Ihre Familie.<\/p>\n<\/div>\n<h3>Wo kann dieser Stuhl eingesetzt werden?<\/h3>\n<p>Dieser Loungesessel eignet sich perfekt f\u00fcr eine Vielzahl von R\u00e4umen. Sie k\u00f6nnen ihn auf <strong>Terrassen<\/strong>, <strong>im Pavillon<\/strong>, <strong>im Hof<\/strong>, <strong>am Pool<\/strong> ob <strong>Gew\u00e4sser<\/strong>Aufgrund seines Gewichts und seiner Robustheit bleibt der Stuhl auch an windigen Tagen stabil und ist somit nicht nur f\u00fcr den t\u00e4glichen Gebrauch, sondern auch f\u00fcr Veranstaltungen oder die Bewirtung von G\u00e4sten eine zuverl\u00e4ssige Wahl.<\/p>\n<p>Im Gegensatz zu Plastikm\u00f6beln, die schnell ihre Form und Farbe verlieren, ist dieser Stuhl langlebig. Er beh\u00e4lt seine \u00c4sthetik \u00fcber viele Jahre und ist damit nicht nur ein praktisches M\u00f6belst\u00fcck, sondern auch <strong>als Akzent f\u00fcr Ihr Zuhause oder Ihren Bauernhof<\/strong>.<\/p>\n<h3>Investition in Qualit\u00e4t<\/h3>\n<p>Mit dem Kauf dieses Stuhls entscheiden Sie sich f\u00fcr ein M\u00f6belst\u00fcck, das nicht st\u00e4ndig ersetzt oder repariert werden muss. Dies ist <strong>Investition in Qualit\u00e4t<\/strong>, was sich auf lange Sicht auszahlt. Jedes Detail \u2013 vom Metallrahmen bis zum \u00f6lbeschichteten Holz \u2013 ist durchdacht, um maximalen Komfort und Langlebigkeit zu gew\u00e4hrleisten.<\/p>\n<p>Mehr zur thermischen Behandlung von Holz erfahren Sie hier<br \/>\n<a href=\"https:\/\/lt.wikipedia.org\/wiki\/Termi%C5%A1kai_apdorota_mediena\" target=\"_blank\" rel=\"noopener\">Auf Wikipedia<\/a>.<\/p>\n<p>Diese St\u00fchle k\u00f6nnen Sie auf unseren Landtourismus-Geh\u00f6ften ausprobieren:<br \/>\n<a href=\"https:\/\/sveikatatau.lt\/de\/villa-arjola\/\" style=\"color:#0066cc; text-decoration:underline;\">Villa Arjola<\/a>,<br \/>\n<a href=\"https:\/\/sveikatatau.lt\/de\/pirtele-arjola-2-5-zmonems-poilsis-su-kubilu\/\" style=\"color:#0066cc; text-decoration:underline;\">Sauna Arjola<\/a> Und<br \/>\n<a href=\"https:\/\/sveikatatau.lt\/de\/miskas-arjola\/\" style=\"color:#0066cc; text-decoration:underline;\">Arjola-Wald<\/a>. <\/p>","protected":false},"excerpt":{"rendered":"<p><strong>Tvirtas poilsio kr\u0117slas<\/strong>, pagamintas i\u0161 metalo r\u0117mo ir termi\u0161kai apdorotos pu\u0161in\u0117s medienos, padengtos nat\u016braliu aliejumi.<br \/>\nStabilus net prie vandens telkini\u0173 (svoris \u2013 18 kg), tinka naudoti tiek lauke, tiek viduje. Dar daugiau komforto suteikia pamink\u0161tinimai ar pagalv\u0117l\u0117s.<\/p>","protected":false},"featured_media":3263,"comment_status":"open","ping_status":"closed","template":"","meta":{"_glsr_average":0,"_glsr_ranking":0,"_glsr_reviews":0},"product_brand":[],"product_cat":[23],"product_tag":[],"class_list":{"0":"post-3261","1":"product","2":"type-product","3":"status-publish","4":"has-post-thumbnail","6":"product_cat-tevelio-darbeliai","8":"first","9":"instock","10":"featured","11":"taxable","12":"shipping-taxable","13":"purchasable","14":"product-type-simple"},"_links":{"self":[{"href":"https:\/\/sveikatatau.lt\/de\/wp-json\/wp\/v2\/product\/3261","targetHints":{"allow":["GET"]}}],"collection":[{"href":"https:\/\/sveikatatau.lt\/de\/wp-json\/wp\/v2\/product"}],"about":[{"href":"https:\/\/sveikatatau.lt\/de\/wp-json\/wp\/v2\/types\/product"}],"replies":[{"embeddable":true,"href":"https:\/\/sveikatatau.lt\/de\/wp-json\/wp\/v2\/comments?post=3261"}],"version-history":[{"count":4,"href":"https:\/\/sveikatatau.lt\/de\/wp-json\/wp\/v2\/product\/3261\/revisions"}],"predecessor-version":[{"id":3277,"href":"https:\/\/sveikatatau.lt\/de\/wp-json\/wp\/v2\/product\/3261\/revisions\/3277"}],"wp:featuredmedia":[{"embeddable":true,"href":"https:\/\/sveikatatau.lt\/de\/wp-json\/wp\/v2\/media\/3263"}],"wp:attachment":[{"href":"https:\/\/sveikatatau.lt\/de\/wp-json\/wp\/v2\/media?parent=3261"}],"wp:term":[{"taxonomy":"product_brand","embeddable":true,"href":"https:\/\/sveikatatau.lt\/de\/wp-json\/wp\/v2\/product_brand?post=3261"},{"taxonomy":"product_cat","embeddable":true,"href":"https:\/\/sveikatatau.lt\/de\/wp-json\/wp\/v2\/product_cat?post=3261"},{"taxonomy":"product_tag","embeddable":true,"href":"https:\/\/sveikatatau.lt\/de\/wp-json\/wp\/v2\/product_tag?post=3261"}],"curies":[{"name":"wp","href":"https:\/\/api.w.org\/{rel}","templated":true}]}}