{"id":3261,"date":"2025-09-28T18:17:13","date_gmt":"2025-09-28T18:17:13","guid":{"rendered":"https:\/\/sveikatatau.lt\/?post_type=product&#038;p=3261"},"modified":"2025-10-22T08:02:49","modified_gmt":"2025-10-22T08:02:49","slug":"poilsio-kreslas","status":"publish","type":"product","link":"https:\/\/sveikatatau.lt\/es\/producto\/poilsio-kreslas\/","title":{"rendered":"Sill\u00f3n"},"content":{"rendered":"<div style=\"font-size:16px; line-height:1.6; color:#333;\">\n<h2>Una silla de sal\u00f3n es una opci\u00f3n resistente y duradera para su jard\u00edn.<\/h2>\n<p>\u00bfSue\u00f1as con relajarte en el jard\u00edn, en la terraza o junto al agua, donde puedas relajarte c\u00f3modamente? <strong>sill\u00f3n<\/strong> Creado precisamente para eso. No es solo un mueble, sino tambi\u00e9n una garant\u00eda de comodidad y calidez. El sill\u00f3n est\u00e1 hecho de... <strong>marco de metal resistente<\/strong> y <strong>madera de pino tratada t\u00e9rmicamente<\/strong>, por lo que es extremadamente resistente a las condiciones exteriores, estable y duradero.<\/p>\n<h3>Marco de metal resistente<\/h3>\n<p>La estructura de este sill\u00f3n consta de <strong>marco de metal negro<\/strong>, garantizando una estabilidad excepcional. El metal se eligi\u00f3 por su durabilidad y resistencia a la deformaci\u00f3n, por lo que la silla se mantendr\u00e1 firme incluso despu\u00e9s de muchos a\u00f1os de uso. Su dise\u00f1o minimalista permite que el metal se integre armoniosamente con la madera natural, creando un mueble moderno y elegante.<\/p>\n<h3>Madera tratada t\u00e9rmicamente<\/h3>\n<p>El asiento y el respaldo de la silla est\u00e1n hechos de <strong>madera de pino tratada t\u00e9rmicamente<\/strong>Se trata de una tecnolog\u00eda especial en la que la madera se calienta a <strong>212\u00b0C<\/strong>Al calentarse a altas temperaturas, los poros de la madera se destruyen, haci\u00e9ndola m\u00e1s resistente a la humedad, la putrefacci\u00f3n y las plagas. Otra ventaja importante es que la madera no se mueve, se mantiene estable y no se deforma incluso con las condiciones clim\u00e1ticas cambiantes.<\/p>\n<p>El tratamiento t\u00e9rmico confiere a la madera un color m\u00e1s intenso y una sutil belleza natural. Es una soluci\u00f3n ecol\u00f3gica, ya que las propiedades de la madera se mejoran sin necesidad de productos qu\u00edmicos.<\/p>\n<p>Puede leer m\u00e1s sobre el tratamiento t\u00e9rmico de la madera aqu\u00ed. <a href=\"https:\/\/www.brolistimber.eu\/produkto_kategorija\/technologija\/\" target=\"_blank\" rel=\"noopener noreferrer\" style=\"color:#0066cc; text-decoration:underline;\">aqu\u00ed<\/a>.<\/p>\n<h3>Protecci\u00f3n de aceite natural<\/h3>\n<p>La madera est\u00e1 recubierta adicionalmente. <strong>aceite natural<\/strong>Esto proporciona una mayor resistencia a las influencias ambientales y realza la textura de la madera de pino. El aceite permite que la madera respire, a la vez que la protege de la absorci\u00f3n de humedad. Este recubrimiento garantiza que la silla mantenga su est\u00e9tica y atractivo durante mucho tiempo.<\/p>\n<h3>Comodidad y personalizaci\u00f3n<\/h3>\n<p>Este sill\u00f3n tiene un dise\u00f1o ergon\u00f3mico. La zona de asientos est\u00e1 dise\u00f1ada para una c\u00f3moda relajaci\u00f3n, para que puedas disfrutar de largas tardes al aire libre o de una acogedora velada en la terraza. El sill\u00f3n combina a la perfecci\u00f3n con <strong>mesas inferiores (de unos 60 cm de altura)<\/strong>, lo que lo convierte en una excelente opci\u00f3n tanto para una pausa para el caf\u00e9 como para una reuni\u00f3n de amigos.<\/p>\n<p>Para mayor comodidad, puedes utilizar <strong>acolchado o cojines<\/strong>Esto proporcionar\u00e1 mayor comodidad y le permitir\u00e1 sentarse m\u00e1s suavemente, especialmente si planea utilizar la silla durante per\u00edodos de relajaci\u00f3n m\u00e1s prolongados.<\/p>\n<h3>Ventajas de estar cerca de cuerpos de agua<\/h3>\n<p>El peso de esta silla es <strong>18 kilos<\/strong>, por lo que es extremadamente estable. Esto significa que <strong>Perfecto para usar cerca de lagos, r\u00edos o muelles.<\/strong> El viento no se llevar\u00e1 f\u00e1cilmente estos muebles. Esta es una ventaja importante para quienes desean muebles de exterior que se mantengan en su lugar incluso en d\u00edas ventosos.<\/p>\n<h3>Longevidad y f\u00e1cil mantenimiento<\/h3>\n<p>El sill\u00f3n est\u00e1 dise\u00f1ado para durar muchos a\u00f1os. No le teme a la lluvia, el sol ni los cambios de temperatura. Su mantenimiento es muy sencillo: basta con limpiar la superficie de vez en cuando con un pa\u00f1o h\u00famedo. Si desea prolongar su vida \u00fatil, puede renovarla con aceite natural una vez por temporada.<\/p>\n<h3>Datos t\u00e9cnicos<\/h3>\n<ul>\n<li>Material: madera de pino (tratada t\u00e9rmicamente, recubierta de aceite natural)<\/li>\n<li>Marco: marco de metal negro<\/li>\n<li>Color: madera oscura natural + metal negro<\/li>\n<li>Prop\u00f3sito: para uso en exteriores e interiores.<\/li>\n<li>Compatibilidad: conveniente para usar con mesas de hasta ~60 cm de alto<\/li>\n<li>Posibilidad de a\u00f1adir relleno o cojines.<\/li>\n<li>Peso: <strong>18 kilos<\/strong><\/li>\n<\/ul>\n<h3>\u00bfPor qu\u00e9 elegir esta silla?<\/h3>\n<p>Este <strong>sill\u00f3n<\/strong> Es m\u00e1s que un simple mueble. Es una inversi\u00f3n en comodidad diaria, relajaci\u00f3n y est\u00e9tica. Para su fabricaci\u00f3n se han seleccionado exclusivamente materiales naturales de alta calidad: metal, madera de pino y aceite natural. Todos estos elementos se combinan para crear un mueble que durar\u00e1 muchos a\u00f1os.<\/p>\n<p>Al elegir este sill\u00f3n, no solo obtendr\u00e1 un mueble c\u00f3modo, sino tambi\u00e9n un toque de estilo para su interior y exterior. Encajar\u00e1 a la perfecci\u00f3n en su jard\u00edn, terraza, cenador o incluso en la zona de estar de su sala de estar. Gracias a su versatilidad y durabilidad, se convertir\u00e1 en el lugar de descanso favorito para usted y su familia.<\/p>\n<\/div>\n<h3>\u00bfD\u00f3nde se puede utilizar esta silla?<\/h3>\n<p>Este sill\u00f3n es perfecto para una variedad de espacios. Puedes colocarlo en <strong>gradas<\/strong>, <strong>en el mirador<\/strong>, <strong>en el patio<\/strong>, <strong>junto a la piscina<\/strong> si <strong>cuerpo de agua<\/strong>Gracias a su peso y resistencia, la silla se mantiene estable incluso en d\u00edas ventosos, lo que la convierte en una opci\u00f3n confiable no solo para el uso diario, sino tambi\u00e9n para eventos o para recibir invitados.<\/p>\n<p>A diferencia de los muebles de pl\u00e1stico, que pierden r\u00e1pidamente su forma y color, esta silla es duradera. Conserva su est\u00e9tica durante muchos a\u00f1os, lo que la convierte no solo en un mueble pr\u00e1ctico, sino tambi\u00e9n... <strong>como acento para el interior de su hogar o granja<\/strong>.<\/p>\n<h3>Inversi\u00f3n en calidad<\/h3>\n<p>Al comprar esta silla, est\u00e1 eligiendo un mueble que no requerir\u00e1 reemplazo ni reparaci\u00f3n constante. Esto es <strong>inversi\u00f3n en calidad<\/strong>, lo cual se amortiza a largo plazo. Cada detalle, desde la estructura met\u00e1lica hasta la madera recubierta de aceite, est\u00e1 pensado para garantizar la m\u00e1xima comodidad y durabilidad.<\/p>\n<p>Puede leer m\u00e1s sobre el tratamiento t\u00e9rmico de la madera.<br \/>\n<a href=\"https:\/\/lt.wikipedia.org\/wiki\/Termi%C5%A1kai_apdorota_mediena\" target=\"_blank\" rel=\"noopener\">En Wikipedia<\/a>.<\/p>\n<p>Podr\u00e1s probar estas sillas en nuestras fincas de turismo rural:<br \/>\n<a href=\"https:\/\/sveikatatau.lt\/es\/villa-arjola\/\" style=\"color:#0066cc; text-decoration:underline;\">Villa Arjola<\/a>,<br \/>\n<a href=\"https:\/\/sveikatatau.lt\/es\/pirtele-arjola-2-5-zmonems-poilsis-su-kubilu\/\" style=\"color:#0066cc; text-decoration:underline;\">Sauna Arjola<\/a> y<br \/>\n<a href=\"https:\/\/sveikatatau.lt\/es\/miskas-arjola\/\" style=\"color:#0066cc; text-decoration:underline;\">Bosque de Arjola<\/a>. <\/p>","protected":false},"excerpt":{"rendered":"<p><strong>Tvirtas poilsio kr\u0117slas<\/strong>, pagamintas i\u0161 metalo r\u0117mo ir termi\u0161kai apdorotos pu\u0161in\u0117s medienos, padengtos nat\u016braliu aliejumi.<br \/>\nStabilus net prie vandens telkini\u0173 (svoris \u2013 18 kg), tinka naudoti tiek lauke, tiek viduje. Dar daugiau komforto suteikia pamink\u0161tinimai ar pagalv\u0117l\u0117s.<\/p>","protected":false},"featured_media":3263,"comment_status":"open","ping_status":"closed","template":"","meta":{"_glsr_average":0,"_glsr_ranking":0,"_glsr_reviews":0},"product_brand":[],"product_cat":[23],"product_tag":[],"class_list":{"0":"post-3261","1":"product","2":"type-product","3":"status-publish","4":"has-post-thumbnail","6":"product_cat-tevelio-darbeliai","8":"first","9":"instock","10":"featured","11":"taxable","12":"shipping-taxable","13":"purchasable","14":"product-type-simple"},"_links":{"self":[{"href":"https:\/\/sveikatatau.lt\/es\/wp-json\/wp\/v2\/product\/3261","targetHints":{"allow":["GET"]}}],"collection":[{"href":"https:\/\/sveikatatau.lt\/es\/wp-json\/wp\/v2\/product"}],"about":[{"href":"https:\/\/sveikatatau.lt\/es\/wp-json\/wp\/v2\/types\/product"}],"replies":[{"embeddable":true,"href":"https:\/\/sveikatatau.lt\/es\/wp-json\/wp\/v2\/comments?post=3261"}],"version-history":[{"count":4,"href":"https:\/\/sveikatatau.lt\/es\/wp-json\/wp\/v2\/product\/3261\/revisions"}],"predecessor-version":[{"id":3277,"href":"https:\/\/sveikatatau.lt\/es\/wp-json\/wp\/v2\/product\/3261\/revisions\/3277"}],"wp:featuredmedia":[{"embeddable":true,"href":"https:\/\/sveikatatau.lt\/es\/wp-json\/wp\/v2\/media\/3263"}],"wp:attachment":[{"href":"https:\/\/sveikatatau.lt\/es\/wp-json\/wp\/v2\/media?parent=3261"}],"wp:term":[{"taxonomy":"product_brand","embeddable":true,"href":"https:\/\/sveikatatau.lt\/es\/wp-json\/wp\/v2\/product_brand?post=3261"},{"taxonomy":"product_cat","embeddable":true,"href":"https:\/\/sveikatatau.lt\/es\/wp-json\/wp\/v2\/product_cat?post=3261"},{"taxonomy":"product_tag","embeddable":true,"href":"https:\/\/sveikatatau.lt\/es\/wp-json\/wp\/v2\/product_tag?post=3261"}],"curies":[{"name":"wp","href":"https:\/\/api.w.org\/{rel}","templated":true}]}}