{"id":734,"date":"2025-04-11T09:29:00","date_gmt":"2025-04-11T09:29:00","guid":{"rendered":"http:\/\/sveikatatau.lt\/?post_type=product&#038;p=734"},"modified":"2025-10-22T08:06:38","modified_gmt":"2025-10-22T08:06:38","slug":"kubilas-ant-priekabos","status":"publish","type":"product","link":"https:\/\/sveikatatau.lt\/es\/producto\/kubilas-ant-priekabos\/","title":{"rendered":"Jacuzzi en un remolque"},"content":{"rendered":"<div style=\"font-size:16px; line-height:1.6; color:#333;\">\n<h2>Jacuzzi en remolque: relajaci\u00f3n m\u00f3vil en cualquier lugar<\/h2>\n<p><strong>Jacuzzi en un remolque<\/strong> \u2013 es una soluci\u00f3n exclusiva que le permite disfrutar del lujo y la comodidad en cualquier lugar. Este jacuzzi m\u00f3vil cuenta con <em>sistema de hidromasaje<\/em>, <em>masaje de aire<\/em>, <em>Iluminaci\u00f3n LED<\/em> y moderno <em>Equipo de audio Bluetooth<\/em>Es como un spa m\u00f3vil que puedes llevar de viaje, a una casa de campo, a una fiesta o a un evento. El jacuzzi est\u00e1 completamente listo para usar, con frenos, luces y todos los permisos de tr\u00e1fico; solo tienes que conectarlo a tu coche y empezar a conducir.<\/p>\n<h3>Caracter\u00edsticas t\u00e9cnicas y funciones<\/h3>\n<ul>\n<li><strong>Iluminaci\u00f3n LED:<\/strong> Proporciona un ambiente acogedor por las noches.<\/li>\n<li><strong>Sistema de hidromasaje:<\/strong> Ayuda a relajar y calmar los m\u00fasculos.<\/li>\n<li><strong>Masaje de aire:<\/strong> Peque\u00f1as burbujas crean un efecto spa.<\/li>\n<li><strong>M\u00fasica Bluetooth:<\/strong> Los altavoces de alta calidad te permiten escuchar tu m\u00fasica favorita.<\/li>\n<li><strong>Horno:<\/strong> Calentamiento eficiente de agua con le\u00f1a.<\/li>\n<li><strong>Seguridad:<\/strong> Remolque con sistema de freno y luces, apto para circulaci\u00f3n por carretera.<\/li>\n<\/ul>\n<h3>Conveniencia y movilidad<\/h3>\n<p>Este <strong>jacuzzi en un remolque<\/strong> Est\u00e1 dise\u00f1ado para quienes desean disfrutar de los placeres del spa sin l\u00edmites. Puede colocarlo junto al lago, en una casa de campo, al pie de la monta\u00f1a o incluso cerca de casa. Gracias a su dise\u00f1o compacto, el jacuzzi se transporta c\u00f3modamente y ocupa poco espacio. Si es necesario, puede almacenarse en un garaje o almac\u00e9n.<\/p>\n<h3>\u00c1reas de aplicaci\u00f3n<\/h3>\n<p><strong>Jacuzzi m\u00f3vil<\/strong> Adecuado no s\u00f3lo para la recreaci\u00f3n familiar, sino tambi\u00e9n para diversos eventos:<\/p>\n<ul>\n<li>Para bodas y aniversarios;<\/li>\n<li>Para fiestas corporativas y eventos de team building;<\/li>\n<li>En fincas de turismo rural o para negocio de alquiler;<\/li>\n<li>Para viajes a la naturaleza o campistas.<\/li>\n<\/ul>\n<h3>Mantenimiento y durabilidad<\/h3>\n<p>El jacuzzi est\u00e1 fabricado con materiales resistentes y duraderos, resistentes a la humedad, el calor y el fr\u00edo. La iluminaci\u00f3n LED y el sistema de sonido est\u00e1n adaptados para su uso en exteriores. Su mantenimiento es sencillo: basta con limpiar el interior con regularidad y revisar el sistema de filtraci\u00f3n. El drenaje y la limpieza est\u00e1n integrados de forma pr\u00e1ctica, por lo que su uso no causar\u00e1 ning\u00fan problema.<\/p>\n<h3>Entrega y montaje<\/h3>\n<p>Podemos entregarle el jacuzzi montado y listo para usar. Si vive m\u00e1s lejos, puede transportarlo montado, ya que la estructura es desmontable y ocupa mucho menos espacio. De esta forma, el coste del transporte ser\u00e1 menor. El env\u00edo es posible no solo en Lituania, sino tambi\u00e9n a otros pa\u00edses; coordinamos todo individualmente. El precio depende de la distancia y del m\u00e9todo de transporte elegido.<\/p>\n<h3>\u00bfPor qu\u00e9 elegir un jacuzzi en un remolque?<\/h3>\n<ul>\n<li>\u2714 Cuatro en uno: <strong>hidromasaje, masaje de aire, LED, m\u00fasica<\/strong>.<\/li>\n<li>\u2714 Movilidad: lleva la comodidad contigo.<\/li>\n<li>\u2714 Adecuado para familiares, amigos, negocios o eventos.<\/li>\n<li>\u2714 Materiales duraderos y equipamiento moderno.<\/li>\n<li>\u2714 F\u00e1cil mantenimiento y uso.<\/li>\n<\/ul>\n<h3>FAQ - Preguntas frecuentes<\/h3>\n<p><strong>Pregunta:<\/strong> \u00bfEl jacuzzi es adecuado para su uso en invierno?<br \/>\n     <strong>Respuesta:<\/strong> S\u00ed, el dise\u00f1o es adecuado para su uso en invierno, el agua se calienta r\u00e1pidamente y las funciones de masaje funcionan independientemente del clima.<\/p>\n<p><strong>Pregunta:<\/strong> \u00bfPuedo conectar mi tel\u00e9fono al sistema de sonido?<br \/>\n     <strong>Respuesta:<\/strong> S\u00ed, el jacuzzi tiene audio Bluetooth, lo que te permite reproducir m\u00fasica directamente desde tu tel\u00e9fono.<\/p>\n<p><strong>Pregunta:<\/strong> \u00bfCu\u00e1ntas personas caben en un jacuzzi?<br \/>\n     <strong>Respuesta:<\/strong> Dependiendo del modelo, suele albergar c\u00f3modamente entre 6 y 8 personas.<\/p>\n<p><strong>Pregunta:<\/strong> \u00bfNecesito permisos especiales para conducir con un jacuzzi en un remolque?<br \/>\n     <strong>Respuesta:<\/strong> No, el remolque dispone de sistema de frenos, luces y toda la documentaci\u00f3n necesaria para circular por carretera.<\/p>\n<h3>Informaci\u00f3n adicional<\/h3>\n<p>Acerca de nosotros <a href=\"https:\/\/lt.wikipedia.org\/wiki\/Kubilas\" target=\"_blank\" rel=\"noopener\">Puedes leer sobre los jacuzzis en Wikipedia.<\/a>Tambi\u00e9n le invitamos a ver nuestros otros productos: <a href=\"https:\/\/sveikatatau.lt\/es\/tevelio-darbeliai\/\">El trabajo del padre<\/a>.<\/p>\n<div style=\"margin:18px 0; padding:14px 16px; background:#f7f7f7; border-radius:10px;\">\n    \u00bfPreguntas? Escribe <a href=\"mailto:sveikatatau@gmail.com\">sveikatatau@gmail.com<\/a> o llamar<br \/>\n    <a href=\"tel:+37061246039\">+370 612 46039<\/a>Estaremos encantados de asesorarle sobre las opciones de entrega, mantenimiento y uso.\n  <\/div>\n<\/div>\n<h3>Jacuzzi en remolque: practicidad y comodidad<\/h3>\n<p><strong>Jacuzzi en un remolque<\/strong> Es una excelente opci\u00f3n para quienes valoran la comodidad y la movilidad. A diferencia de los jacuzzis fijos, este modelo le permite disfrutar de agua caliente y masajes en cualquier lugar: junto al lago, en la casa de campo o incluso de viaje. La movilidad proporciona mayor libertad al planificar vacaciones o celebraciones, ya que el jacuzzi se puede transportar f\u00e1cilmente a donde m\u00e1s se necesite.<\/p>\n<h3>Beneficios de uso<\/h3>\n<ul>\n<li><strong>Flexibilidad:<\/strong> El jacuzzi se puede utilizar tanto para relajaci\u00f3n privada como para eventos p\u00fablicos.<\/li>\n<li><strong>Econom\u00eda:<\/strong> No es necesario tener un dispositivo fijo en un lugar todo el tiempo: el jacuzzi viaja con usted.<\/li>\n<li><strong>Seguridad:<\/strong> El remolque dispone de sistema de frenos, iluminaci\u00f3n y permisos de circulaci\u00f3n, por lo que su transporte es totalmente legal y seguro.<\/li>\n<li><strong>Almacenamiento conveniente:<\/strong> Cuando no est\u00e9 en uso, el jacuzzi se puede guardar en el garaje o cubrir en el patio con una cubierta especial.<\/li>\n<\/ul>\n<h3>\u00bfPara qui\u00e9n es adecuado?<\/h3>\n<p><strong>Jacuzzi en un remolque<\/strong> Ideal tanto para familias como para turismo rural o para organizar eventos. No solo es una forma agradable de pasar el tiempo libre, sino tambi\u00e9n una inversi\u00f3n que puede generar ingresos adicionales, ya que el jacuzzi se puede alquilar. Su dise\u00f1o moderno, la iluminaci\u00f3n LED y el sistema de sonido crean un ambiente especial, convirtiendo el jacuzzi en el centro de atenci\u00f3n de cualquier evento.<\/p>\n<h3>Opciones adicionales<\/h3>\n<p>Entrega disponible en toda Lituania e incluso m\u00e1s all\u00e1 de sus fronteras. Seg\u00fan sea necesario. <strong>jacuzzi en un remolque<\/strong> Se puede transportar tanto montado como desmontado, lo que permite reducir el coste del transporte a pa\u00edses lejanos. Siempre proporcionamos a nuestros clientes instrucciones sobre el uso y el mantenimiento adecuados del jacuzzi para que dure muchos a\u00f1os. Esta soluci\u00f3n combina movilidad, lujo y practicidad.<\/p>\n<p>Mira el nuestro tambi\u00e9n <a href=\"https:\/\/sveikatatau.lt\/es\/producto\/lauko-baldai-1plus6\/\">muebles de exterior 1+6<\/a> \u2013 Conjunto moderno con mesa y 6 sillas.<\/p>","protected":false},"excerpt":{"rendered":"<p>Jacuzzi m\u00f3vil con hidromasaje, iluminaci\u00f3n LED y sistema de sonido Bluetooth. \u00a1Rel\u00e1jate donde quieras!<\/p>","protected":false},"featured_media":221,"comment_status":"open","ping_status":"closed","template":"","meta":{"_glsr_average":0,"_glsr_ranking":0,"_glsr_reviews":0},"product_brand":[],"product_cat":[52],"product_tag":[],"class_list":{"0":"post-734","1":"product","2":"type-product","3":"status-publish","4":"has-post-thumbnail","6":"product_cat-kubilai","8":"first","9":"instock","10":"taxable","11":"shipping-taxable","12":"purchasable","13":"product-type-simple"},"_links":{"self":[{"href":"https:\/\/sveikatatau.lt\/es\/wp-json\/wp\/v2\/product\/734","targetHints":{"allow":["GET"]}}],"collection":[{"href":"https:\/\/sveikatatau.lt\/es\/wp-json\/wp\/v2\/product"}],"about":[{"href":"https:\/\/sveikatatau.lt\/es\/wp-json\/wp\/v2\/types\/product"}],"replies":[{"embeddable":true,"href":"https:\/\/sveikatatau.lt\/es\/wp-json\/wp\/v2\/comments?post=734"}],"version-history":[{"count":8,"href":"https:\/\/sveikatatau.lt\/es\/wp-json\/wp\/v2\/product\/734\/revisions"}],"predecessor-version":[{"id":3209,"href":"https:\/\/sveikatatau.lt\/es\/wp-json\/wp\/v2\/product\/734\/revisions\/3209"}],"wp:featuredmedia":[{"embeddable":true,"href":"https:\/\/sveikatatau.lt\/es\/wp-json\/wp\/v2\/media\/221"}],"wp:attachment":[{"href":"https:\/\/sveikatatau.lt\/es\/wp-json\/wp\/v2\/media?parent=734"}],"wp:term":[{"taxonomy":"product_brand","embeddable":true,"href":"https:\/\/sveikatatau.lt\/es\/wp-json\/wp\/v2\/product_brand?post=734"},{"taxonomy":"product_cat","embeddable":true,"href":"https:\/\/sveikatatau.lt\/es\/wp-json\/wp\/v2\/product_cat?post=734"},{"taxonomy":"product_tag","embeddable":true,"href":"https:\/\/sveikatatau.lt\/es\/wp-json\/wp\/v2\/product_tag?post=734"}],"curies":[{"name":"wp","href":"https:\/\/api.w.org\/{rel}","templated":true}]}}