{"id":3261,"date":"2025-09-28T18:17:13","date_gmt":"2025-09-28T18:17:13","guid":{"rendered":"https:\/\/sveikatatau.lt\/?post_type=product&#038;p=3261"},"modified":"2025-10-22T08:02:49","modified_gmt":"2025-10-22T08:02:49","slug":"poilsio-kreslas","status":"publish","type":"product","link":"https:\/\/sveikatatau.lt\/fr\/produit\/poilsio-kreslas\/","title":{"rendered":"Chaise longue"},"content":{"rendered":"<div style=\"font-size:16px; line-height:1.6; color:#333;\">\n<h2>Une chaise longue est un choix robuste et durable pour votre jardin<\/h2>\n<p>Vous r\u00eavez de vous d\u00e9tendre confortablement dans votre jardin, sur votre terrasse ou au bord de l&#039;eau\u00a0? <strong>chaise longue<\/strong> Cr\u00e9\u00e9 pr\u00e9cis\u00e9ment pour cela. Ce n&#039;est pas seulement un meuble, c&#039;est aussi une garantie de confort et de bien-\u00eatre. Ce fauteuil est fabriqu\u00e9 en <strong>cadre en m\u00e9tal robuste<\/strong> et <strong>bois de pin trait\u00e9 thermiquement<\/strong>, il est donc extr\u00eamement r\u00e9sistant aux conditions ext\u00e9rieures, stable et durable.<\/p>\n<h3>Cadre en m\u00e9tal robuste<\/h3>\n<p>La structure de cette chaise longue est compos\u00e9e de <strong>cadre en m\u00e9tal noir<\/strong>, garantissant une stabilit\u00e9 exceptionnelle. Le m\u00e9tal a \u00e9t\u00e9 choisi pour sa durabilit\u00e9 et sa r\u00e9sistance \u00e0 la d\u00e9formation, garantissant ainsi la solidit\u00e9 de la chaise m\u00eame apr\u00e8s de nombreuses ann\u00e9es d&#039;utilisation. Son design minimaliste permet au m\u00e9tal de se fondre harmonieusement avec le bois naturel, cr\u00e9ant ainsi un meuble moderne et \u00e9l\u00e9gant.<\/p>\n<h3>Bois trait\u00e9 thermiquement<\/h3>\n<p>L&#039;assise et le dossier de la chaise sont en <strong>bois de pin trait\u00e9 thermiquement<\/strong>Il s\u2019agit d\u2019une technologie sp\u00e9ciale o\u00f9 le bois est chauff\u00e9 pour <strong>212\u00b0C<\/strong>Chauff\u00e9 \u00e0 haute temp\u00e9rature, le bois d\u00e9truit ses pores, ce qui le rend plus r\u00e9sistant \u00e0 l&#039;humidit\u00e9, \u00e0 la pourriture et aux parasites. Autre avantage important\u00a0: le bois ne bouge plus, reste stable et ne se d\u00e9forme pas, m\u00eame en cas de variations climatiques.<\/p>\n<p>Le traitement thermique conf\u00e8re au bois une couleur plus intense et une beaut\u00e9 naturelle subtile. C&#039;est une solution respectueuse de l&#039;environnement, car les propri\u00e9t\u00e9s du bois sont am\u00e9lior\u00e9es sans aucun produit chimique.<\/p>\n<p>Vous pouvez en savoir plus sur le traitement thermique du bois ici. <a href=\"https:\/\/www.brolistimber.eu\/produkto_kategorija\/technologija\/\" target=\"_blank\" rel=\"noopener noreferrer\" style=\"color:#0066cc; text-decoration:underline;\">ici<\/a>.<\/p>\n<h3>Protection \u00e0 l&#039;huile naturelle<\/h3>\n<p>Le bois est en outre rev\u00eatu <strong>huile naturelle<\/strong>Cela renforce la r\u00e9sistance aux agressions ext\u00e9rieures et met en valeur la texture du pin. L&#039;huile laisse le bois respirer tout en le prot\u00e9geant de l&#039;humidit\u00e9. Ce rev\u00eatement garantit \u00e0 la chaise un aspect et un attrait durables.<\/p>\n<h3>Confort et personnalisation<\/h3>\n<p>Ce fauteuil de salon au design ergonomique est con\u00e7u pour une d\u00e9tente confortable, vous permettant de profiter de longs apr\u00e8s-midis au grand air ou d&#039;une soir\u00e9e agr\u00e9able sur la terrasse. Il s&#039;int\u00e8gre parfaitement \u00e0 votre int\u00e9rieur. <strong>tables basses (environ 60 cm de hauteur)<\/strong>, ce qui en fait un excellent choix pour une pause-caf\u00e9 ou une r\u00e9union d&#039;amis.<\/p>\n<p>Pour encore plus de confort, vous pouvez utiliser <strong>rembourrage ou coussins<\/strong>Cela offrira un confort suppl\u00e9mentaire et vous permettra de vous asseoir plus doucement, surtout si vous pr\u00e9voyez d&#039;utiliser la chaise pendant de longues p\u00e9riodes de d\u00e9tente.<\/p>\n<h3>Avantages d&#039;\u00eatre \u00e0 proximit\u00e9 des plans d&#039;eau<\/h3>\n<p>Le poids de cette chaise est <strong>18 kg<\/strong>, il est donc extr\u00eamement stable. Cela signifie qu&#039;il <strong>parfait pour une utilisation pr\u00e8s des lacs, des rivi\u00e8res ou sur les jet\u00e9es<\/strong> \u2013 Le vent n&#039;emportera pas facilement ces meubles. C&#039;est un avantage important pour ceux qui souhaitent un mobilier d&#039;ext\u00e9rieur qui reste en place m\u00eame par temps venteux.<\/p>\n<h3>Long\u00e9vit\u00e9 et entretien facile<\/h3>\n<p>Ce fauteuil est con\u00e7u pour durer de nombreuses ann\u00e9es. Il r\u00e9siste \u00e0 la pluie, au soleil br\u00fblant et aux variations de temp\u00e9rature. Son entretien est extr\u00eamement simple\u00a0: il suffit de l&#039;essuyer de temps en temps avec un chiffon humide. Pour prolonger sa dur\u00e9e de vie, vous pouvez le rafra\u00eechir avec une huile naturelle une fois par saison.<\/p>\n<h3>Donn\u00e9es techniques<\/h3>\n<ul>\n<li>Mat\u00e9riau : bois de pin (trait\u00e9 thermiquement, enduit d&#039;huile naturelle)<\/li>\n<li>Cadre : cadre en m\u00e9tal noir<\/li>\n<li>Couleur : bois fonc\u00e9 naturel + m\u00e9tal noir<\/li>\n<li>Usage : pour usage ext\u00e9rieur et int\u00e9rieur<\/li>\n<li>Compatibilit\u00e9 : pratique pour une utilisation avec des tables jusqu&#039;\u00e0 ~60 cm de hauteur<\/li>\n<li>Possibilit\u00e9 d&#039;ajouter du rembourrage ou des coussins<\/li>\n<li>Poids: <strong>18 kg<\/strong><\/li>\n<\/ul>\n<h3>Pourquoi choisir cette chaise ?<\/h3>\n<p>Ce <strong>chaise longue<\/strong> Plus qu&#039;un simple meuble, c&#039;est un investissement pour votre confort au quotidien, une d\u00e9tente plus saine et une esth\u00e9tique soign\u00e9e. Seuls des mat\u00e9riaux naturels et de haute qualit\u00e9 ont \u00e9t\u00e9 s\u00e9lectionn\u00e9s pour sa fabrication\u00a0: m\u00e9tal, pin et huile naturelle. Tous ces \u00e9l\u00e9ments sont r\u00e9unis pour cr\u00e9er un meuble fiable et durable.<\/p>\n<p>En choisissant ce fauteuil, vous optez non seulement pour un meuble confortable, mais aussi pour une touche d&#039;\u00e9l\u00e9gance \u00e0 votre int\u00e9rieur comme \u00e0 votre ext\u00e9rieur. Il s&#039;int\u00e9grera parfaitement \u00e0 votre jardin, terrasse, tonnelle ou m\u00eame \u00e0 votre salon. Gr\u00e2ce \u00e0 sa polyvalence et sa durabilit\u00e9, ce fauteuil deviendra un lieu de repos privil\u00e9gi\u00e9 pour vous et votre famille.<\/p>\n<\/div>\n<h3>O\u00f9 peut-on utiliser cette chaise ?<\/h3>\n<p>Ce fauteuil est parfait pour une vari\u00e9t\u00e9 d&#039;espaces. Vous pouvez le placer sur <strong>terrasses<\/strong>, <strong>dans le belv\u00e9d\u00e8re<\/strong>, <strong>dans la cour<\/strong>, <strong>au bord de la piscine<\/strong> si <strong>\u00e9tendue d&#039;eau<\/strong>Gr\u00e2ce \u00e0 son poids et \u00e0 sa r\u00e9sistance, la chaise reste stable m\u00eame par temps venteux, ce qui en fait un choix fiable non seulement pour un usage quotidien, mais \u00e9galement pour des \u00e9v\u00e9nements ou pour recevoir des invit\u00e9s.<\/p>\n<p>Contrairement aux meubles en plastique qui se d\u00e9forment et se d\u00e9colorent rapidement, cette chaise est durable. Elle conserve son esth\u00e9tique pendant de nombreuses ann\u00e9es, ce qui en fait non seulement un meuble pratique, mais aussi un accessoire de d\u00e9coration. <strong>comme accent pour l&#039;int\u00e9rieur de votre maison ou de votre ferme<\/strong>.<\/p>\n<h3>Investissement dans la qualit\u00e9<\/h3>\n<p>En achetant cette chaise, vous choisissez un meuble qui ne n\u00e9cessitera pas de remplacement ou de r\u00e9paration constants. <strong>investir dans la qualit\u00e9<\/strong>, ce qui s&#039;av\u00e8re rentable \u00e0 long terme. Chaque d\u00e9tail, de la structure m\u00e9tallique au bois huil\u00e9, est pens\u00e9 pour garantir un confort et une durabilit\u00e9 optimaux.<\/p>\n<p>Vous pouvez en savoir plus sur le traitement thermique du bois<br \/>\n<a href=\"https:\/\/lt.wikipedia.org\/wiki\/Termi%C5%A1kai_apdorota_mediena\" target=\"_blank\" rel=\"noopener\">Sur Wikip\u00e9dia<\/a>.<\/p>\n<p>Vous pouvez essayer ces chaises dans nos fermes de tourisme rural :<br \/>\n<a href=\"https:\/\/sveikatatau.lt\/fr\/villa-arjola\/\" style=\"color:#0066cc; text-decoration:underline;\">Villa Arjola<\/a>,<br \/>\n<a href=\"https:\/\/sveikatatau.lt\/fr\/pirtele-arjola-2-5-zmonems-poilsis-su-kubilu\/\" style=\"color:#0066cc; text-decoration:underline;\">Sauna Arjola<\/a> et<br \/>\n<a href=\"https:\/\/sveikatatau.lt\/fr\/miskas-arjola\/\" style=\"color:#0066cc; text-decoration:underline;\">For\u00eat d&#039;Arjola<\/a>. <\/p>","protected":false},"excerpt":{"rendered":"<p><strong>Tvirtas poilsio kr\u0117slas<\/strong>, pagamintas i\u0161 metalo r\u0117mo ir termi\u0161kai apdorotos pu\u0161in\u0117s medienos, padengtos nat\u016braliu aliejumi.<br \/>\nStabilus net prie vandens telkini\u0173 (svoris \u2013 18 kg), tinka naudoti tiek lauke, tiek viduje. Dar daugiau komforto suteikia pamink\u0161tinimai ar pagalv\u0117l\u0117s.<\/p>","protected":false},"featured_media":3263,"comment_status":"open","ping_status":"closed","template":"","meta":{"_glsr_average":0,"_glsr_ranking":0,"_glsr_reviews":0},"product_brand":[],"product_cat":[23],"product_tag":[],"class_list":{"0":"post-3261","1":"product","2":"type-product","3":"status-publish","4":"has-post-thumbnail","6":"product_cat-tevelio-darbeliai","8":"first","9":"instock","10":"featured","11":"taxable","12":"shipping-taxable","13":"purchasable","14":"product-type-simple"},"_links":{"self":[{"href":"https:\/\/sveikatatau.lt\/fr\/wp-json\/wp\/v2\/product\/3261","targetHints":{"allow":["GET"]}}],"collection":[{"href":"https:\/\/sveikatatau.lt\/fr\/wp-json\/wp\/v2\/product"}],"about":[{"href":"https:\/\/sveikatatau.lt\/fr\/wp-json\/wp\/v2\/types\/product"}],"replies":[{"embeddable":true,"href":"https:\/\/sveikatatau.lt\/fr\/wp-json\/wp\/v2\/comments?post=3261"}],"version-history":[{"count":4,"href":"https:\/\/sveikatatau.lt\/fr\/wp-json\/wp\/v2\/product\/3261\/revisions"}],"predecessor-version":[{"id":3277,"href":"https:\/\/sveikatatau.lt\/fr\/wp-json\/wp\/v2\/product\/3261\/revisions\/3277"}],"wp:featuredmedia":[{"embeddable":true,"href":"https:\/\/sveikatatau.lt\/fr\/wp-json\/wp\/v2\/media\/3263"}],"wp:attachment":[{"href":"https:\/\/sveikatatau.lt\/fr\/wp-json\/wp\/v2\/media?parent=3261"}],"wp:term":[{"taxonomy":"product_brand","embeddable":true,"href":"https:\/\/sveikatatau.lt\/fr\/wp-json\/wp\/v2\/product_brand?post=3261"},{"taxonomy":"product_cat","embeddable":true,"href":"https:\/\/sveikatatau.lt\/fr\/wp-json\/wp\/v2\/product_cat?post=3261"},{"taxonomy":"product_tag","embeddable":true,"href":"https:\/\/sveikatatau.lt\/fr\/wp-json\/wp\/v2\/product_tag?post=3261"}],"curies":[{"name":"wp","href":"https:\/\/api.w.org\/{rel}","templated":true}]}}