{"id":734,"date":"2025-04-11T09:29:00","date_gmt":"2025-04-11T09:29:00","guid":{"rendered":"http:\/\/sveikatatau.lt\/?post_type=product&#038;p=734"},"modified":"2025-10-22T08:06:38","modified_gmt":"2025-10-22T08:06:38","slug":"kubilas-ant-priekabos","status":"publish","type":"product","link":"https:\/\/sveikatatau.lt\/fr\/produit\/kubilas-ant-priekabos\/","title":{"rendered":"Spa sur remorque"},"content":{"rendered":"<div style=\"font-size:16px; line-height:1.6; color:#333;\">\n<h2>Spa sur remorque \u2013 d\u00e9tente mobile partout<\/h2>\n<p><strong>Spa sur remorque<\/strong> \u2013 est une solution exclusive qui vous permet de profiter du luxe et du confort o\u00f9 que vous soyez. Ce spa mobile est \u00e9quip\u00e9 <em>syst\u00e8me d&#039;hydromassage<\/em>, <em>massage \u00e0 air<\/em>, <em>\u00c9clairage LED<\/em> et moderne <em>\u00c9quipement audio Bluetooth<\/em>C&#039;est comme un spa mobile que vous pouvez emporter en voyage, \u00e0 la campagne, \u00e0 une f\u00eate ou \u00e0 un \u00e9v\u00e9nement. Pr\u00eat \u00e0 l&#039;emploi, il est \u00e9quip\u00e9 de freins, de feux et de tous les permis de circulation\u00a0; il vous suffit de le brancher \u00e0 votre voiture et de partir.<\/p>\n<h3>Caract\u00e9ristiques techniques et fonctions<\/h3>\n<ul>\n<li><strong>\u00c9clairage LED :<\/strong> offre une ambiance chaleureuse le soir.<\/li>\n<li><strong>Syst\u00e8me d&#039;hydromassage :<\/strong> aide \u00e0 d\u00e9tendre et apaiser les muscles.<\/li>\n<li><strong>Massage \u00e0 air :<\/strong> De petites bulles cr\u00e9ent un effet spa.<\/li>\n<li><strong>Musique Bluetooth :<\/strong> Des haut-parleurs de haute qualit\u00e9 vous permettent d&#039;\u00e9couter votre musique pr\u00e9f\u00e9r\u00e9e.<\/li>\n<li><strong>Four:<\/strong> chauffage efficace de l&#039;eau au bois.<\/li>\n<li><strong>S\u00e9curit\u00e9:<\/strong> remorque avec syst\u00e8me de freinage et feux, adapt\u00e9e \u00e0 la circulation routi\u00e8re.<\/li>\n<\/ul>\n<h3>Commodit\u00e9 et mobilit\u00e9<\/h3>\n<p>Ce <strong>spa sur remorque<\/strong> Con\u00e7u pour ceux qui souhaitent profiter pleinement des plaisirs du SPA. Vous pouvez l&#039;installer au bord d&#039;un lac, dans une maison de campagne, au pied des montagnes ou m\u00eame pr\u00e8s de chez vous. Gr\u00e2ce \u00e0 sa conception compacte, ce spa est facile \u00e0 transporter et occupe peu d&#039;espace. Si n\u00e9cessaire, il peut \u00eatre rang\u00e9 dans un garage ou un entrep\u00f4t.<\/p>\n<h3>Domaines d&#039;application<\/h3>\n<p><strong>Spa mobile<\/strong> convient non seulement aux loisirs en famille, mais aussi \u00e0 divers \u00e9v\u00e9nements :<\/p>\n<ul>\n<li>Pour les mariages et les anniversaires ;<\/li>\n<li>Pour les f\u00eates d&#039;entreprise et les \u00e9v\u00e9nements de team building ;<\/li>\n<li>Dans des propri\u00e9t\u00e9s touristiques rurales ou pour des activit\u00e9s de location ;<\/li>\n<li>Pour sorties nature ou camping-cars.<\/li>\n<\/ul>\n<h3>Entretien et durabilit\u00e9<\/h3>\n<p>Le spa est fabriqu\u00e9 \u00e0 partir de mat\u00e9riaux robustes et durables, r\u00e9sistants \u00e0 l&#039;humidit\u00e9, \u00e0 la chaleur et au froid. L&#039;\u00e9clairage LED et le syst\u00e8me audio sont adapt\u00e9s \u00e0 une utilisation en ext\u00e9rieur. Son entretien est facile\u00a0: il suffit de nettoyer r\u00e9guli\u00e8rement l&#039;int\u00e9rieur et de v\u00e9rifier le syst\u00e8me de filtration. La vidange et le nettoyage sont int\u00e9gr\u00e9s pour une utilisation ais\u00e9e.<\/p>\n<h3>Livraison et montage<\/h3>\n<p>Nous pouvons livrer le spa mont\u00e9 et pr\u00eat \u00e0 l&#039;emploi. Si vous habitez plus loin, vous pouvez le transporter mont\u00e9, car la structure est d\u00e9montable et prend beaucoup moins de place. Ainsi, les frais de transport seront r\u00e9duits. La livraison est possible non seulement en Lituanie, mais aussi \u00e0 l&#039;\u00e9tranger\u00a0; nous coordonnons tout individuellement. Le prix d\u00e9pend de la distance et du mode de transport choisi.<\/p>\n<h3>Pourquoi choisir un spa sur remorque ?<\/h3>\n<ul>\n<li>\u2714 Quatre en un : <strong>hydromassage, massage \u00e0 air, LED, musique<\/strong>.<\/li>\n<li>\u2714 Mobilit\u00e9 \u2013 emportez le confort avec vous.<\/li>\n<li>\u2714 Convient pour la famille, les amis, les affaires ou les \u00e9v\u00e9nements.<\/li>\n<li>\u2714 Mat\u00e9riaux durables et \u00e9quipements modernes.<\/li>\n<li>\u2714 Entretien et utilisation faciles.<\/li>\n<\/ul>\n<h3>FAQ - Foire aux questions<\/h3>\n<p><strong>Question:<\/strong> Le spa est-il adapt\u00e9 \u00e0 une utilisation en hiver ?<br \/>\n     <strong>R\u00e9pondre:<\/strong> Oui, la conception est adapt\u00e9e \u00e0 une utilisation en hiver, l&#039;eau chauffe rapidement et les fonctions de massage fonctionnent quel que soit le temps.<\/p>\n<p><strong>Question:<\/strong> Puis-je connecter mon t\u00e9l\u00e9phone au syst\u00e8me audio ?<br \/>\n     <strong>R\u00e9pondre:<\/strong> Oui, le spa dispose d&#039;un syst\u00e8me audio Bluetooth, qui vous permet d&#039;\u00e9couter de la musique directement depuis votre t\u00e9l\u00e9phone.<\/p>\n<p><strong>Question:<\/strong> Combien de personnes peuvent tenir dans un spa ?<br \/>\n     <strong>R\u00e9pondre:<\/strong> Selon le mod\u00e8le, il peut g\u00e9n\u00e9ralement accueillir confortablement 6 \u00e0 8 personnes.<\/p>\n<p><strong>Question:<\/strong> Ai-je besoin de permis sp\u00e9ciaux pour conduire un spa sur une remorque ?<br \/>\n     <strong>R\u00e9pondre:<\/strong> Non, la remorque dispose d&#039;un syst\u00e8me de freinage, de feux et de tous les documents n\u00e9cessaires \u00e0 la circulation routi\u00e8re.<\/p>\n<h3>Informations Compl\u00e9mentaires<\/h3>\n<p>\u00c0 propos de nous <a href=\"https:\/\/lt.wikipedia.org\/wiki\/Kubilas\" target=\"_blank\" rel=\"noopener\">Vous pouvez en savoir plus sur les jacuzzis sur Wikip\u00e9dia.<\/a>Nous vous invitons \u00e9galement \u00e0 consulter nos autres produits \u2013 <a href=\"https:\/\/sveikatatau.lt\/fr\/tevelio-darbeliai\/\">Le travail du p\u00e8re<\/a>.<\/p>\n<div style=\"margin:18px 0; padding:14px 16px; background:#f7f7f7; border-radius:10px;\">\n    Des questions ? \u00c9crivez <a href=\"mailto:sveikatatau@gmail.com\">sveikatatau@gmail.com<\/a> ou appelez<br \/>\n    <a href=\"tel:+37061246039\">+370 612 46039<\/a>Nous nous ferons un plaisir de vous conseiller sur les possibilit\u00e9s de livraison, d&#039;entretien et d&#039;utilisation.\n  <\/div>\n<\/div>\n<h3>Spa sur remorque \u2013 praticit\u00e9 et commodit\u00e9<\/h3>\n<p><strong>Spa sur remorque<\/strong> C&#039;est un excellent choix pour ceux qui privil\u00e9gient le confort et la mobilit\u00e9. Contrairement aux spas fixes, ce mod\u00e8le vous permet de profiter de l&#039;eau chaude et des massages o\u00f9 que vous soyez\u00a0: au bord d&#039;un lac, \u00e0 la campagne ou m\u00eame en voyage. Sa mobilit\u00e9 offre une plus grande libert\u00e9 pour organiser des vacances ou des \u00e9v\u00e9nements, car le spa se transporte facilement l\u00e0 o\u00f9 vous en avez le plus besoin.<\/p>\n<h3>Avantages de l&#039;utilisation<\/h3>\n<ul>\n<li><strong>Flexibilit\u00e9:<\/strong> Le bain \u00e0 remous peut \u00eatre utilis\u00e9 aussi bien pour la d\u00e9tente priv\u00e9e que pour des \u00e9v\u00e9nements publics.<\/li>\n<li><strong>\u00c9conomie:<\/strong> Vous n&#039;avez pas besoin d&#039;avoir un appareil stationnaire au m\u00eame endroit en permanence : le spa voyage avec vous.<\/li>\n<li><strong>S\u00e9curit\u00e9:<\/strong> La remorque est \u00e9quip\u00e9e d&#039;un syst\u00e8me de freinage, d&#039;un \u00e9clairage et d&#039;autorisations de circulation, le transport est donc totalement l\u00e9gal et s\u00fbr.<\/li>\n<li><strong>Rangement pratique :<\/strong> Lorsqu&#039;il n&#039;est pas utilis\u00e9, le spa peut \u00eatre rang\u00e9 dans le garage ou recouvert dans la cour avec une couverture sp\u00e9ciale.<\/li>\n<\/ul>\n<h3>\u00c0 qui s&#039;adresse-t-il ?<\/h3>\n<p><strong>Spa sur remorque<\/strong> Convient aussi bien aux loisirs en famille qu&#039;aux s\u00e9jours de tourisme rural ou aux organisateurs d&#039;\u00e9v\u00e9nements. C&#039;est non seulement une fa\u00e7on agr\u00e9able de passer son temps libre, mais aussi un investissement g\u00e9n\u00e9rant des revenus suppl\u00e9mentaires, car le spa est disponible \u00e0 la location. Son design moderne, son \u00e9clairage LED et son syst\u00e8me audio cr\u00e9ent une atmosph\u00e8re unique, faisant du spa le centre d&#039;attraction de tout \u00e9v\u00e9nement.<\/p>\n<h3>Options suppl\u00e9mentaires<\/h3>\n<p>Livraison disponible dans toute la Lituanie et m\u00eame au-del\u00e0 des fronti\u00e8res. Selon vos besoins. <strong>spa sur remorque<\/strong> Transportable mont\u00e9 et d\u00e9mont\u00e9, il r\u00e9duit les co\u00fbts de transport vers les pays lointains. Nous fournissons syst\u00e9matiquement \u00e0 nos clients des instructions d&#039;utilisation et d&#039;entretien pour une longue dur\u00e9e de vie. Cette solution allie mobilit\u00e9, luxe et praticit\u00e9.<\/p>\n<p>D\u00e9couvrez aussi le n\u00f4tre <a href=\"https:\/\/sveikatatau.lt\/fr\/produit\/lauko-baldai-1plus6\/\">mobilier d&#039;ext\u00e9rieur 1+6<\/a> \u2013 ensemble moderne avec table et 6 chaises.<\/p>","protected":false},"excerpt":{"rendered":"<p>Spa mobile avec hydromassage, \u00e9clairage LED et syst\u00e8me audio Bluetooth - d\u00e9tendez-vous o\u00f9 vous le souhaitez !<\/p>","protected":false},"featured_media":221,"comment_status":"open","ping_status":"closed","template":"","meta":{"_glsr_average":0,"_glsr_ranking":0,"_glsr_reviews":0},"product_brand":[],"product_cat":[52],"product_tag":[],"class_list":{"0":"post-734","1":"product","2":"type-product","3":"status-publish","4":"has-post-thumbnail","6":"product_cat-kubilai","8":"first","9":"instock","10":"taxable","11":"shipping-taxable","12":"purchasable","13":"product-type-simple"},"_links":{"self":[{"href":"https:\/\/sveikatatau.lt\/fr\/wp-json\/wp\/v2\/product\/734","targetHints":{"allow":["GET"]}}],"collection":[{"href":"https:\/\/sveikatatau.lt\/fr\/wp-json\/wp\/v2\/product"}],"about":[{"href":"https:\/\/sveikatatau.lt\/fr\/wp-json\/wp\/v2\/types\/product"}],"replies":[{"embeddable":true,"href":"https:\/\/sveikatatau.lt\/fr\/wp-json\/wp\/v2\/comments?post=734"}],"version-history":[{"count":8,"href":"https:\/\/sveikatatau.lt\/fr\/wp-json\/wp\/v2\/product\/734\/revisions"}],"predecessor-version":[{"id":3209,"href":"https:\/\/sveikatatau.lt\/fr\/wp-json\/wp\/v2\/product\/734\/revisions\/3209"}],"wp:featuredmedia":[{"embeddable":true,"href":"https:\/\/sveikatatau.lt\/fr\/wp-json\/wp\/v2\/media\/221"}],"wp:attachment":[{"href":"https:\/\/sveikatatau.lt\/fr\/wp-json\/wp\/v2\/media?parent=734"}],"wp:term":[{"taxonomy":"product_brand","embeddable":true,"href":"https:\/\/sveikatatau.lt\/fr\/wp-json\/wp\/v2\/product_brand?post=734"},{"taxonomy":"product_cat","embeddable":true,"href":"https:\/\/sveikatatau.lt\/fr\/wp-json\/wp\/v2\/product_cat?post=734"},{"taxonomy":"product_tag","embeddable":true,"href":"https:\/\/sveikatatau.lt\/fr\/wp-json\/wp\/v2\/product_tag?post=734"}],"curies":[{"name":"wp","href":"https:\/\/api.w.org\/{rel}","templated":true}]}}