{"id":738,"date":"2025-04-11T11:27:09","date_gmt":"2025-04-11T11:27:09","guid":{"rendered":"http:\/\/sveikatatau.lt\/?post_type=product&#038;p=738"},"modified":"2025-10-22T08:05:34","modified_gmt":"2025-10-22T08:05:34","slug":"plienine-lauzaviete","status":"publish","type":"product","link":"https:\/\/sveikatatau.lt\/fr\/produit\/plienine-lauzaviete\/","title":{"rendered":"Foyer en acier"},"content":{"rendered":"<div style=\"font-size: 16px; line-height: 1.6; color: #333;\">\n<h2>Foyer en acier \u2013 une solution durable pour votre jardin<\/h2>\n<p><strong>Foyer en acier<\/strong> \u2013 c&#039;est un produit fiable et pratique qui remplit deux fonctions en une. Il sert de coussin douillet <em>feu de camp<\/em> pour cr\u00e9er du feu et \u00e0 quel point c&#039;est pratique <em>barbecue<\/em> pour pr\u00e9parer de d\u00e9licieux plats. Tels <strong>barbecue en m\u00e9tal<\/strong> permet d&#039;\u00e9conomiser de l&#039;espace, du temps et de l&#039;argent car il n&#039;est pas n\u00e9cessaire d&#039;avoir deux appareils distincts.<\/p>\n<h3>Caract\u00e9ristiques techniques et construction<\/h3>\n<ul>\n<li><strong>Dimensions:<\/strong> 100 \u00d7 100 \u00d7 60 cm \u2013 une taille pratique pour un d\u00eener de famille ou une r\u00e9union d\u2019amis.<\/li>\n<li><strong>Poids:<\/strong> 74 kg \u2013 stable et s\u00fbr \u00e0 utiliser dans n\u2019importe quelle cour.<\/li>\n<li><strong>Mat\u00e9riel:<\/strong> acier \u00e9pais, r\u00e9sistant \u00e0 la chaleur et aux intemp\u00e9ries.<\/li>\n<li><strong>Enl\u00e8vement des cendres :<\/strong> Le syst\u00e8me s&#039;ouvre en soulevant une plaque inf\u00e9rieure sp\u00e9ciale. Cette conception assure \u00e9galement une circulation d&#039;air optimale.<\/li>\n<li><strong>Utilisation toute l&#039;ann\u00e9e :<\/strong> convient aussi bien pour l&#039;\u00e9t\u00e9 que pour l&#039;hiver - r\u00e9chauffe et procure du confort.<\/li>\n<\/ul>\n<h3>Principaux avantages<\/h3>\n<ul>\n<li>\u2714 Double usage \u2013 <strong>foyer et barbecue en acier<\/strong> dans un seul produit.<\/li>\n<li>\u2714 Acier durable, entretien facile \u2013 moins de soucis, plus de plaisir.<\/li>\n<li>\u2714 Circulation d&#039;air pratique - le feu s&#039;allume plus rapidement et br\u00fble plus uniform\u00e9ment.<\/li>\n<li>\u2714 Construction durable et stable - sans danger pour la famille et les invit\u00e9s.<\/li>\n<li>\u2714 Design neutre \u2013 s\u2019int\u00e8gre dans une ferme ou une terrasse moderne.<\/li>\n<\/ul>\n<h3>Utilisation et gaspillage<\/h3>\n<p><strong>Foyer en acier<\/strong> Il ne convient pas seulement pour r\u00f4tir des steaks ou des l\u00e9gumes. Il peut \u00e9galement \u00eatre utilis\u00e9 pour br\u00fbler <strong>d\u00e9chets de papier inoffensifs<\/strong> (par exemple, des emballages sans plastique ni peinture). Cela permettra non seulement de ranger votre maison, mais aussi de cr\u00e9er un feu de chemin\u00e9e agr\u00e9able pour les soir\u00e9es.<\/p>\n<h3>O\u00f9 peut-il \u00eatre utilis\u00e9 ?<\/h3>\n<p><strong>Foyer en acier<\/strong> Id\u00e9al pour un jardin, une propri\u00e9t\u00e9, un espace de loisirs ou un camping. Sa surface de 100 x 100 cm permet de cuisiner en famille ou entre amis, et sa hauteur de 60 cm facilite l&#039;entretien du feu. C&#039;est un excellent choix pour les deux. <em>pour une chemin\u00e9e dans la cour<\/em>, les deux <em>pour une chemin\u00e9e de ferme<\/em>.<\/p>\n<h3>Entretien<\/h3>\n<ul>\n<li>Apr\u00e8s utilisation, laissez refroidir la structure et secouez les cendres en soulevant la plaque inf\u00e9rieure.<\/li>\n<li>Nettoyer la grille avec une brosse, appliquer une fine couche d&#039;huile si n\u00e9cessaire.<\/li>\n<li>En fin de saison, nous vous conseillons de le stocker sous un abri ou d&#039;utiliser une housse.<\/li>\n<\/ul>\n<h3>Livraison et assistance<\/h3>\n<p>Nous livrons le produit sous 3 \u00e0 5 jours ouvr\u00e9s dans toute la Lituanie. Vous pouvez \u00e9galement venir le r\u00e9cup\u00e9rer \u00e0 notre atelier de Kaltan\u0117nai. Pour toute question, nous vous conseillerons sur son utilisation optimale. <strong>chemin\u00e9es en acier<\/strong> des opportunit\u00e9s tout au long de l&#039;ann\u00e9e.<\/p>\n<h3>FAQ - Foire aux questions<\/h3>\n<p><strong>Question:<\/strong> Est-ce <strong>chemin\u00e9e en acier<\/strong> convient pour une terrasse ?<br \/>\n<strong>R\u00e9pondre:<\/strong> Oui, si la terrasse est ininflammable et que les exigences de s\u00e9curit\u00e9 sont respect\u00e9es. Nous recommandons une protection de sol r\u00e9sistante \u00e0 la chaleur.<\/p>\n<p><strong>Question:<\/strong> Peut-on br\u00fbler tous les d\u00e9chets ?<br \/>\n<strong>R\u00e9pondre:<\/strong> Non, seuls les emballages en papier inoffensifs, sans plastique ni produits chimiques, peuvent \u00eatre br\u00fbl\u00e9s. Les mat\u00e9riaux en plastique, peints ou vernis sont interdits.<\/p>\n<p><strong>Question:<\/strong> Une configuration individuelle est-elle possible ?<br \/>\n<strong>R\u00e9pondre:<\/strong> Oui, nous pouvons proposer des accessoires ou personnaliser la solution selon vos besoins - veuillez nous contacter.<\/p>\n<p><strong>Question:<\/strong> Est <strong>chemin\u00e9e en acier<\/strong> adapt\u00e9 \u00e0 l&#039;hiver ?<br \/>\n<strong>R\u00e9pondre:<\/strong> Oui, la structure en acier r\u00e9siste au froid et \u00e0 la chaleur, elle peut donc \u00eatre utilis\u00e9e toute l&#039;ann\u00e9e.<\/p>\n<p><strong>Question:<\/strong> Comment les cendres sont-elles \u00e9limin\u00e9es ?<br \/>\n<strong>R\u00e9pondre:<\/strong> Les cendres tombent en soulevant la plaque inf\u00e9rieure, ce qui assure l&#039;alimentation en air et facilite la combustion.<\/p>\n<p><strong>Question:<\/strong> Le barbecue est-il assez grand pour un d\u00eener de famille ?<br \/>\n<strong>R\u00e9pondre:<\/strong> Oui, gr\u00e2ce \u00e0 la surface de 100\u00d7100 cm, vous pouvez facilement pr\u00e9parer des aliments pour 6 \u00e0 8 personnes en m\u00eame temps.<\/p>\n<p><strong>Question:<\/strong> Combien cela p\u00e8se-t-il ? <strong>chemin\u00e9e en acier<\/strong>?<br \/>\n<strong>R\u00e9pondre:<\/strong> Le poids de l&#039;appareil est de 74 kg. Cela garantit sa stabilit\u00e9, mais permet \u00e0 deux personnes de le d\u00e9placer si n\u00e9cessaire.<\/p>\n<p><strong>Question:<\/strong> Combien de temps prend la livraison ?<br \/>\n<strong>R\u00e9pondre:<\/strong> Nous livrons sous 3 \u00e0 5 jours ouvr\u00e9s dans toute la Lituanie. Vous pouvez \u00e9galement venir chercher votre commande \u00e0 notre atelier de Kaltan\u0117nai.<\/p>\n<h3>Conseils d&#039;utilisation<\/h3>\n<p>Pour allumer un feu plus rapidement, commencez avec des copeaux secs et des morceaux de bois plus petits, puis ajoutez des morceaux plus \u00e9pais \u2013 comme ceci <strong>chemin\u00e9e en acier<\/strong> Pour une combustion uniforme, utilisez un feu moyen pour la cuisson\u00a0: les aliments cuiront uniform\u00e9ment et ne br\u00fbleront pas. N&#039;oubliez pas que la plaque inf\u00e9rieure permet non seulement de secouer les cendres, mais aussi d&#039;assurer la circulation de l&#039;air, pour une combustion plus stable. Apr\u00e8s utilisation, laissez l&#039;appareil refroidir, puis retirez les cendres.<\/p>\n<p>Pour plus de conseils de p\u00e2tisserie, voir <a href=\"https:\/\/www.delfi.lt\/maistas\" target=\"_blank\" rel=\"noopener\">ici<\/a>.<\/p>\n<p>D\u00e9couvrez aussi le n\u00f4tre <a href=\"https:\/\/sveikatatau.lt\/fr\/tevelio-darbeliai\/\">Le travail du p\u00e8re<\/a> \u2013 vous trouverez plus de produits pour votre jardin.<\/p>\n<p><strong>Foyer en acier<\/strong> est durable et pratique. En savoir plus sur les foyers <a href=\"https:\/\/lt.wikipedia.org\/wiki\/Lau%C5%BEaviet%C4%97\" target=\"_blank\" rel=\"noopener\">Sur Wikip\u00e9dia<\/a>.<\/p>\n<div style=\"margin: 18px 0; padding: 14px 16px; background: #f7f7f7; border-radius: 10px;\">\nDes questions ? \u00c9crivez <a href=\"mailto:arunas@sveikatatau.lt\">arunas@sveikatatau.lt<\/a> ou appelez <a href=\"tel:+37061246039\">+370 612 46039<\/a>Nous vous aiderons \u00e0 choisir et vous conseillerons sur la meilleure fa\u00e7on de l&#039;utiliser. <strong>chemin\u00e9e en acier<\/strong>.\n<\/div>\n<\/div>","protected":false},"excerpt":{"rendered":"<h2>Plienin\u0117 lau\u017eaviet\u0117 \u2013 patvari ir ilgaam\u017e\u0117<\/h2>\n<p><strong>chemin\u00e9e en acier<\/strong> \u2013 tai patvari ir ilgaam\u017e\u0117 metalin\u0117 kepsnin\u0117, tinkanti tiek kiemui, tiek sodybai. Tokia lau\u017eaviet\u0117 maisto gaminimui u\u017etikrina patogum\u0105, nes ant jos lengva kepti m\u0117s\u0105, \u017euv\u012f ar dar\u017eoves. \u0160i plienin\u0117 kepsnin\u0117 i\u0161siskiria tvirtumu ir paprasta prie\u017ei\u016bra, tod\u0117l ji tarnauja daugel\u012f met\u0173. Jei ie\u0161kote sprendimo vasaros vakarams ar i\u0161kyloms, lau\u017eaviet\u0117 su groteli\u0173 sistema bus puikus pasirinkimas.<\/p>","protected":false},"featured_media":246,"comment_status":"open","ping_status":"closed","template":"","meta":{"_glsr_average":0,"_glsr_ranking":0,"_glsr_reviews":0},"product_brand":[],"product_cat":[23],"product_tag":[],"class_list":{"0":"post-738","1":"product","2":"type-product","3":"status-publish","4":"has-post-thumbnail","6":"product_cat-tevelio-darbeliai","8":"first","9":"instock","10":"taxable","11":"shipping-taxable","12":"purchasable","13":"product-type-simple"},"_links":{"self":[{"href":"https:\/\/sveikatatau.lt\/fr\/wp-json\/wp\/v2\/product\/738","targetHints":{"allow":["GET"]}}],"collection":[{"href":"https:\/\/sveikatatau.lt\/fr\/wp-json\/wp\/v2\/product"}],"about":[{"href":"https:\/\/sveikatatau.lt\/fr\/wp-json\/wp\/v2\/types\/product"}],"replies":[{"embeddable":true,"href":"https:\/\/sveikatatau.lt\/fr\/wp-json\/wp\/v2\/comments?post=738"}],"version-history":[{"count":16,"href":"https:\/\/sveikatatau.lt\/fr\/wp-json\/wp\/v2\/product\/738\/revisions"}],"predecessor-version":[{"id":3184,"href":"https:\/\/sveikatatau.lt\/fr\/wp-json\/wp\/v2\/product\/738\/revisions\/3184"}],"wp:featuredmedia":[{"embeddable":true,"href":"https:\/\/sveikatatau.lt\/fr\/wp-json\/wp\/v2\/media\/246"}],"wp:attachment":[{"href":"https:\/\/sveikatatau.lt\/fr\/wp-json\/wp\/v2\/media?parent=738"}],"wp:term":[{"taxonomy":"product_brand","embeddable":true,"href":"https:\/\/sveikatatau.lt\/fr\/wp-json\/wp\/v2\/product_brand?post=738"},{"taxonomy":"product_cat","embeddable":true,"href":"https:\/\/sveikatatau.lt\/fr\/wp-json\/wp\/v2\/product_cat?post=738"},{"taxonomy":"product_tag","embeddable":true,"href":"https:\/\/sveikatatau.lt\/fr\/wp-json\/wp\/v2\/product_tag?post=738"}],"curies":[{"name":"wp","href":"https:\/\/api.w.org\/{rel}","templated":true}]}}