{"id":1245,"date":"2025-04-12T11:23:55","date_gmt":"2025-04-12T11:23:55","guid":{"rendered":"http:\/\/sveikatatau.lt\/?page_id=1245"},"modified":"2025-10-08T02:00:53","modified_gmt":"2025-10-08T02:00:53","slug":"musu-kontaktai","status":"publish","type":"page","link":"https:\/\/sveikatatau.lt\/it\/musu-kontaktai\/","title":{"rendered":"I nostri contatti"},"content":{"rendered":"\t\t<div data-elementor-type=\"wp-page\" data-elementor-id=\"1245\" class=\"elementor elementor-1245\" data-elementor-post-type=\"page\">\n\t\t\t\t<div class=\"elementor-element elementor-element-bb0ed0c e-flex e-con-boxed e-con e-parent\" data-id=\"bb0ed0c\" data-element_type=\"container\" data-e-type=\"container\">\n\t\t\t\t\t<div class=\"e-con-inner\">\n\t\t\t\t<div class=\"elementor-element elementor-element-f8800ab elementor-widget elementor-widget-html\" data-id=\"f8800ab\" data-element_type=\"widget\" data-e-type=\"widget\" data-widget_type=\"html.default\">\n\t\t\t\t\t<div style=\"font-family: Arial, sans-serif; max-width: 1000px; margin: auto; padding: 20px;\">\r\n  <h2 style=\"text-align: center;\">\ud83d\udc96 T\u0117velio darbeliai ir ofisas<\/h2>\r\n  <p>\r\n    \ud83d\udccd \u0160ven\u010dion\u0117li\u0173 g. 16, Kaltan\u0117nai, \u0160ven\u010dioni\u0173 raj.<br>\r\n    \ud83d\udcee Pa\u0161to kodas: LT-18239<br>\r\n    \ud83d\udcde Ar\u016bnas: <a href=\"tel:+37061246039\" style=\"color: #2a8052; text-decoration: none; font-weight: 600;\">+370 612 46039<\/a><br>\r\n    \ud83d\udcde Jolanta: <a href=\"tel:+37061246031\" style=\"color: #2a8052; text-decoration: none; font-weight: 600;\">+370 612 46031<\/a><br>\r\n    \ud83d\udce7 El. pa\u0161tas: <a href=\"mailto:sveikatatau@gmail.com\" style=\"color: #0066cc; text-decoration: none;\">sveikatatau@gmail.com<\/a>\r\n  <\/p>\r\n\r\n  <h2 style=\"text-align: center;\">\ud83c\udfe1 Sodyb\u0173 adresai:<\/h2>\r\n  <ul>\r\n    <li><strong>Villa Arjola:<\/strong> \ud83d\udccd \u0160ven\u010dion\u0117li\u0173 g. 16, Kaltan\u0117nai \u2014 \ud83c\udf0a prie \u017deimenos up\u0117s ir \u017deimenio e\u017eero<\/li>\r\n    <li><strong>Pirtel\u0117 Arjola:<\/strong> \ud83d\udccd \u0160ven\u010dion\u0117li\u0173 g. 16A, Kaltan\u0117nai \u2014 \ud83c\udf0a ant \u017deimenio e\u017eero kranto<\/li>\r\n    <li><strong>Mi\u0161kas Arjola:<\/strong> \ud83d\udccd O\u017ekini\u0173 mi\u0161kelis \u2014 \ud83c\udf32 eglyn\u0173 ir pu\u0161yn\u0173 mi\u0161kai, \u017deimenio e\u017eero pakrant\u0117<\/li>\r\n  <\/ul>\r\n\r\n  <div style=\"display: flex; flex-wrap: wrap; justify-content: space-between; margin-top: 30px;\">\r\n    <div style=\"flex: 1; min-width: 300px; padding: 10px;\">\r\n      <h3 style=\"text-align: center;\">Mi\u0161kas Arjola<\/h3>\r\n      <iframe src=\"https:\/\/www.google.com\/maps?q=55.266804,26.015804&z=15&output=embed\" width=\"100%\" height=\"300\" style=\"border:0;\" allowfullscreen=\"\" loading=\"lazy\"><\/iframe>\r\n    <\/div>\r\n    <div style=\"flex: 1; min-width: 300px; padding: 10px;\">\r\n      <h3 style=\"text-align: center;\">Villa Arjola & Pirtel\u0117 Arjola<\/h3>\r\n      <iframe src=\"https:\/\/www.google.com\/maps?q=55.247990,25.993194&z=15&output=embed\" width=\"100%\" height=\"300\" style=\"border:0;\" allowfullscreen=\"\" loading=\"lazy\"><\/iframe>\r\n    <\/div>\r\n  <\/div>\r\n<\/div>\r\n\t\t\t\t<\/div>\n\t\t\t\t\t<\/div>\n\t\t\t\t<\/div>\n\t\t<div class=\"elementor-element elementor-element-52295c8 e-flex e-con-boxed e-con e-parent\" data-id=\"52295c8\" data-element_type=\"container\" data-e-type=\"container\">\n\t\t\t\t\t<div class=\"e-con-inner\">\n\t\t\t\t<div class=\"elementor-element elementor-element-5f46847 elementor-widget elementor-widget-html\" data-id=\"5f46847\" data-element_type=\"widget\" data-e-type=\"widget\" data-widget_type=\"html.default\">\n\t\t\t\t\t<div style=\"max-width: 1000px; margin: 40px auto; padding: 20px; display: flex; flex-wrap: wrap; gap: 30px; justify-content: center; align-items: flex-start; background-color: #fff7ec; border-radius: 16px; box-shadow: 0 0 20px rgba(0,0,0,0.05);\">\r\n  \r\n  <!-- Mygtuk\u0173 dalis -->\r\n  <div style=\"flex: 1 1 300px; text-align: center;\">\r\n    <h2 style=\"margin-bottom: 10px;\">Norite su\u017einoti daugiau?<\/h2>\r\n    <p style=\"margin-bottom: 20px;\">Kvie\u010diame apsilankyti m\u016bs\u0173 kituose puslapiuose:<\/p>\r\n\r\n    <a href=\"http:\/\/sveikatatau.lt\/\"\r\n       style=\"display:inline-block;margin:8px;padding:10px 22px;background-color:#37474F;color:#fff;text-decoration:none;border-radius:30px;font-weight:600;\">\r\n      \ud83c\udfe0 Pagrindinis\r\n    <\/a>\r\n\r\n    <a href=\"http:\/\/sveikatatau.lt\/tevelio-darbeliai\"\r\n       style=\"display:inline-block;margin:8px;padding:10px 22px;background-color:#ff5722;color:#fff;text-decoration:none;border-radius:30px;font-weight:600;\">\r\n      \ud83e\udeb5 T\u0117velio darbeliai\r\n    <\/a>\r\n\r\n    <a href=\"http:\/\/sveikatatau.lt\/tevelio-darbeliai\/kubilai\/\"\r\n       style=\"display:inline-block;margin:8px;padding:10px 22px;background-color:#2196f3;color:#fff;text-decoration:none;border-radius:30px;font-weight:600;\">\r\n      \ud83d\udec1 Kubilai\r\n    <\/a>\r\n\r\n    <a href=\"http:\/\/sveikatatau.lt\/kaimo-turizmas\"\r\n       style=\"display:inline-block;margin:8px;padding:10px 22px;background-color:#4caf50;color:#fff;text-decoration:none;border-radius:30px;font-weight:600;\">\r\n      \ud83c\udfde\ufe0f Kaimo turizmas\r\n    <\/a>\r\n  <\/div>\r\n  \r\n  <!-- Rekvizit\u0173 dalis -->\r\n  <div style=\"flex: 1 1 300px; font-size: 14px; background-color: #ffffff; padding: 20px; border: 1px solid #e0e0e0; border-radius: 12px;\">\r\n    <h3 style=\"margin-bottom: 10px;\">\u201eSveikata Tau\u201c UAB<\/h3>\r\n    <ul style=\"list-style: none; padding: 0; margin: 0;\">\r\n      <li><strong>\u012emon\u0117s kodas:<\/strong> 302589600<\/li>\r\n      <li><strong>PVM kodas:<\/strong> LT100005888913<\/li>\r\n      <li><strong>Ofiso adresas:<\/strong> \u0160ven\u010dion\u0117li\u0173 g. 16, Kaltan\u0117nai, \u0160ven\u010dioni\u0173 raj., LT-18239<\/li>\r\n      <li><strong>Bankas:<\/strong> SEB<\/li>\r\n      <li><strong>SWIFT kodas:<\/strong> CBVILT2X<\/li>\r\n      <li><strong>Banko kodas:<\/strong> 70440<\/li>\r\n      <li><strong>IBAN:<\/strong> LT50704406000777822<\/li>\r\n      <li><strong>Tel.:<\/strong> <a href=\"tel:+37061246031\" style=\"color:#000;text-decoration:underline;\">+370 612 46031<\/a><\/li>\r\n      <li><strong>Kontaktinis asmuo:<\/strong> Jolanta Baranauskien\u0117<\/li>\r\n    <\/ul>\r\n  <\/div>\r\n\r\n<\/div>\r\n\t\t\t\t<\/div>\n\t\t\t\t\t<\/div>\n\t\t\t\t<\/div>\n\t\t<div class=\"elementor-element elementor-element-294158e e-flex e-con-boxed e-con e-parent\" data-id=\"294158e\" data-element_type=\"container\" data-e-type=\"container\">\n\t\t\t\t\t<div class=\"e-con-inner\">\n\t\t\t\t<div class=\"elementor-element elementor-element-d5f65bc elementor-widget elementor-widget-text-editor\" data-id=\"d5f65bc\" data-element_type=\"widget\" data-e-type=\"widget\" data-widget_type=\"text-editor.default\">\n\t\t\t\t\t\t\t\t\t<h4 style=\"text-align: center;\"><strong>Ra\u0161ykite mums u\u017eklaus\u0105<\/strong><\/h4>\t\t\t\t\t\t\t\t<\/div>\n\t\t\t\t\t<\/div>\n\t\t\t\t<\/div>\n\t\t<div class=\"elementor-element elementor-element-f624a81 e-flex e-con-boxed e-con e-parent\" data-id=\"f624a81\" data-element_type=\"container\" data-e-type=\"container\">\n\t\t\t\t\t<div class=\"e-con-inner\">\n\t\t\t\t<div class=\"elementor-element elementor-element-92fc53b elementor-button-align-stretch elementor-widget elementor-widget-form\" data-id=\"92fc53b\" data-element_type=\"widget\" data-e-type=\"widget\" data-settings=\"{&quot;step_next_label&quot;:&quot;Next&quot;,&quot;step_previous_label&quot;:&quot;Previous&quot;,&quot;button_width&quot;:&quot;100&quot;,&quot;step_type&quot;:&quot;number_text&quot;,&quot;step_icon_shape&quot;:&quot;circle&quot;}\" data-widget_type=\"form.default\">\n\t\t\t\t\t\t\t<form class=\"elementor-form\" method=\"post\" name=\"New Form\" aria-label=\"New Form\">\n\t\t\t<input type=\"hidden\" name=\"post_id\" value=\"1245\"\/>\n\t\t\t<input type=\"hidden\" name=\"form_id\" value=\"92fc53b\"\/>\n\t\t\t<input type=\"hidden\" name=\"referer_title\" value=\"\" \/>\n\n\t\t\t\n\t\t\t<div class=\"elementor-form-fields-wrapper elementor-labels-above\">\n\t\t\t\t\t\t\t\t<div class=\"elementor-field-type-text elementor-field-group elementor-column elementor-field-group-name elementor-col-100\">\n\t\t\t\t\t\t\t\t\t\t\t\t<label for=\"form-field-name\" class=\"elementor-field-label\">\n\t\t\t\t\t\t\t\tName\t\t\t\t\t\t\t<\/label>\n\t\t\t\t\t\t\t\t\t\t\t\t\t\t<input size=\"1\" type=\"text\" name=\"form_fields[name]\" id=\"form-field-name\" class=\"elementor-field elementor-size-sm  elementor-field-textual\" placeholder=\"Name\">\n\t\t\t\t\t\t\t\t\t\t\t<\/div>\n\t\t\t\t\t\t\t\t<div class=\"elementor-field-type-email elementor-field-group elementor-column elementor-field-group-email elementor-col-100 elementor-field-required\">\n\t\t\t\t\t\t\t\t\t\t\t\t<label for=\"form-field-email\" class=\"elementor-field-label\">\n\t\t\t\t\t\t\t\tEmail\t\t\t\t\t\t\t<\/label>\n\t\t\t\t\t\t\t\t\t\t\t\t\t\t<input size=\"1\" type=\"email\" name=\"form_fields[email]\" id=\"form-field-email\" class=\"elementor-field elementor-size-sm  elementor-field-textual\" placeholder=\"Email\" required=\"required\">\n\t\t\t\t\t\t\t\t\t\t\t<\/div>\n\t\t\t\t\t\t\t\t<div class=\"elementor-field-type-textarea elementor-field-group elementor-column elementor-field-group-message elementor-col-100\">\n\t\t\t\t\t\t\t\t\t\t\t\t<label for=\"form-field-message\" class=\"elementor-field-label\">\n\t\t\t\t\t\t\t\tMessage\t\t\t\t\t\t\t<\/label>\n\t\t\t\t\t\t<textarea class=\"elementor-field-textual elementor-field  elementor-size-sm\" name=\"form_fields[message]\" id=\"form-field-message\" rows=\"4\" placeholder=\"Message\"><\/textarea>\t\t\t\t<\/div>\n\t\t\t\t\t\t\t\t<div class=\"elementor-field-group elementor-column elementor-field-type-submit elementor-col-100 e-form__buttons\">\n\t\t\t\t\t<button class=\"elementor-button elementor-size-sm\" type=\"submit\">\n\t\t\t\t\t\t<span class=\"elementor-button-content-wrapper\">\n\t\t\t\t\t\t\t\t\t\t\t\t\t\t\t\t\t\t\t\t\t\t<span class=\"elementor-button-text\">Send<\/span>\n\t\t\t\t\t\t\t\t\t\t\t\t\t<\/span>\n\t\t\t\t\t<\/button>\n\t\t\t\t<\/div>\n\t\t\t<\/div>\n\t\t<\/form>\n\t\t\t\t\t\t<\/div>\n\t\t\t\t\t<\/div>\n\t\t\t\t<\/div>\n\t\t\t\t<\/div>\n\t\t","protected":false},"excerpt":{"rendered":"<p>\ud83d\udc96 T\u0117velio darbeliai ir ofisas \ud83d\udccd \u0160ven\u010dion\u0117li\u0173 g. 16, Kaltan\u0117nai, \u0160ven\u010dioni\u0173 raj. \ud83d\udcee Pa\u0161to kodas: LT-18239 \ud83d\udcde Ar\u016bnas: +370 612 46039 \ud83d\udcde Jolanta: +370 612 46031 \ud83d\udce7 El. pa\u0161tas: sveikatatau@gmail.com \ud83c\udfe1 Sodyb\u0173 adresai: Villa Arjola: \ud83d\udccd \u0160ven\u010dion\u0117li\u0173 g. 16, Kaltan\u0117nai \u2014 \ud83c\udf0a prie \u017deimenos up\u0117s ir \u017deimenio e\u017eero Pirtel\u0117 Arjola: \ud83d\udccd \u0160ven\u010dion\u0117li\u0173 g. 16A, Kaltan\u0117nai [&hellip;]<\/p>\n","protected":false},"author":1,"featured_media":0,"parent":0,"menu_order":0,"comment_status":"closed","ping_status":"closed","template":"","meta":{"_glsr_average":0,"_glsr_ranking":0,"_glsr_reviews":0,"footnotes":""},"class_list":["post-1245","page","type-page","status-publish","hentry"],"_links":{"self":[{"href":"https:\/\/sveikatatau.lt\/it\/wp-json\/wp\/v2\/pages\/1245","targetHints":{"allow":["GET"]}}],"collection":[{"href":"https:\/\/sveikatatau.lt\/it\/wp-json\/wp\/v2\/pages"}],"about":[{"href":"https:\/\/sveikatatau.lt\/it\/wp-json\/wp\/v2\/types\/page"}],"author":[{"embeddable":true,"href":"https:\/\/sveikatatau.lt\/it\/wp-json\/wp\/v2\/users\/1"}],"replies":[{"embeddable":true,"href":"https:\/\/sveikatatau.lt\/it\/wp-json\/wp\/v2\/comments?post=1245"}],"version-history":[{"count":177,"href":"https:\/\/sveikatatau.lt\/it\/wp-json\/wp\/v2\/pages\/1245\/revisions"}],"predecessor-version":[{"id":3451,"href":"https:\/\/sveikatatau.lt\/it\/wp-json\/wp\/v2\/pages\/1245\/revisions\/3451"}],"wp:attachment":[{"href":"https:\/\/sveikatatau.lt\/it\/wp-json\/wp\/v2\/media?parent=1245"}],"curies":[{"name":"wp","href":"https:\/\/api.w.org\/{rel}","templated":true}]}}