{"id":3512,"date":"2025-10-13T13:14:40","date_gmt":"2025-10-13T13:14:40","guid":{"rendered":"https:\/\/sveikatatau.lt\/?page_id=3512"},"modified":"2025-10-13T17:17:49","modified_gmt":"2025-10-13T17:17:49","slug":"bendrosios-nuostatos","status":"publish","type":"page","link":"https:\/\/sveikatatau.lt\/it\/bendrosios-nuostatos\/","title":{"rendered":"Disposizioni generali"},"content":{"rendered":"\t\t<div data-elementor-type=\"wp-page\" data-elementor-id=\"3512\" class=\"elementor elementor-3512\" data-elementor-post-type=\"page\">\n\t\t\t\t<div class=\"elementor-element elementor-element-7657c19 e-flex e-con-boxed e-con e-parent\" data-id=\"7657c19\" data-element_type=\"container\" data-e-type=\"container\">\n\t\t\t\t\t<div class=\"e-con-inner\">\n\t\t\t\t<div class=\"elementor-element elementor-element-46458f5 elementor-widget elementor-widget-html\" data-id=\"46458f5\" data-element_type=\"widget\" data-e-type=\"widget\" data-widget_type=\"html.default\">\n\t\t\t\t\t<main class=\"doc-wrap\">\r\n  <style>\r\n    .doc-wrap{max-width:980px;margin:0 auto;padding:12px 8px;line-height:1.6}\r\n    .doc-head{margin-bottom:10px}\r\n    .doc-muted{color:#6b7280;font-size:14px}\r\n    .doc-toc{border:1px solid #e5e7eb;background:#fafafa;border-radius:10px;padding:12px;margin:12px 0 18px}\r\n    .doc-toc h3{margin:0 0 6px 0;font-size:18px}\r\n    .doc-toc a{text-decoration:underline}\r\n    details.doc-acc{border:1px solid #e5e7eb;border-radius:10px;background:#fff;margin:10px 0;padding:10px 12px}\r\n    details.doc-acc[open]{background:#f7f8fa}\r\n    summary.doc-sum{font-weight:700;cursor:pointer;list-style:none;outline:none}\r\n    summary.doc-sum::-webkit-details-marker{display:none}\r\n    .doc-body{padding-top:8px}\r\n    .doc-note{background:#f6f7f9;border:1px solid #e5e7eb;border-radius:8px;padding:8px 10px;margin:8px 0}\r\n    ul,ol{padding-left:20px}\r\n    \/* Vidinis slinkimas, jei skyrius labai ilgas *\/\r\n    .doc-scroll{max-height:460px;overflow:auto;padding-right:8px}\r\n  <\/style>\r\n\r\n  <header class=\"doc-head\">\r\n    <h1>\ud83d\udfe9 BENDROSIOS NUOSTATOS<\/h1>\r\n    <p><strong>UAB \u201eSveikata Tau\u201c<\/strong> \u00b7 <a href=\"https:\/\/www.sveikatatau.lt\" rel=\"home\">www.sveikatatau.lt<\/a><\/p>\r\n    <p class=\"doc-muted\">Paskutin\u0117 atnaujinimo data: 2025-10-13<\/p>\r\n    <p>\u0160iame puslapyje pateikiamos UAB \u201eSveikata Tau\u201c <strong>bendrosios nuostatos<\/strong> \u2013 m\u016bs\u0173 gaminam\u0173 ir parduodam\u0173 preki\u0173 u\u017esakymo, apmok\u0117jimo, pristatymo, gr\u0105\u017einimo ir atsakomyb\u0117s taisykl\u0117s.<\/p>\r\n  <\/header>\r\n\r\n  <!-- Turinys (inkarai) -->\r\n  <nav class=\"doc-toc\">\r\n    <h3>Turinys<\/h3>\r\n    <ol>\r\n      <li><a href=\"#bn1\">1. Bendrosios nuostatos<\/a><\/li>\r\n      <li><a href=\"#bn2\">2. Pirkimo\u2013pardavimo sutarties sudarymas<\/a><\/li>\r\n      <li><a href=\"#bn3\">3. Pirk\u0117jo teis\u0117s<\/a><\/li>\r\n      <li><a href=\"#bn4\">4. Pirk\u0117jo pareigos<\/a><\/li>\r\n      <li><a href=\"#bn5\">5. Pardav\u0117jo teis\u0117s<\/a><\/li>\r\n      <li><a href=\"#bn6\">6. Pardav\u0117jo pareigos<\/a><\/li>\r\n      <li><a href=\"#bn7\">7. Preki\u0173 pristatymas<\/a><\/li>\r\n      <li><a href=\"#bn8\">8. Preki\u0173 gr\u0105\u017einimas ir pinig\u0173 gr\u0105\u017einimas<\/a><\/li>\r\n      <li><a href=\"#bn9\">9. Atsakomyb\u0117<\/a><\/li>\r\n      <li><a href=\"#bn10\">10. Informacijos siuntimas<\/a><\/li>\r\n      <li><a href=\"#bn11\">11. Baigiamosios nuostatos<\/a><\/li>\r\n    <\/ol>\r\n  <\/nav>\r\n\r\n  <!-- 1 -->\r\n  <details id=\"bn1\" class=\"doc-acc\" open>\r\n    <summary class=\"doc-sum\">1. Bendrosios nuostatos<\/summary>\r\n    <div class=\"doc-body\">\r\n      <p>1.1. \u0160ios pardavimo s\u0105lygos (toliau \u2013 S\u0105lygos) nustato Pirk\u0117jo ir <strong>UAB \u201eSveikata Tau\u201c<\/strong> (toliau \u2013 Pardav\u0117jas) tarpusavio teises, pareigas ir atsakomyb\u0119 Pirk\u0117jui \u012fsigyjant prekes ar paslaugas elektronin\u0117je parduotuv\u0117je <strong>www.sveikatatau.lt<\/strong>.<\/p>\r\n      <p>1.2. Preki\u0173 ir paslaug\u0173 nuotraukos pateikiamos tik iliustraciniais tikslais. Produktai gali \u0161iek tiek skirtis nuo pavaizduot\u0173. Nuotraukos negali b\u016bti laikomos pretenzij\u0173 pagrindu. Prek\u0117 laikoma kokybi\u0161ka, jei ji atitinka svetain\u0117je pateikt\u0105 pavyzd\u012f, model\u012f ar apra\u0161ym\u0105.<\/p>\r\n    <\/div>\r\n  <\/details>\r\n\r\n  <!-- 2 -->\r\n  <details id=\"bn2\" class=\"doc-acc\">\r\n    <summary class=\"doc-sum\">2. Pirkimo\u2013pardavimo sutarties sudarymas<\/summary>\r\n    <div class=\"doc-body\">\r\n      <p>2.1. Sutartis laikoma sudaryta, kai Pirk\u0117jas suformuoja krep\u0161el\u012f, nurodo pristatymo ar rezervacijos duomenis, pasirenka apmok\u0117jimo b\u016bd\u0105 ir paspaud\u017eia <strong>\u201ePatvirtinu u\u017esakym\u0105\u201c<\/strong>. Sutartis galioja iki visi\u0161ko \u012fsipareigojim\u0173 \u012fvykdymo.<\/p>\r\n      <p>2.2. Kiekviena sudaryta sutartis saugoma <strong>UAB \u201eSveikata Tau\u201c<\/strong> informacin\u0117je sistemoje.<\/p>\r\n    <\/div>\r\n  <\/details>\r\n\r\n  <!-- 3 -->\r\n  <details id=\"bn3\" class=\"doc-acc\">\r\n    <summary class=\"doc-sum\">3. Pirk\u0117jo teis\u0117s<\/summary>\r\n    <div class=\"doc-body\">\r\n      <p>3.1. Pirk\u0117jas turi teis\u0119 pirkti laikydamasis \u0161i\u0173 S\u0105lyg\u0173 ir LR teis\u0117s akt\u0173.<\/p>\r\n      <p>3.2. Vartotojo atsisakymo teis\u0117 taikoma teis\u0117s akt\u0173 nustatyta apimtimi, ta\u010diau <strong>netaikoma individualiai gaminamoms prek\u0117ms<\/strong> (\u017er. 8 skyri\u0173).<\/p>\r\n    <\/div>\r\n  <\/details>\r\n\r\n  <!-- 4 -->\r\n  <details id=\"bn4\" class=\"doc-acc\">\r\n    <summary class=\"doc-sum\">4. Pirk\u0117jo pareigos<\/summary>\r\n    <div class=\"doc-body\">\r\n      <ul>\r\n        <li>Priimti u\u017esakytas prekes\/paslaugas ir sumok\u0117ti kain\u0105.<\/li>\r\n        <li>Operatyviai atnaujinti pasikeitusius duomenis.<\/li>\r\n        <li>U\u017esakymas pradedamas vykdyti gavus apmok\u0117jimo patvirtinim\u0105; jei nepatvirtinta per 24 val., laikoma, kad atsisakyta sutarties.<\/li>\r\n        <li>Laikytis \u0161i\u0173 S\u0105lyg\u0173 ir LR teis\u0117s akt\u0173.<\/li>\r\n      <\/ul>\r\n    <\/div>\r\n  <\/details>\r\n\r\n  <!-- 5 -->\r\n  <details id=\"bn5\" class=\"doc-acc\">\r\n    <summary class=\"doc-sum\">5. Pardav\u0117jo teis\u0117s<\/summary>\r\n    <div class=\"doc-body\">\r\n      <ul>\r\n        <li>Apriboti prieig\u0105, jei trikdoma svetain\u0117s veikla ar saugumas.<\/li>\r\n        <li>Laikinai sustabdyti e. parduotuv\u0117s veikl\u0105 be atskiro \u012fsp\u0117jimo.<\/li>\r\n        <li>Naudotis kitomis teis\u0117s aktuose numatytomis teis\u0117mis.<\/li>\r\n      <\/ul>\r\n    <\/div>\r\n  <\/details>\r\n\r\n  <!-- 6 -->\r\n  <details id=\"bn6\" class=\"doc-acc\">\r\n    <summary class=\"doc-sum\">6. Pardav\u0117jo pareigos<\/summary>\r\n    <div class=\"doc-body\">\r\n      <ul>\r\n        <li>Sudaryti s\u0105lygas naudotis e. parduotuv\u0117s paslaugomis.<\/li>\r\n        <li>\r\n\t\t\t\t<\/div>\n\t\t\t\t\t<\/div>\n\t\t\t\t<\/div>\n\t\t\t\t<\/div>\n\t\t","protected":false},"excerpt":{"rendered":"<p>\ud83d\udfe9 BENDROSIOS NUOSTATOS UAB \u201eSveikata Tau\u201c \u00b7 www.sveikatatau.lt Paskutin\u0117 atnaujinimo data: 2025-10-13 \u0160iame puslapyje pateikiamos UAB \u201eSveikata Tau\u201c bendrosios nuostatos \u2013 m\u016bs\u0173 gaminam\u0173 ir parduodam\u0173 preki\u0173 u\u017esakymo, apmok\u0117jimo, pristatymo, gr\u0105\u017einimo ir atsakomyb\u0117s taisykl\u0117s. Turinys 1. Bendrosios nuostatos 2. Pirkimo\u2013pardavimo sutarties sudarymas 3. Pirk\u0117jo teis\u0117s 4. Pirk\u0117jo pareigos 5. Pardav\u0117jo teis\u0117s 6. Pardav\u0117jo pareigos 7. Preki\u0173 [&hellip;]<\/p>\n","protected":false},"author":1,"featured_media":0,"parent":0,"menu_order":0,"comment_status":"closed","ping_status":"closed","template":"","meta":{"_glsr_average":0,"_glsr_ranking":0,"_glsr_reviews":0,"footnotes":""},"class_list":["post-3512","page","type-page","status-publish","hentry"],"_links":{"self":[{"href":"https:\/\/sveikatatau.lt\/it\/wp-json\/wp\/v2\/pages\/3512","targetHints":{"allow":["GET"]}}],"collection":[{"href":"https:\/\/sveikatatau.lt\/it\/wp-json\/wp\/v2\/pages"}],"about":[{"href":"https:\/\/sveikatatau.lt\/it\/wp-json\/wp\/v2\/types\/page"}],"author":[{"embeddable":true,"href":"https:\/\/sveikatatau.lt\/it\/wp-json\/wp\/v2\/users\/1"}],"replies":[{"embeddable":true,"href":"https:\/\/sveikatatau.lt\/it\/wp-json\/wp\/v2\/comments?post=3512"}],"version-history":[{"count":5,"href":"https:\/\/sveikatatau.lt\/it\/wp-json\/wp\/v2\/pages\/3512\/revisions"}],"predecessor-version":[{"id":3518,"href":"https:\/\/sveikatatau.lt\/it\/wp-json\/wp\/v2\/pages\/3512\/revisions\/3518"}],"wp:attachment":[{"href":"https:\/\/sveikatatau.lt\/it\/wp-json\/wp\/v2\/media?parent=3512"}],"curies":[{"name":"wp","href":"https:\/\/api.w.org\/{rel}","templated":true}]}}