{"id":3261,"date":"2025-09-28T18:17:13","date_gmt":"2025-09-28T18:17:13","guid":{"rendered":"https:\/\/sveikatatau.lt\/?post_type=product&#038;p=3261"},"modified":"2025-10-22T08:02:49","modified_gmt":"2025-10-22T08:02:49","slug":"poilsio-kreslas","status":"publish","type":"product","link":"https:\/\/sveikatatau.lt\/it\/prodotto\/poilsio-kreslas\/","title":{"rendered":"poltrona"},"content":{"rendered":"<div style=\"font-size:16px; line-height:1.6; color:#333;\">\n<h2>Una sedia a sdraio \u00e8 una scelta robusta e durevole per il tuo giardino<\/h2>\n<p>Sognate di rilassarvi in giardino, sulla terrazza o in riva all&#039;acqua, dove potervi rilassare comodamente? Questo <strong>sedia a sdraio<\/strong> creata proprio per questo. Non \u00e8 solo un elemento d&#039;arredo, ma anche una garanzia di comfort e intimit\u00e0. La poltrona \u00e8 realizzata in <strong>robusto telaio in metallo<\/strong> E <strong>legno di pino trattato termicamente<\/strong>, quindi \u00e8 estremamente resistente alle condizioni esterne, stabile e durevole.<\/p>\n<h3>Robusto telaio in metallo<\/h3>\n<p>La struttura di questa poltrona \u00e8 composta da <strong>montatura in metallo nero<\/strong>, garantendo un&#039;eccezionale stabilit\u00e0. Il metallo \u00e8 stato scelto per la sua durevolezza e resistenza alle deformazioni, cos\u00ec la sedia rimarr\u00e0 solida anche dopo molti anni di utilizzo. Il design minimalista permette al metallo di fondersi armoniosamente con il legno naturale, creando un mobile moderno ed elegante.<\/p>\n<h3>Legno trattato termicamente<\/h3>\n<p>Il sedile e lo schienale della sedia sono realizzati in <strong>legno di pino trattato termicamente<\/strong>Si tratta di una tecnologia speciale in cui il legno viene riscaldato fino a <strong>212\u00b0C<\/strong>Riscaldato ad alte temperature, i pori del legno vengono distrutti, rendendolo pi\u00f9 resistente all&#039;umidit\u00e0, al marciume e ai parassiti. Un altro importante vantaggio \u00e8 che il legno non si muove pi\u00f9, rimane stabile e non si deforma anche con le mutevoli condizioni meteorologiche.<\/p>\n<p>Il trattamento termico conferisce al legno un colore pi\u00f9 intenso e una delicata bellezza naturale. \u00c8 una soluzione ecologica, poich\u00e9 le propriet\u00e0 del legno vengono migliorate senza l&#039;utilizzo di sostanze chimiche.<\/p>\n<p>Per saperne di pi\u00f9 sul trattamento termico del legno, clicca qui. <a href=\"https:\/\/www.brolistimber.eu\/produkto_kategorija\/technologija\/\" target=\"_blank\" rel=\"noopener noreferrer\" style=\"color:#0066cc; text-decoration:underline;\">Qui<\/a>.<\/p>\n<h3>Protezione naturale dell&#039;olio<\/h3>\n<p>Il legno \u00e8 ulteriormente rivestito <strong>olio naturale<\/strong>Ci\u00f2 garantisce una maggiore resistenza agli agenti atmosferici e valorizza la texture del legno di pino. L&#039;olio permette al legno di respirare, ma allo stesso tempo lo protegge dall&#039;assorbimento di umidit\u00e0. Questo rivestimento garantisce che la sedia mantenga il suo aspetto estetico e gradevole a lungo.<\/p>\n<h3>Comfort e personalizzazione<\/h3>\n<p>Questa poltrona ha un design ergonomico. La seduta \u00e8 progettata per un comodo relax, cos\u00ec potrete godervi lunghi pomeriggi all&#039;aria aperta o una piacevole serata in terrazza. La poltrona si adatta perfettamente a <strong>tavoli bassi (alti circa 60 cm)<\/strong>, il che lo rende un&#039;ottima scelta sia per una pausa caff\u00e8 che per un ritrovo con gli amici.<\/p>\n<p>Per un comfort ancora maggiore, puoi utilizzare <strong>imbottitura o cuscini<\/strong>Ci\u00f2 garantir\u00e0 un comfort maggiore e ti consentir\u00e0 di sederti pi\u00f9 comodamente, soprattutto se intendi utilizzare la sedia per lunghi periodi di relax.<\/p>\n<h3>Vantaggi di essere vicino a specchi d&#039;acqua<\/h3>\n<p>Il peso di questa sedia \u00e8 <strong>18 chili<\/strong>, quindi \u00e8 estremamente stabile. Ci\u00f2 significa che <strong>perfetto per l&#039;uso vicino a laghi, fiumi o sui moli<\/strong> \u2013 il vento non porter\u00e0 via facilmente questi mobili. Questo \u00e8 un vantaggio importante per chi desidera mobili da esterno che rimangano al loro posto anche nelle giornate ventose.<\/p>\n<h3>Longevit\u00e0 e facile manutenzione<\/h3>\n<p>La poltrona \u00e8 progettata per durare molti anni. Non teme pioggia, sole cocente o sbalzi di temperatura. La manutenzione \u00e8 estremamente semplice: \u00e8 sufficiente pulire occasionalmente la superficie con un panno umido. Per prolungarne ulteriormente la durata, \u00e8 possibile rinfrescare la superficie con olio naturale una volta a stagione.<\/p>\n<h3>Dati tecnici<\/h3>\n<ul>\n<li>Materiale: legno di pino (trattato termicamente, rivestito con olio naturale)<\/li>\n<li>Montatura: montatura in metallo nero<\/li>\n<li>Colore: legno scuro naturale + metallo nero<\/li>\n<li>Scopo: per uso esterno e interno<\/li>\n<li>Compatibilit\u00e0: comodo da usare con tavoli alti fino a ~60 cm<\/li>\n<li>Possibilit\u00e0 di aggiungere imbottiture o cuscini<\/li>\n<li>Peso: <strong>18 chili<\/strong><\/li>\n<\/ul>\n<h3>Perch\u00e9 scegliere questa sedia?<\/h3>\n<p>Questo <strong>sedia a sdraio<\/strong> \u00e8 pi\u00f9 di un semplice mobile. \u00c8 un investimento nel comfort quotidiano, in un relax pi\u00f9 sano e nell&#039;estetica. Per la sua produzione sono stati selezionati solo materiali naturali e di alta qualit\u00e0: metallo, legno di pino, olio naturale. Tutti questi elementi si combinano per creare un mobile che durer\u00e0 a lungo e in modo affidabile.<\/p>\n<p>Scegliendo questa poltrona, non solo otterrete un comodo complemento d&#039;arredo, ma anche un tocco di stile per i vostri interni ed esterni. Si adatter\u00e0 perfettamente al vostro giardino, terrazzo, gazebo o anche alla zona salotto del soggiorno. Grazie alla sua versatilit\u00e0 e resistenza, la poltrona diventer\u00e0 il luogo di riposo preferito per voi e la vostra famiglia.<\/p>\n<\/div>\n<h3>Dove pu\u00f2 essere utilizzata questa sedia?<\/h3>\n<p>Questa poltrona \u00e8 perfetta per una variet\u00e0 di spazi. Puoi posizionarla su <strong>terrazze<\/strong>, <strong>nel gazebo<\/strong>, <strong>nel cortile<\/strong>, <strong>in piscina<\/strong> se <strong>specchio d&#039;acqua<\/strong>Grazie al suo peso e alla sua resistenza, la sedia rimane stabile anche nelle giornate ventose, il che la rende una scelta affidabile non solo per l&#039;uso quotidiano, ma anche per eventi o per intrattenere gli ospiti.<\/p>\n<p>A differenza dei mobili in plastica che perdono rapidamente forma e colore, questa sedia \u00e8 durevole. Mantiene la sua estetica per molti anni, rendendola non solo un pratico complemento d&#039;arredo, ma anche <strong>come accento per l&#039;interno della tua casa o fattoria<\/strong>.<\/p>\n<h3>Investimento nella qualit\u00e0<\/h3>\n<p>Acquistando questa sedia, sceglierai un mobile che non richieder\u00e0 continue sostituzioni o riparazioni. Questo \u00e8 <strong>investimento nella qualit\u00e0<\/strong>, che si ripaga nel lungo periodo. Ogni dettaglio, dalla struttura in metallo al legno trattato con olio, \u00e8 studiato per garantire il massimo comfort e durata.<\/p>\n<p>Puoi leggere di pi\u00f9 sul trattamento termico del legno<br \/>\n<a href=\"https:\/\/lt.wikipedia.org\/wiki\/Termi%C5%A1kai_apdorota_mediena\" target=\"_blank\" rel=\"noopener\">Su Wikipedia<\/a>.<\/p>\n<p>Potete provare queste sedie presso i nostri agriturismi:<br \/>\n<a href=\"https:\/\/sveikatatau.lt\/it\/villa-arjola\/\" style=\"color:#0066cc; text-decoration:underline;\">Villa Arjola<\/a>,<br \/>\n<a href=\"https:\/\/sveikatatau.lt\/it\/pirtele-arjola-2-5-zmonems-poilsis-su-kubilu\/\" style=\"color:#0066cc; text-decoration:underline;\">Sauna Arjola<\/a> E<br \/>\n<a href=\"https:\/\/sveikatatau.lt\/it\/miskas-arjola\/\" style=\"color:#0066cc; text-decoration:underline;\">Foresta di Arjola<\/a>. <\/p>","protected":false},"excerpt":{"rendered":"<p><strong>Tvirtas poilsio kr\u0117slas<\/strong>, pagamintas i\u0161 metalo r\u0117mo ir termi\u0161kai apdorotos pu\u0161in\u0117s medienos, padengtos nat\u016braliu aliejumi.<br \/>\nStabilus net prie vandens telkini\u0173 (svoris \u2013 18 kg), tinka naudoti tiek lauke, tiek viduje. Dar daugiau komforto suteikia pamink\u0161tinimai ar pagalv\u0117l\u0117s.<\/p>","protected":false},"featured_media":3263,"comment_status":"open","ping_status":"closed","template":"","meta":{"_glsr_average":0,"_glsr_ranking":0,"_glsr_reviews":0},"product_brand":[],"product_cat":[23],"product_tag":[],"class_list":{"0":"post-3261","1":"product","2":"type-product","3":"status-publish","4":"has-post-thumbnail","6":"product_cat-tevelio-darbeliai","8":"first","9":"instock","10":"featured","11":"taxable","12":"shipping-taxable","13":"purchasable","14":"product-type-simple"},"_links":{"self":[{"href":"https:\/\/sveikatatau.lt\/it\/wp-json\/wp\/v2\/product\/3261","targetHints":{"allow":["GET"]}}],"collection":[{"href":"https:\/\/sveikatatau.lt\/it\/wp-json\/wp\/v2\/product"}],"about":[{"href":"https:\/\/sveikatatau.lt\/it\/wp-json\/wp\/v2\/types\/product"}],"replies":[{"embeddable":true,"href":"https:\/\/sveikatatau.lt\/it\/wp-json\/wp\/v2\/comments?post=3261"}],"version-history":[{"count":4,"href":"https:\/\/sveikatatau.lt\/it\/wp-json\/wp\/v2\/product\/3261\/revisions"}],"predecessor-version":[{"id":3277,"href":"https:\/\/sveikatatau.lt\/it\/wp-json\/wp\/v2\/product\/3261\/revisions\/3277"}],"wp:featuredmedia":[{"embeddable":true,"href":"https:\/\/sveikatatau.lt\/it\/wp-json\/wp\/v2\/media\/3263"}],"wp:attachment":[{"href":"https:\/\/sveikatatau.lt\/it\/wp-json\/wp\/v2\/media?parent=3261"}],"wp:term":[{"taxonomy":"product_brand","embeddable":true,"href":"https:\/\/sveikatatau.lt\/it\/wp-json\/wp\/v2\/product_brand?post=3261"},{"taxonomy":"product_cat","embeddable":true,"href":"https:\/\/sveikatatau.lt\/it\/wp-json\/wp\/v2\/product_cat?post=3261"},{"taxonomy":"product_tag","embeddable":true,"href":"https:\/\/sveikatatau.lt\/it\/wp-json\/wp\/v2\/product_tag?post=3261"}],"curies":[{"name":"wp","href":"https:\/\/api.w.org\/{rel}","templated":true}]}}