{"id":734,"date":"2025-04-11T09:29:00","date_gmt":"2025-04-11T09:29:00","guid":{"rendered":"http:\/\/sveikatatau.lt\/?post_type=product&#038;p=734"},"modified":"2025-10-22T08:06:38","modified_gmt":"2025-10-22T08:06:38","slug":"kubilas-ant-priekabos","status":"publish","type":"product","link":"https:\/\/sveikatatau.lt\/it\/prodotto\/kubilas-ant-priekabos\/","title":{"rendered":"Vasca idromassaggio su un rimorchio"},"content":{"rendered":"<div style=\"font-size:16px; line-height:1.6; color:#333;\">\n<h2>Vasca idromassaggio su rimorchio: relax mobile ovunque<\/h2>\n<p><strong>Vasca idromassaggio su un rimorchio<\/strong> \u2013 \u00e8 una soluzione esclusiva che ti permette di godere di lusso e comfort ovunque. Questa vasca idromassaggio mobile ha <em>sistema idromassaggio<\/em>, <em>massaggio ad aria<\/em>, <em>illuminazione a LED<\/em> e moderno <em>Apparecchiature audio Bluetooth<\/em>\u00c8 come una spa mobile che puoi portare in viaggio, in una casa di campagna, a una festa o a un evento. La vasca idromassaggio \u00e8 completamente pronta all&#039;uso, con freni, luci e tutti i permessi di circolazione: tutto ci\u00f2 che devi fare \u00e8 collegarla alla tua auto e partire.<\/p>\n<h3>Caratteristiche tecniche e funzioni<\/h3>\n<ul>\n<li><strong>Illuminazione a LED:<\/strong> offre un&#039;atmosfera accogliente la sera.<\/li>\n<li><strong>Sistema idromassaggio:<\/strong> aiuta a rilassare e lenire i muscoli.<\/li>\n<li><strong>Massaggio ad aria:<\/strong> Piccole bolle creano un effetto spa.<\/li>\n<li><strong>Musica Bluetooth:<\/strong> Gli altoparlanti di alta qualit\u00e0 ti consentono di ascoltare la tua musica preferita.<\/li>\n<li><strong>Forno:<\/strong> riscaldamento efficiente dell&#039;acqua con la legna.<\/li>\n<li><strong>Sicurezza:<\/strong> rimorchio con impianto frenante e luci, idoneo alla circolazione su strada.<\/li>\n<\/ul>\n<h3>Comodit\u00e0 e mobilit\u00e0<\/h3>\n<p>Questo <strong>vasca idromassaggio su un rimorchio<\/strong> \u00e8 pensata per chi desidera godersi i piaceri della SPA senza limiti. Pu\u00f2 essere posizionata in riva al lago, in una casa di campagna, ai piedi delle montagne o anche vicino a casa. Grazie al suo design compatto, la vasca idromassaggio \u00e8 facile da trasportare e occupa poco spazio. Se necessario, pu\u00f2 essere riposta in garage o in magazzino.<\/p>\n<h3>Campi di applicazione<\/h3>\n<p><strong>Vasca idromassaggio mobile<\/strong> adatto non solo per attivit\u00e0 ricreative in famiglia, ma anche per vari eventi:<\/p>\n<ul>\n<li>Per matrimoni e anniversari;<\/li>\n<li>Per feste aziendali ed eventi di team building;<\/li>\n<li>Nelle aziende agricole del turismo rurale o per attivit\u00e0 di affitto;<\/li>\n<li>Per gite naturalistiche o campeggiatori.<\/li>\n<\/ul>\n<h3>Manutenzione e durata<\/h3>\n<p>La vasca idromassaggio \u00e8 realizzata con materiali robusti e durevoli, resistenti all&#039;umidit\u00e0, al caldo e al freddo. L&#039;illuminazione a LED e il sistema audio sono adatti all&#039;uso esterno. La manutenzione della vasca idromassaggio \u00e8 semplice: basta pulire regolarmente l&#039;interno e controllare il sistema di filtraggio. Scarico e pulizia sono comodamente integrati, quindi l&#039;utilizzo non causer\u00e0 alcun problema.<\/p>\n<h3>Consegna e montaggio<\/h3>\n<p>Possiamo consegnare la vasca idromassaggio assemblata e pronta all&#039;uso. Se vivete pi\u00f9 lontano, potete trasportarla gi\u00e0 assemblata, poich\u00e9 la struttura \u00e8 smontabile e occupa molto meno spazio. In questo modo, i costi di trasporto saranno inferiori. La consegna \u00e8 possibile non solo in Lituania, ma anche in altri Paesi: coordiniamo tutto individualmente. Il prezzo dipende dalla distanza e dal metodo di trasporto scelto.<\/p>\n<h3>Perch\u00e9 scegliere una vasca idromassaggio su un rimorchio?<\/h3>\n<ul>\n<li>\u2714 Quattro in uno: <strong>idromassaggio, massaggio ad aria, LED, musica<\/strong>.<\/li>\n<li>\u2714 Mobilit\u00e0: porta la comodit\u00e0 con te.<\/li>\n<li>\u2714 Adatto per famiglie, amici, lavoro o eventi.<\/li>\n<li>\u2714 Materiali durevoli e attrezzature moderne.<\/li>\n<li>\u2714 Facile manutenzione e utilizzo.<\/li>\n<\/ul>\n<h3>FAQ - Domande frequenti<\/h3>\n<p><strong>Domanda:<\/strong> La vasca idromassaggio \u00e8 adatta all&#039;uso invernale?<br \/>\n     <strong>Risposta:<\/strong> S\u00ec, il design \u00e8 adatto all&#039;uso invernale, l&#039;acqua si riscalda rapidamente e le funzioni di massaggio funzionano indipendentemente dalle condizioni atmosferiche.<\/p>\n<p><strong>Domanda:<\/strong> Posso collegare il mio telefono all&#039;impianto audio?<br \/>\n     <strong>Risposta:<\/strong> S\u00ec, la vasca idromassaggio \u00e8 dotata di audio Bluetooth, che consente di riprodurre musica direttamente dal telefono.<\/p>\n<p><strong>Domanda:<\/strong> Quante persone possono entrare in una vasca idromassaggio?<br \/>\n     <strong>Risposta:<\/strong> A seconda del modello, di solito pu\u00f2 ospitare comodamente 6-8 persone.<\/p>\n<p><strong>Domanda:<\/strong> Ho bisogno di permessi speciali per guidare una vasca idromassaggio su un rimorchio?<br \/>\n     <strong>Risposta:<\/strong> No, il rimorchio \u00e8 dotato di impianto frenante, luci e tutti i documenti necessari per la circolazione su strada.<\/p>\n<h3>Informazioni aggiuntive<\/h3>\n<p>Chi siamo <a href=\"https:\/\/lt.wikipedia.org\/wiki\/Kubilas\" target=\"_blank\" rel=\"noopener\">Puoi leggere informazioni sulle vasche idromassaggio su Wikipedia.<\/a>Vi invitiamo inoltre a visionare gli altri nostri prodotti: <a href=\"https:\/\/sveikatatau.lt\/it\/tevelio-darbeliai\/\">Il lavoro del padre<\/a>.<\/p>\n<div style=\"margin:18px 0; padding:14px 16px; background:#f7f7f7; border-radius:10px;\">\n    Domande? Scrivi <a href=\"mailto:sveikatatau@gmail.com\">sveikatatau@gmail.com<\/a> o chiama<br \/>\n    <a href=\"tel:+37061246039\">+370 612 46039<\/a>Saremo lieti di consigliarvi sulle opzioni di consegna, manutenzione e utilizzo.\n  <\/div>\n<\/div>\n<h3>Vasca idromassaggio su rimorchio: praticit\u00e0 e comodit\u00e0<\/h3>\n<p><strong>Vasca idromassaggio su un rimorchio<\/strong> \u00e8 un&#039;ottima scelta per chi apprezza il comfort e la mobilit\u00e0. A differenza delle vasche idromassaggio fisse, questo modello consente di godere dell&#039;acqua calda e delle funzioni idromassaggio ovunque: in riva al lago, nella casa di campagna o anche in viaggio. La mobilit\u00e0 offre maggiore libert\u00e0 nella pianificazione di vacanze o feste, poich\u00e9 la vasca idromassaggio pu\u00f2 essere facilmente trasportata dove serve di pi\u00f9.<\/p>\n<h3>Vantaggi dell&#039;uso<\/h3>\n<ul>\n<li><strong>Flessibilit\u00e0:<\/strong> La vasca idromassaggio pu\u00f2 essere utilizzata sia per momenti di relax privati che per eventi pubblici.<\/li>\n<li><strong>Economia:<\/strong> Non \u00e8 necessario tenere un dispositivo sempre nello stesso posto: la vasca idromassaggio pu\u00f2 essere portata con s\u00e9.<\/li>\n<li><strong>Sicurezza:<\/strong> Il rimorchio \u00e8 dotato di sistema frenante, illuminazione e permessi di circolazione, quindi il trasporto \u00e8 assolutamente legale e sicuro.<\/li>\n<li><strong>Comodo spazio di archiviazione:<\/strong> Quando non viene utilizzata, la vasca idromassaggio pu\u00f2 essere riposta in garage o coperta in giardino con un telo speciale.<\/li>\n<\/ul>\n<h3>Per chi \u00e8 adatto?<\/h3>\n<p><strong>Vasca idromassaggio su un rimorchio<\/strong> Adatto sia per attivit\u00e0 ricreative in famiglia, che per agriturismi o per organizzatori di eventi. Non \u00e8 solo un modo piacevole per trascorrere il tempo libero, ma anche un investimento che pu\u00f2 generare entrate aggiuntive, poich\u00e9 la vasca idromassaggio pu\u00f2 essere affittata. Il design moderno, l&#039;illuminazione a LED e l&#039;impianto audio creano un&#039;atmosfera speciale, rendendo la vasca idromassaggio il centro dell&#039;attenzione di qualsiasi evento.<\/p>\n<h3>Opzioni aggiuntive<\/h3>\n<p>La consegna \u00e8 disponibile in tutta la Lituania e anche oltre i suoi confini. Secondo necessit\u00e0 <strong>vasca idromassaggio su un rimorchio<\/strong> Pu\u00f2 essere trasportata sia montata che smontata, riducendo cos\u00ec i costi di trasporto verso paesi lontani. Forniamo sempre ai clienti istruzioni su come utilizzare e manutenere correttamente la vasca idromassaggio, in modo che duri per molti anni. Questa \u00e8 una soluzione che unisce mobilit\u00e0, lusso e praticit\u00e0 in un unico prodotto.<\/p>\n<p>Dai un&#039;occhiata anche al nostro <a href=\"https:\/\/sveikatatau.lt\/it\/prodotto\/lauko-baldai-1plus6\/\">mobili da esterno 1+6<\/a> \u2013 set moderno con tavolo e 6 sedie.<\/p>","protected":false},"excerpt":{"rendered":"<p>Vasca idromassaggio mobile con idromassaggio, illuminazione a LED e sistema audio Bluetooth: rilassati dove vuoi!<\/p>","protected":false},"featured_media":221,"comment_status":"open","ping_status":"closed","template":"","meta":{"_glsr_average":0,"_glsr_ranking":0,"_glsr_reviews":0},"product_brand":[],"product_cat":[52],"product_tag":[],"class_list":{"0":"post-734","1":"product","2":"type-product","3":"status-publish","4":"has-post-thumbnail","6":"product_cat-kubilai","8":"first","9":"instock","10":"taxable","11":"shipping-taxable","12":"purchasable","13":"product-type-simple"},"_links":{"self":[{"href":"https:\/\/sveikatatau.lt\/it\/wp-json\/wp\/v2\/product\/734","targetHints":{"allow":["GET"]}}],"collection":[{"href":"https:\/\/sveikatatau.lt\/it\/wp-json\/wp\/v2\/product"}],"about":[{"href":"https:\/\/sveikatatau.lt\/it\/wp-json\/wp\/v2\/types\/product"}],"replies":[{"embeddable":true,"href":"https:\/\/sveikatatau.lt\/it\/wp-json\/wp\/v2\/comments?post=734"}],"version-history":[{"count":8,"href":"https:\/\/sveikatatau.lt\/it\/wp-json\/wp\/v2\/product\/734\/revisions"}],"predecessor-version":[{"id":3209,"href":"https:\/\/sveikatatau.lt\/it\/wp-json\/wp\/v2\/product\/734\/revisions\/3209"}],"wp:featuredmedia":[{"embeddable":true,"href":"https:\/\/sveikatatau.lt\/it\/wp-json\/wp\/v2\/media\/221"}],"wp:attachment":[{"href":"https:\/\/sveikatatau.lt\/it\/wp-json\/wp\/v2\/media?parent=734"}],"wp:term":[{"taxonomy":"product_brand","embeddable":true,"href":"https:\/\/sveikatatau.lt\/it\/wp-json\/wp\/v2\/product_brand?post=734"},{"taxonomy":"product_cat","embeddable":true,"href":"https:\/\/sveikatatau.lt\/it\/wp-json\/wp\/v2\/product_cat?post=734"},{"taxonomy":"product_tag","embeddable":true,"href":"https:\/\/sveikatatau.lt\/it\/wp-json\/wp\/v2\/product_tag?post=734"}],"curies":[{"name":"wp","href":"https:\/\/api.w.org\/{rel}","templated":true}]}}