{"id":8,"date":"2025-04-03T07:35:12","date_gmt":"2025-04-03T07:35:12","guid":{"rendered":"http:\/\/sveikatatau.lt\/krepselis\/"},"modified":"2025-04-03T15:32:25","modified_gmt":"2025-04-03T15:32:25","slug":"krepselis","status":"publish","type":"page","link":"https:\/\/sveikatatau.lt\/lv\/krepselis\/","title":{"rendered":"Grozs"},"content":{"rendered":"<div data-block-name=\"woocommerce\/cart\" class=\"wp-block-woocommerce-cart alignwide is-loading\">\n<div data-block-name=\"woocommerce\/filled-cart-block\" class=\"wp-block-woocommerce-filled-cart-block\">\n<div data-block-name=\"woocommerce\/cart-items-block\" class=\"wp-block-woocommerce-cart-items-block\">\n<div data-block-name=\"woocommerce\/cart-line-items-block\" class=\"wp-block-woocommerce-cart-line-items-block\"><\/div>\n\n\n\n<div data-block-name=\"woocommerce\/cart-cross-sells-block\" class=\"wp-block-woocommerce-cart-cross-sells-block\">\n<h2 class=\"wp-block-heading has-large-font-size\">J\u016bs var\u0113tu interes\u0113t\u2026<\/h2>\n\n\n\n<div data-block-name=\"woocommerce\/cart-cross-sells-products-block\" class=\"wp-block-woocommerce-cart-cross-sells-products-block\"><\/div>\n<\/div>\n<\/div>\n\n\n\n<div data-block-name=\"woocommerce\/cart-totals-block\" class=\"wp-block-woocommerce-cart-totals-block\">\n<div data-block-name=\"woocommerce\/cart-order-summary-block\" class=\"wp-block-woocommerce-cart-order-summary-block\">\n<div data-block-name=\"woocommerce\/cart-order-summary-heading-block\" class=\"wp-block-woocommerce-cart-order-summary-heading-block\"><\/div><div data-block-name=\"woocommerce\/cart-order-summary-coupon-form-block\" class=\"wp-block-woocommerce-cart-order-summary-coupon-form-block\"><\/div><div data-block-name=\"woocommerce\/cart-order-summary-totals-block\" class=\"wp-block-woocommerce-cart-order-summary-totals-block\">\n<div data-block-name=\"woocommerce\/cart-order-summary-subtotal-block\" class=\"wp-block-woocommerce-cart-order-summary-subtotal-block\"><\/div>\n<div data-block-name=\"woocommerce\/cart-order-summary-discount-block\" class=\"wp-block-woocommerce-cart-order-summary-discount-block\"><\/div>\n<div data-block-name=\"woocommerce\/cart-order-summary-fee-block\" class=\"wp-block-woocommerce-cart-order-summary-fee-block\"><\/div>\n<div data-block-name=\"woocommerce\/cart-order-summary-shipping-block\" class=\"wp-block-woocommerce-cart-order-summary-shipping-block\"><\/div>\n<div data-block-name=\"woocommerce\/cart-order-summary-taxes-block\" class=\"wp-block-woocommerce-cart-order-summary-taxes-block\"><\/div><\/div>\n<\/div>\n\n\n\n<div data-block-name=\"woocommerce\/cart-express-payment-block\" class=\"wp-block-woocommerce-cart-express-payment-block\"><\/div>\n\n\n\n<div data-block-name=\"woocommerce\/proceed-to-checkout-block\" class=\"wp-block-woocommerce-proceed-to-checkout-block\"><\/div>\n\n\n\n<div data-block-name=\"woocommerce\/cart-accepted-payment-methods-block\" class=\"wp-block-woocommerce-cart-accepted-payment-methods-block\"><\/div>\n<\/div>\n<\/div>\n\n\n\n<div data-block-name=\"woocommerce\/empty-cart-block\" class=\"wp-block-woocommerce-empty-cart-block\">\n<h2 class=\"wp-block-heading has-text-align-center with-empty-cart-icon wc-block-cart__empty-cart__title\">J\u016bsu grozs pa\u0161laik ir tuk\u0161s.<\/h2>\n\n\n\n<hr class=\"wp-block-separator has-alpha-channel-opacity is-style-dots\"\/>\n\n\n\n<h2 class=\"wp-block-heading has-text-align-center\">Jaun\u0101kie produkti<\/h2>\n\n\n<div data-block-name=\"woocommerce\/product-new\" data-columns=\"4\" data-rows=\"1\" class=\"wc-block-grid wp-block-product-new wp-block-woocommerce-product-new wc-block-product-new has-4-columns\"><ul class=\"wc-block-grid__products\"><li class=\"wc-block-grid__product\">\n\t\t\t\t<a href=\"https:\/\/sveikatatau.lt\/lv\/products\/kubilas-su-isorine-krosnele\/\" class=\"wc-block-grid__product-link\">\n\t\t\t\t\t\n\t\t\t\t\t<div class=\"wc-block-grid__product-image\"><img fetchpriority=\"high\" decoding=\"async\" width=\"300\" height=\"300\" src=\"https:\/\/sveikatatau.lt\/wp-content\/uploads\/2025\/10\/resized_DSC06210-300x300.jpg\" class=\"attachment-woocommerce_thumbnail size-woocommerce_thumbnail\" alt=\"kubilas su i\u0161orine krosnele\" srcset=\"https:\/\/sveikatatau.lt\/wp-content\/uploads\/2025\/10\/resized_DSC06210-300x300.jpg 300w, https:\/\/sveikatatau.lt\/wp-content\/uploads\/2025\/10\/resized_DSC06210-1024x1024.jpg 1024w, https:\/\/sveikatatau.lt\/wp-content\/uploads\/2025\/10\/resized_DSC06210-150x150.jpg 150w, https:\/\/sveikatatau.lt\/wp-content\/uploads\/2025\/10\/resized_DSC06210-768x768.jpg 768w, https:\/\/sveikatatau.lt\/wp-content\/uploads\/2025\/10\/resized_DSC06210-1536x1536.jpg 1536w, https:\/\/sveikatatau.lt\/wp-content\/uploads\/2025\/10\/resized_DSC06210-12x12.jpg 12w, https:\/\/sveikatatau.lt\/wp-content\/uploads\/2025\/10\/resized_DSC06210-600x600.jpg 600w, https:\/\/sveikatatau.lt\/wp-content\/uploads\/2025\/10\/resized_DSC06210-100x100.jpg 100w, https:\/\/sveikatatau.lt\/wp-content\/uploads\/2025\/10\/resized_DSC06210.jpg 1600w\" sizes=\"(max-width: 300px) 100vw, 300px\" \/><\/div>\n\t\t\t\t\t<div class=\"wc-block-grid__product-title\">Kubuls ar \u0101r\u0113jo sild\u012bt\u0101ju<\/div>\n\t\t\t\t<\/a>\n\t\t\t\t<div class=\"wc-block-grid__product-price price\"><span class=\"woocommerce-Price-amount amount\">2800,00&nbsp;<span class=\"woocommerce-Price-currencySymbol\">\u20ac<\/span><\/span> <small class=\"woocommerce-price-suffix\">PVN nav iek\u013cauts<\/small><\/div>\n\t\t\t\t\n\t\t\t\t<div class=\"wp-block-button wc-block-grid__product-add-to-cart\"><a href=\"\/lv\/wp-json\/wp\/v2\/pages\/8?add-to-cart=3382\" aria-label=\"Pievienot grozam: \u201cKubilas su i\u0161orine krosnele\u201d\" data-quantity=\"1\" data-product_id=\"3382\" data-product_sku=\"\" data-price=\"2800\" rel=\"nofollow\" class=\"wp-block-button__link wp-element-button add_to_cart_button ajax_add_to_cart\" data-no-translation=\"\" data-trp-gettext=\"\" data-no-translation-aria-label=\"\">Pievienot grozam<\/a><\/div>\n\t\t\t<\/li><li class=\"wc-block-grid__product\">\n\t\t\t\t<a href=\"https:\/\/sveikatatau.lt\/lv\/products\/kubilas-su-integruota-krosnele-tevelio\/\" class=\"wc-block-grid__product-link\">\n\t\t\t\t\t\n\t\t\t\t\t<div class=\"wc-block-grid__product-image\"><img decoding=\"async\" width=\"300\" height=\"300\" src=\"https:\/\/sveikatatau.lt\/wp-content\/uploads\/2025\/10\/resized_DSC06120-300x300.jpg\" class=\"attachment-woocommerce_thumbnail size-woocommerce_thumbnail\" alt=\"Kubilas su integruota krosnele\" srcset=\"https:\/\/sveikatatau.lt\/wp-content\/uploads\/2025\/10\/resized_DSC06120-300x300.jpg 300w, https:\/\/sveikatatau.lt\/wp-content\/uploads\/2025\/10\/resized_DSC06120-1024x1024.jpg 1024w, https:\/\/sveikatatau.lt\/wp-content\/uploads\/2025\/10\/resized_DSC06120-150x150.jpg 150w, https:\/\/sveikatatau.lt\/wp-content\/uploads\/2025\/10\/resized_DSC06120-768x768.jpg 768w, https:\/\/sveikatatau.lt\/wp-content\/uploads\/2025\/10\/resized_DSC06120-1536x1536.jpg 1536w, https:\/\/sveikatatau.lt\/wp-content\/uploads\/2025\/10\/resized_DSC06120-12x12.jpg 12w, https:\/\/sveikatatau.lt\/wp-content\/uploads\/2025\/10\/resized_DSC06120-600x600.jpg 600w, https:\/\/sveikatatau.lt\/wp-content\/uploads\/2025\/10\/resized_DSC06120-100x100.jpg 100w, https:\/\/sveikatatau.lt\/wp-content\/uploads\/2025\/10\/resized_DSC06120.jpg 1600w\" sizes=\"(max-width: 300px) 100vw, 300px\" \/><\/div>\n\t\t\t\t\t<div class=\"wc-block-grid__product-title\">Kubuls ar integr\u0113tu pl\u012bti<\/div>\n\t\t\t\t<\/a>\n\t\t\t\t<div class=\"wc-block-grid__product-price price\"><span class=\"woocommerce-Price-amount amount\">2892,56&nbsp;<span class=\"woocommerce-Price-currencySymbol\">\u20ac<\/span><\/span> <small class=\"woocommerce-price-suffix\">PVN nav iek\u013cauts<\/small><\/div>\n\t\t\t\t\n\t\t\t\t<div class=\"wp-block-button wc-block-grid__product-add-to-cart\"><a href=\"\/lv\/wp-json\/wp\/v2\/pages\/8?add-to-cart=3377\" aria-label=\"Pievienot grozam: \u201cKubilas su integruota krosnele\u201d\" data-quantity=\"1\" data-product_id=\"3377\" data-product_sku=\"\" data-price=\"2892.561983\" rel=\"nofollow\" class=\"wp-block-button__link wp-element-button add_to_cart_button ajax_add_to_cart\" data-no-translation=\"\" data-trp-gettext=\"\" data-no-translation-aria-label=\"\">Pievienot grozam<\/a><\/div>\n\t\t\t<\/li><li class=\"wc-block-grid__product\">\n\t\t\t\t<a href=\"https:\/\/sveikatatau.lt\/lv\/products\/poilsio-kreslas\/\" class=\"wc-block-grid__product-link\">\n\t\t\t\t\t\n\t\t\t\t\t<div class=\"wc-block-grid__product-image\"><img decoding=\"async\" width=\"300\" height=\"300\" src=\"https:\/\/sveikatatau.lt\/wp-content\/uploads\/2025\/09\/resized_KR-02-PM-300x300.jpg\" class=\"attachment-woocommerce_thumbnail size-woocommerce_thumbnail\" alt=\"Poilsio kr\u0117slas i\u0161 metalo ir med\u017eio\" srcset=\"https:\/\/sveikatatau.lt\/wp-content\/uploads\/2025\/09\/resized_KR-02-PM-300x300.jpg 300w, https:\/\/sveikatatau.lt\/wp-content\/uploads\/2025\/09\/resized_KR-02-PM-150x150.jpg 150w, https:\/\/sveikatatau.lt\/wp-content\/uploads\/2025\/09\/resized_KR-02-PM-100x100.jpg 100w\" sizes=\"(max-width: 300px) 100vw, 300px\" \/><\/div>\n\t\t\t\t\t<div class=\"wc-block-grid__product-title\">Atp\u016btas kr\u0113sls<\/div>\n\t\t\t\t<\/a>\n\t\t\t\t<div class=\"wc-block-grid__product-price price\"><span class=\"woocommerce-Price-amount amount\">290,00&nbsp;<span class=\"woocommerce-Price-currencySymbol\">\u20ac<\/span><\/span> <small class=\"woocommerce-price-suffix\">PVN nav iek\u013cauts<\/small><\/div>\n\t\t\t\t<div class=\"wc-block-grid__product-rating\"><div class=\"star-rating\" role=\"img\" aria-label=\"V\u0113rt\u0113jums 5.00 no 5\" data-no-translation-aria-label=\"\"><span style=\"width:100%\" data-no-translation=\"\" data-trp-gettext=\"\">Nov\u0113rt\u0113ts ar <strong class=\"rating\">5.00<\/strong> no 5, pamatojoties uz <span class=\"rating\">1<\/span> klientu v\u0113rt\u0113jumiem<\/span><\/div><\/div>\n\t\t\t\t<div class=\"wp-block-button wc-block-grid__product-add-to-cart\"><a href=\"\/lv\/wp-json\/wp\/v2\/pages\/8?add-to-cart=3261\" aria-label=\"Pievienot grozam: \u201cPoilsio kr\u0117slas\u201d\" data-quantity=\"1\" data-product_id=\"3261\" data-product_sku=\"\" data-price=\"290\" rel=\"nofollow\" class=\"wp-block-button__link wp-element-button add_to_cart_button ajax_add_to_cart\" data-no-translation=\"\" data-trp-gettext=\"\" data-no-translation-aria-label=\"\">Pievienot grozam<\/a><\/div>\n\t\t\t<\/li><li class=\"wc-block-grid__product\">\n\t\t\t\t<a href=\"https:\/\/sveikatatau.lt\/lv\/products\/lauko-baldai-1-6\/\" class=\"wc-block-grid__product-link\">\n\t\t\t\t\t\n\t\t\t\t\t<div class=\"wc-block-grid__product-image\"><img loading=\"lazy\" decoding=\"async\" width=\"300\" height=\"300\" src=\"https:\/\/sveikatatau.lt\/wp-content\/uploads\/2025\/10\/resized_Lauko-baldai-po-3-men-300x300.jpg\" class=\"attachment-woocommerce_thumbnail size-woocommerce_thumbnail\" alt=\"lauko baldai 1+6\" srcset=\"https:\/\/sveikatatau.lt\/wp-content\/uploads\/2025\/10\/resized_Lauko-baldai-po-3-men-300x300.jpg 300w, https:\/\/sveikatatau.lt\/wp-content\/uploads\/2025\/10\/resized_Lauko-baldai-po-3-men-150x150.jpg 150w, https:\/\/sveikatatau.lt\/wp-content\/uploads\/2025\/10\/resized_Lauko-baldai-po-3-men-100x100.jpg 100w\" sizes=\"(max-width: 300px) 100vw, 300px\" \/><\/div>\n\t\t\t\t\t<div class=\"wc-block-grid__product-title\">\u0100ra m\u0113beles 1+6<\/div>\n\t\t\t\t<\/a>\n\t\t\t\t<div class=\"wc-block-grid__product-price price\"><span class=\"woocommerce-Price-amount amount\">2148,76&nbsp;<span class=\"woocommerce-Price-currencySymbol\">\u20ac<\/span><\/span> <small class=\"woocommerce-price-suffix\">PVN nav iek\u013cauts<\/small><\/div>\n\t\t\t\t\n\t\t\t\t<div class=\"wp-block-button wc-block-grid__product-add-to-cart\"><a href=\"\/lv\/wp-json\/wp\/v2\/pages\/8?add-to-cart=3148\" aria-label=\"Pievienot grozam: \u201cLauko baldai 1+6\u201d\" data-quantity=\"1\" data-product_id=\"3148\" data-product_sku=\"\" data-price=\"2148.760331\" rel=\"nofollow\" class=\"wp-block-button__link wp-element-button add_to_cart_button ajax_add_to_cart\" data-no-translation=\"\" data-trp-gettext=\"\" data-no-translation-aria-label=\"\">Pievienot grozam<\/a><\/div>\n\t\t\t<\/li><\/ul><\/div><\/div>\n<\/div>","protected":false},"excerpt":{"rendered":"","protected":false},"author":1,"featured_media":0,"parent":0,"menu_order":0,"comment_status":"closed","ping_status":"closed","template":"","meta":{"_glsr_average":0,"_glsr_ranking":0,"_glsr_reviews":0,"footnotes":""},"class_list":["post-8","page","type-page","status-publish","hentry"],"_links":{"self":[{"href":"https:\/\/sveikatatau.lt\/lv\/wp-json\/wp\/v2\/pages\/8","targetHints":{"allow":["GET"]}}],"collection":[{"href":"https:\/\/sveikatatau.lt\/lv\/wp-json\/wp\/v2\/pages"}],"about":[{"href":"https:\/\/sveikatatau.lt\/lv\/wp-json\/wp\/v2\/types\/page"}],"author":[{"embeddable":true,"href":"https:\/\/sveikatatau.lt\/lv\/wp-json\/wp\/v2\/users\/1"}],"replies":[{"embeddable":true,"href":"https:\/\/sveikatatau.lt\/lv\/wp-json\/wp\/v2\/comments?post=8"}],"version-history":[{"count":1,"href":"https:\/\/sveikatatau.lt\/lv\/wp-json\/wp\/v2\/pages\/8\/revisions"}],"predecessor-version":[{"id":60,"href":"https:\/\/sveikatatau.lt\/lv\/wp-json\/wp\/v2\/pages\/8\/revisions\/60"}],"wp:attachment":[{"href":"https:\/\/sveikatatau.lt\/lv\/wp-json\/wp\/v2\/media?parent=8"}],"curies":[{"name":"wp","href":"https:\/\/api.w.org\/{rel}","templated":true}]}}