{"id":734,"date":"2025-04-11T09:29:00","date_gmt":"2025-04-11T09:29:00","guid":{"rendered":"http:\/\/sveikatatau.lt\/?post_type=product&#038;p=734"},"modified":"2025-10-22T08:06:38","modified_gmt":"2025-10-22T08:06:38","slug":"kubilas-ant-priekabos","status":"publish","type":"product","link":"https:\/\/sveikatatau.lt\/lv\/products\/kubilas-ant-priekabos\/","title":{"rendered":"Kubu vanna uz piekabes"},"content":{"rendered":"<div style=\"font-size:16px; line-height:1.6; color:#333;\">\n<h2>Kubu vanna uz piekabes \u2013 mobila atp\u016bta jebkur<\/h2>\n<p><strong>Kubu vanna uz piekabes<\/strong> \u2013 ir ekskluz\u012bvs risin\u0101jums, kas \u013cauj baud\u012bt grezn\u012bbu un komfortu jebkur. \u0160ai mobilajai burbu\u013cvannai ir <em>hidromas\u0101\u017eas sist\u0113ma<\/em>, <em>gaisa mas\u0101\u017ea<\/em>, <em>LED apgaismojums<\/em> un moderna <em>Bluetooth audioiek\u0101rtas<\/em>Tas ir k\u0101 mobilais spa, ko var \u0146emt l\u012bdzi ce\u013cojum\u0101, uz lauku m\u0101ju, uz ball\u012bti vai pas\u0101kumu. Karst\u0101 vanna ir piln\u012bb\u0101 gatava lieto\u0161anai, ar bremz\u0113m, gaism\u0101m un vis\u0101m satiksmes at\u013cauj\u0101m \u2013 viss, kas jums j\u0101dara, ir j\u0101pievieno to automa\u0161\u012bnai un j\u0101brauc.<\/p>\n<h3>Tehnisk\u0101s \u012bpa\u0161\u012bbas un funkcijas<\/h3>\n<ul>\n<li><strong>LED apgaismojums:<\/strong> vakaros rada m\u0101j\u012bgu atmosf\u0113ru.<\/li>\n<li><strong>Hidromas\u0101\u017eas sist\u0113ma:<\/strong> pal\u012bdz atsl\u0101bin\u0101t un nomierin\u0101t musku\u013cus.<\/li>\n<li><strong>Gaisa mas\u0101\u017ea:<\/strong> Mazi burbu\u013ci rada spa efektu.<\/li>\n<li><strong>Bluetooth m\u016bzika:<\/strong> Augstas kvalit\u0101tes ska\u013cru\u0146i \u013cauj klaus\u012bties iecien\u012bt\u0101ko m\u016bziku.<\/li>\n<li><strong>Cepe\u0161kr\u0101sns:<\/strong> Efekt\u012bva \u016bdens sild\u012b\u0161ana ar malku.<\/li>\n<li><strong>Dro\u0161\u012bba:<\/strong> Piekabe ar brem\u017eu sist\u0113mu un lukturiem, piem\u0113rota ce\u013cu satiksmei.<\/li>\n<\/ul>\n<h3>\u0112rt\u012bbas un mobilit\u0101te<\/h3>\n<p>\u0160is <strong>burbu\u013cvanna uz piekabes<\/strong> ir paredz\u0113ts tiem, kas v\u0113las baud\u012bt SPA priekus bez ierobe\u017eojumiem. To var novietot pie ezera, lauku m\u0101j\u0101, kalnu pak\u0101j\u0113 vai pat pie m\u0101jas. Pateicoties kompaktajam dizainam, burbu\u013cvanna ir \u0113rti transport\u0113jama un aiz\u0146em maz vietas. Ja nepiecie\u0161ams, to var uzglab\u0101t gar\u0101\u017e\u0101 vai noliktav\u0101.<\/p>\n<h3>Pielietojuma jomas<\/h3>\n<p><strong>Mobil\u0101 burbu\u013cvanna<\/strong> piem\u0113rots ne tikai \u0123imenes atp\u016btai, bet ar\u012b da\u017e\u0101diem pas\u0101kumiem:<\/p>\n<ul>\n<li>K\u0101z\u0101m un jubilej\u0101m;<\/li>\n<li>Korporat\u012bvaj\u0101m ball\u012bt\u0113m un komandas salied\u0113\u0161anas pas\u0101kumiem;<\/li>\n<li>Lauku t\u016brisma m\u0101j\u0101s vai nomas biznesa vajadz\u012bb\u0101m;<\/li>\n<li>Dabas izbraucieniem vai kempingiem.<\/li>\n<\/ul>\n<h3>Apkope un iztur\u012bba<\/h3>\n<p>Kubu ba\u013c\u013ca ir izgatavota no iztur\u012bgiem, ilgm\u016b\u017e\u012bgiem materi\u0101liem, kas ir iztur\u012bgi pret mitrumu, karstumu un aukstumu. LED apgaismojums un ska\u0146as sist\u0113ma ir piel\u0101gota lieto\u0161anai \u0101rpus telp\u0101m. Kubu ba\u013c\u013cas apkope ir vienk\u0101r\u0161a \u2013 vienk\u0101r\u0161i regul\u0101ri t\u012briet iek\u0161pusi un p\u0101rbaudiet filtr\u0101cijas sist\u0113mu. Notek\u016bde\u0146u novad\u012b\u0161ana un t\u012br\u012b\u0161ana ir \u0113rti integr\u0113tas, t\u0101p\u0113c lieto\u0161ana nerad\u012bs nek\u0101das probl\u0113mas.<\/p>\n<h3>Pieg\u0101de un mont\u0101\u017ea<\/h3>\n<p>M\u0113s varam pieg\u0101d\u0101t burbu\u013cvannu saliktu un gatavu lieto\u0161anai. Ja dz\u012bvojat t\u0101l\u0101k, varat to transport\u0113t saliktu, jo konstrukcija ir no\u0146emama un aiz\u0146em daudz maz\u0101k vietas. T\u0101d\u0101 veid\u0101 transporta izmaksas b\u016bs zem\u0101kas. Pieg\u0101de iesp\u0113jama ne tikai Lietuv\u0101, bet ar\u012b uz cit\u0101m valst\u012bm - visu saska\u0146ojam individu\u0101li. Cena ir atkar\u012bga no att\u0101luma un izv\u0113l\u0113t\u0101s transport\u0113\u0161anas metodes.<\/p>\n<h3>K\u0101p\u0113c izv\u0113l\u0113ties burbu\u013cvannu uz piekabes?<\/h3>\n<ul>\n<li>\u2714 \u010cetri vien\u0101: <strong>hidromas\u0101\u017ea, gaisa mas\u0101\u017ea, LED, m\u016bzika<\/strong>.<\/li>\n<li>\u2714 Mobilit\u0101te \u2014 \u0146emiet l\u012bdzi komfortu.<\/li>\n<li>\u2714 Piem\u0113rots \u0123imenei, draugiem, biznesam vai pas\u0101kumiem.<\/li>\n<li>\u2714 Iztur\u012bgi materi\u0101li un moderns apr\u012bkojums.<\/li>\n<li>\u2714 Vienk\u0101r\u0161a apkope un lieto\u0161ana.<\/li>\n<\/ul>\n<h3>BUJ \u2014 bie\u017ei uzdotie jaut\u0101jumi<\/h3>\n<p><strong>Jaut\u0101jums:<\/strong> Vai burbu\u013cvanna ir piem\u0113rota lieto\u0161anai ziem\u0101?<br \/>\n     <strong>Atbilde:<\/strong> J\u0101, dizains ir piem\u0113rots lieto\u0161anai ziem\u0101, \u016bdens \u0101tri uzsilst, un mas\u0101\u017eas funkcijas darbojas neatkar\u012bgi no laikapst\u0101k\u013ciem.<\/p>\n<p><strong>Jaut\u0101jums:<\/strong> Vai es varu savienot savu t\u0101lruni ar ska\u0146as sist\u0113mu?<br \/>\n     <strong>Atbilde:<\/strong> J\u0101, burbu\u013cvannai ir Bluetooth audio, kas \u013cauj atska\u0146ot m\u016bziku tie\u0161i no t\u0101lru\u0146a.<\/p>\n<p><strong>Jaut\u0101jums:<\/strong> Cik cilv\u0113ku var ietilpt burbu\u013cvann\u0101?<br \/>\n     <strong>Atbilde:<\/strong> Atkar\u012bb\u0101 no mode\u013ca, tas parasti \u0113rti var uz\u0146emt 6-8 cilv\u0113kus.<\/p>\n<p><strong>Jaut\u0101jums:<\/strong> Vai man ir nepiecie\u0161amas \u012bpa\u0161as at\u013caujas, lai brauktu ar burbu\u013cvannu uz piekabes?<br \/>\n     <strong>Atbilde:<\/strong> N\u0113, piekabei ir brem\u017eu sist\u0113ma, gaismas un visi nepiecie\u0161amie dokumenti ce\u013cu satiksmei.<\/p>\n<h3>Papildinform\u0101cija<\/h3>\n<p>Par mums pa\u0161iem <a href=\"https:\/\/lt.wikipedia.org\/wiki\/Kubilas\" target=\"_blank\" rel=\"noopener\">Par burbu\u013cvann\u0101m var las\u012bt Vikip\u0113dij\u0101.<\/a>Aicin\u0101m apskat\u012bt ar\u012b citus m\u016bsu produktus \u2013 <a href=\"https:\/\/sveikatatau.lt\/lv\/tevelio-darbeliai\/\">T\u0113va darbs<\/a>.<\/p>\n<div style=\"margin:18px 0; padding:14px 16px; background:#f7f7f7; border-radius:10px;\">\n    Jaut\u0101jumi? Rakstiet <a href=\"mailto:sveikatatau@gmail.com\">sveikatatau@gmail.com<\/a> vai zvaniet<br \/>\n    <a href=\"tel:+37061246039\">+370 612 46039<\/a>M\u0113s labpr\u0101t sniegsim jums konsult\u0101cijas par pieg\u0101des, apkopes un lieto\u0161anas iesp\u0113j\u0101m.\n  <\/div>\n<\/div>\n<h3>Kubu vanna uz piekabes \u2013 praktiskums un \u0113rt\u012bbas<\/h3>\n<p><strong>Kubu vanna uz piekabes<\/strong> ir lieliska izv\u0113le tiem, kas nov\u0113rt\u0113 komfortu un mobilit\u0101ti. At\u0161\u0137ir\u012bb\u0101 no stacion\u0101raj\u0101m burbu\u013cvann\u0101m, \u0161is modelis \u013cauj baud\u012bt siltu \u016bdeni un mas\u0101\u017eas funkcijas jebkur \u2013 pie ezera, lauku m\u0101j\u0101 vai pat ce\u013cojuma laik\u0101. Mobilit\u0101te sniedz liel\u0101ku br\u012bv\u012bbu, pl\u0101nojot atva\u013cin\u0101jumus vai svin\u012bbas, jo burbu\u013cvannu var viegli transport\u0113t uz vietu, kur t\u0101 visvair\u0101k nepiecie\u0161ama.<\/p>\n<h3>Lieto\u0161anas priek\u0161roc\u012bbas<\/h3>\n<ul>\n<li><strong>Elast\u012bba:<\/strong> Kubu kublu var izmantot gan priv\u0101tai atp\u016btai, gan publiskiem pas\u0101kumiem.<\/li>\n<li><strong>Ekonomika:<\/strong> Jums nav nepiecie\u0161ams past\u0101v\u012bgi tur\u0113t ier\u012bci vienuviet \u2014 burbu\u013cvanna ce\u013co kop\u0101 ar jums.<\/li>\n<li><strong>Dro\u0161\u012bba:<\/strong> Piekabei ir brem\u017eu sist\u0113ma, apgaismojums un satiksmes at\u013caujas, t\u0101p\u0113c p\u0101rvad\u0101\u0161ana ir piln\u012bgi likum\u012bga un dro\u0161a.<\/li>\n<li><strong>\u0112rta uzglab\u0101\u0161ana:<\/strong> Kad burbu\u013cvanna netiek lietota, to var uzglab\u0101t gar\u0101\u017e\u0101 vai p\u0101rkl\u0101t pagalm\u0101 ar speci\u0101lu p\u0101rsegu.<\/li>\n<\/ul>\n<h3>Kam tas ir piem\u0113rots?<\/h3>\n<p><strong>Kubu vanna uz piekabes<\/strong> Piem\u0113rots gan \u0123imenes atp\u016btai, gan lauku t\u016brisma saimniec\u012bb\u0101m, gan pas\u0101kumu organiz\u0113\u0161anai. Tas ir ne tikai pat\u012bkams veids, k\u0101 pavad\u012bt br\u012bvo laiku, bet ar\u012b ieguld\u012bjums, kas var rad\u012bt papildu ien\u0101kumus, jo burbu\u013cvannu var iznom\u0101t. M\u016bsdien\u012bgs dizains, LED apgaismojums un ska\u0146as sist\u0113ma rada \u012bpa\u0161u atmosf\u0113ru, padarot burbu\u013cvannu par pievilc\u012bbas centru jebkur\u0101 pas\u0101kum\u0101.<\/p>\n<h3>Papildu iesp\u0113jas<\/h3>\n<p>Pieg\u0101de pieejama vis\u0101 Lietuv\u0101 un pat \u0101rpus t\u0101s robe\u017e\u0101m. P\u0113c nepiecie\u0161am\u012bbas. <strong>burbu\u013cvanna uz piekabes<\/strong> var transport\u0113t gan salikt\u0101, gan izjaukt\u0101 veid\u0101 \u2013 tas \u013cauj samazin\u0101t transport\u0113\u0161anas izmaksas uz t\u0101l\u0101m valst\u012bm. M\u0113s vienm\u0113r nodro\u0161in\u0101m klientus ar instrukcij\u0101m par to, k\u0101 pareizi lietot un uztur\u0113t burbu\u013cvannu, lai t\u0101 kalpotu daudzus gadus. \u0160is ir risin\u0101jums, kas apvieno mobilit\u0101ti, grezn\u012bbu un praktiskumu vienuviet.<\/p>\n<p>Apskati ar\u012b m\u016bs\u0113jo <a href=\"https:\/\/sveikatatau.lt\/lv\/products\/lauko-baldai-1plus6\/\">\u0101ra m\u0113beles 1+6<\/a> \u2013 moderns m\u0113be\u013cu komplekts ar galdu un 6 kr\u0113sliem.<\/p>","protected":false},"excerpt":{"rendered":"<p>Mobila burbu\u013cvanna ar hidromas\u0101\u017eu, LED apgaismojumu un Bluetooth ska\u0146as sist\u0113mu \u2013 atp\u016btieties, kur vien v\u0113laties!<\/p>","protected":false},"featured_media":221,"comment_status":"open","ping_status":"closed","template":"","meta":{"_glsr_average":0,"_glsr_ranking":0,"_glsr_reviews":0},"product_brand":[],"product_cat":[52],"product_tag":[],"class_list":{"0":"post-734","1":"product","2":"type-product","3":"status-publish","4":"has-post-thumbnail","6":"product_cat-kubilai","8":"first","9":"instock","10":"taxable","11":"shipping-taxable","12":"purchasable","13":"product-type-simple"},"_links":{"self":[{"href":"https:\/\/sveikatatau.lt\/lv\/wp-json\/wp\/v2\/product\/734","targetHints":{"allow":["GET"]}}],"collection":[{"href":"https:\/\/sveikatatau.lt\/lv\/wp-json\/wp\/v2\/product"}],"about":[{"href":"https:\/\/sveikatatau.lt\/lv\/wp-json\/wp\/v2\/types\/product"}],"replies":[{"embeddable":true,"href":"https:\/\/sveikatatau.lt\/lv\/wp-json\/wp\/v2\/comments?post=734"}],"version-history":[{"count":8,"href":"https:\/\/sveikatatau.lt\/lv\/wp-json\/wp\/v2\/product\/734\/revisions"}],"predecessor-version":[{"id":3209,"href":"https:\/\/sveikatatau.lt\/lv\/wp-json\/wp\/v2\/product\/734\/revisions\/3209"}],"wp:featuredmedia":[{"embeddable":true,"href":"https:\/\/sveikatatau.lt\/lv\/wp-json\/wp\/v2\/media\/221"}],"wp:attachment":[{"href":"https:\/\/sveikatatau.lt\/lv\/wp-json\/wp\/v2\/media?parent=734"}],"wp:term":[{"taxonomy":"product_brand","embeddable":true,"href":"https:\/\/sveikatatau.lt\/lv\/wp-json\/wp\/v2\/product_brand?post=734"},{"taxonomy":"product_cat","embeddable":true,"href":"https:\/\/sveikatatau.lt\/lv\/wp-json\/wp\/v2\/product_cat?post=734"},{"taxonomy":"product_tag","embeddable":true,"href":"https:\/\/sveikatatau.lt\/lv\/wp-json\/wp\/v2\/product_tag?post=734"}],"curies":[{"name":"wp","href":"https:\/\/api.w.org\/{rel}","templated":true}]}}