{"id":3261,"date":"2025-09-28T18:17:13","date_gmt":"2025-09-28T18:17:13","guid":{"rendered":"https:\/\/sveikatatau.lt\/?post_type=product&#038;p=3261"},"modified":"2025-10-22T08:02:49","modified_gmt":"2025-10-22T08:02:49","slug":"poilsio-kreslas","status":"publish","type":"product","link":"https:\/\/sveikatatau.lt\/pl\/produkt\/poilsio-kreslas\/","title":{"rendered":"Fotel wypoczynkowy"},"content":{"rendered":"<div style=\"font-size:16px; line-height:1.6; color:#333;\">\n<h2>Le\u017cak to solidny i trwa\u0142y wyb\u00f3r do Twojego ogrodu<\/h2>\n<p>Marzysz o relaksie w ogrodzie, na tarasie lub nad wod\u0105, gdzie b\u0119dziesz m\u00f3g\u0142 si\u0119 komfortowo zrelaksowa\u0107? To <strong>fotel wypoczynkowy<\/strong> Stworzony w\u0142a\u015bnie do tego. To nie tylko mebel, ale tak\u017ce gwarancja Twojego komfortu i przytulno\u015bci. Fotel wykonany jest z <strong>solidna metalowa rama<\/strong> I <strong>drewno sosnowe poddane obr\u00f3bce termicznej<\/strong>dlatego jest niezwykle odporny na warunki zewn\u0119trzne, stabilny i trwa\u0142y.<\/p>\n<h3>Solidna metalowa rama<\/h3>\n<p>Konstrukcja tego le\u017caka sk\u0142ada si\u0119 z <strong>czarna metalowa rama<\/strong>, zapewniaj\u0105c wyj\u0105tkow\u0105 stabilno\u015b\u0107. Metal zosta\u0142 wybrany ze wzgl\u0119du na swoj\u0105 trwa\u0142o\u015b\u0107 i odporno\u015b\u0107 na odkszta\u0142cenia, dzi\u0119ki czemu krzes\u0142o pozostanie stabilne nawet po wielu latach u\u017cytkowania. Minimalistyczny design pozwala metalowi harmonijnie \u0142\u0105czy\u0107 si\u0119 z naturalnym drewnem, tworz\u0105c nowoczesny i stylowy mebel.<\/p>\n<h3>Drewno poddane obr\u00f3bce termicznej<\/h3>\n<p>Siedzisko i oparcie krzes\u0142a wykonane s\u0105 z <strong>drewno sosnowe poddane obr\u00f3bce termicznej<\/strong>To specjalna technologia, w kt\u00f3rej drewno jest podgrzewane do <strong>212\u00b0C<\/strong>Pod wp\u0142ywem wysokiej temperatury pory drewna ulegaj\u0105 zniszczeniu, co zwi\u0119ksza jego odporno\u015b\u0107 na wilgo\u0107, gnicie i szkodniki. Kolejn\u0105 wa\u017cn\u0105 zalet\u0105 jest to, \u017ce drewno nie przesuwa si\u0119, pozostaje stabilne i nie odkszta\u0142ca si\u0119 nawet przy zmiennych warunkach atmosferycznych.<\/p>\n<p>Obr\u00f3bka termiczna nadaje drewnu bogatszy kolor i subtelne, naturalne pi\u0119kno. To rozwi\u0105zanie przyjazne dla \u015brodowiska, poniewa\u017c w\u0142a\u015bciwo\u015bci drewna s\u0105 poprawiane bez u\u017cycia \u015brodk\u00f3w chemicznych.<\/p>\n<p>Wi\u0119cej o obr\u00f3bce termicznej drewna mo\u017cna przeczyta\u0107 <a href=\"https:\/\/www.brolistimber.eu\/produkto_kategorija\/technologija\/\" target=\"_blank\" rel=\"noopener noreferrer\" style=\"color:#0066cc; text-decoration:underline;\">Tutaj<\/a>.<\/p>\n<h3>Ochrona naturalnym olejem<\/h3>\n<p>Drewno jest dodatkowo powlekane <strong>naturalny olej<\/strong>Zapewnia to jeszcze wi\u0119ksz\u0105 odporno\u015b\u0107 na wp\u0142ywy \u015brodowiska i podkre\u015bla faktur\u0119 drewna sosnowego. Olej pozwala drewnu oddycha\u0107, ale jednocze\u015bnie chroni je przed wch\u0142anianiem wilgoci. Taka pow\u0142oka gwarantuje, \u017ce krzes\u0142o zachowa estetyk\u0119 i atrakcyjny wygl\u0105d przez d\u0142ugi czas.<\/p>\n<h3>Komfort i personalizacja<\/h3>\n<p>Ten fotel wypoczynkowy ma ergonomiczn\u0105 konstrukcj\u0119. Cz\u0119\u015b\u0107 wypoczynkowa zosta\u0142a zaprojektowana z my\u015bl\u0105 o komfortowym relaksie, dzi\u0119ki czemu mo\u017cesz cieszy\u0107 si\u0119 d\u0142ugimi popo\u0142udniami na \u015bwie\u017cym powietrzu lub przytulnym wieczorem na tarasie. Fotel idealnie pasuje do <strong>dolne sto\u0142y (wysoko\u015b\u0107 ok. 60 cm)<\/strong>, co czyni j\u0105 doskona\u0142ym wyborem zar\u00f3wno na przerw\u0119 na kaw\u0119, jak i spotkanie ze znajomymi.<\/p>\n<p>Dla jeszcze wi\u0119kszego komfortu mo\u017cesz u\u017cy\u0107 <strong>wy\u015bci\u00f3\u0142ka lub poduszki<\/strong>Zapewni to dodatkowy komfort i pozwoli na siedzenie w bardziej mi\u0119kkiej pozycji, zw\u0142aszcza je\u015bli planujesz korzysta\u0107 z fotela przez d\u0142u\u017cszy czas.<\/p>\n<h3>Zalety blisko\u015bci zbiornik\u00f3w wodnych<\/h3>\n<p>Waga tego krzes\u0142a wynosi <strong>18 kg<\/strong>, wi\u0119c jest niezwykle stabilny. Oznacza to, \u017ce <strong>idealny do stosowania w pobli\u017cu jezior, rzek lub na pomostach<\/strong> \u2013 wiatr nie zdmuchnie takich mebli tak \u0142atwo. To wa\u017cna zaleta dla tych, kt\u00f3rzy chc\u0105, aby meble ogrodowe pozosta\u0142y na swoim miejscu nawet w wietrzne dni.<\/p>\n<h3>Trwa\u0142o\u015b\u0107 i \u0142atwa konserwacja<\/h3>\n<p>Le\u017cak zosta\u0142 zaprojektowany z my\u015bl\u0105 o wieloletniej trwa\u0142o\u015bci. Niestraszny mu deszcz, upalne s\u0142o\u0144ce ani wahania temperatury. Konserwacja jest niezwykle prosta \u2013 wystarczy od czasu do czasu przetrze\u0107 powierzchni\u0119 wilgotn\u0105 \u015bciereczk\u0105. Aby jeszcze bardziej przed\u0142u\u017cy\u0107 jego \u017cywotno\u015b\u0107, raz na sezon mo\u017cna od\u015bwie\u017cy\u0107 powierzchni\u0119 naturalnym olejem.<\/p>\n<h3>Dane techniczne<\/h3>\n<ul>\n<li>Materia\u0142: drewno sosnowe (obrobione cieplnie, pokryte naturalnym olejem)<\/li>\n<li>Rama: czarna metalowa rama<\/li>\n<li>Kolor: naturalne ciemne drewno + czarny metal<\/li>\n<li>Przeznaczenie: do u\u017cytku na zewn\u0105trz i wewn\u0105trz<\/li>\n<li>Kompatybilno\u015b\u0107: wygodny w u\u017cyciu ze sto\u0142ami o wysoko\u015bci do ~60 cm<\/li>\n<li>Mo\u017cliwo\u015b\u0107 dodania wype\u0142nienia lub poduszek<\/li>\n<li>Waga: <strong>18 kg<\/strong><\/li>\n<\/ul>\n<h3>Dlaczego warto wybra\u0107 ten fotel?<\/h3>\n<p>Ten <strong>fotel wypoczynkowy<\/strong> To co\u015b wi\u0119cej ni\u017c tylko mebel. To inwestycja w Tw\u00f3j codzienny komfort, zdrowszy relaks i estetyk\u0119. Do jego produkcji wybrano wy\u0142\u0105cznie wysokiej jako\u015bci, naturalne materia\u0142y \u2013 metal, drewno sosnowe, naturalny olej. Wszystkie te elementy \u0142\u0105cz\u0105 si\u0119 w jedn\u0105 ca\u0142o\u015b\u0107, tworz\u0105c mebel, kt\u00f3ry niezawodnie pos\u0142u\u017cy przez wiele lat.<\/p>\n<p>Wybieraj\u0105c ten fotel, zyskujesz nie tylko wygodny mebel, ale tak\u017ce stylowy akcent do swojego wn\u0119trza i ogrodu. Idealnie wpasuje si\u0119 do ogrodu, tarasu, altany, a nawet salonu. Dzi\u0119ki swojej wszechstronno\u015bci i trwa\u0142o\u015bci, fotel stanie si\u0119 ulubionym miejscem odpoczynku dla Ciebie i Twojej rodziny.<\/p>\n<\/div>\n<h3>Gdzie mo\u017cna u\u017cywa\u0107 tego krzes\u0142a?<\/h3>\n<p>Ten fotel wypoczynkowy idealnie sprawdzi si\u0119 w r\u00f3\u017cnych przestrzeniach. Mo\u017cna go ustawi\u0107 na <strong>tarasy<\/strong>, <strong>w altanie<\/strong>, <strong>na podw\u00f3rku<\/strong>, <strong>przy basenie<\/strong> czy <strong>zbiornik wodny<\/strong>Ze wzgl\u0119du na swoj\u0105 wag\u0119 i wytrzyma\u0142o\u015b\u0107, krzes\u0142o pozostaje stabilne nawet w wietrzne dni, co czyni je niezawodnym wyborem nie tylko do codziennego u\u017cytku, ale r\u00f3wnie\u017c na imprezy lub do przyjmowania go\u015bci.<\/p>\n<p>W przeciwie\u0144stwie do plastikowych mebli, kt\u00f3re szybko trac\u0105 kszta\u0142t i kolor, to krzes\u0142o jest trwa\u0142e. Zachowuje swoj\u0105 estetyk\u0119 przez wiele lat, dzi\u0119ki czemu jest nie tylko praktycznym meblem, ale tak\u017ce\u2026 <strong>jako akcent do wn\u0119trza domu lub gospodarstwa<\/strong>.<\/p>\n<h3>Inwestycja w jako\u015b\u0107<\/h3>\n<p>Kupuj\u0105c to krzes\u0142o, wybierasz mebel, kt\u00f3ry nie b\u0119dzie wymaga\u0142 ci\u0105g\u0142ej wymiany ani naprawy. To <strong>inwestycja w jako\u015b\u0107<\/strong>, co op\u0142aca si\u0119 na d\u0142u\u017csz\u0105 met\u0119. Ka\u017cdy detal \u2013 od metalowej ramy po olejowane drewno \u2013 jest przemy\u015blany, aby zapewni\u0107 maksymalny komfort i trwa\u0142o\u015b\u0107.<\/p>\n<p>Wi\u0119cej o obr\u00f3bce termicznej drewna mo\u017cna przeczyta\u0107<br \/>\n<a href=\"https:\/\/lt.wikipedia.org\/wiki\/Termi%C5%A1kai_apdorota_mediena\" target=\"_blank\" rel=\"noopener\">Na Wikipedii<\/a>.<\/p>\n<p>Krzes\u0142a te mo\u017cna wypr\u00f3bowa\u0107 w naszych gospodarstwach agroturystycznych:<br \/>\n<a href=\"https:\/\/sveikatatau.lt\/pl\/villa-arjola\/\" style=\"color:#0066cc; text-decoration:underline;\">Willa Arjola<\/a>,<br \/>\n<a href=\"https:\/\/sveikatatau.lt\/pl\/pirtele-arjola-2-5-zmonems-poilsis-su-kubilu\/\" style=\"color:#0066cc; text-decoration:underline;\">Sauna Arjola<\/a> I<br \/>\n<a href=\"https:\/\/sveikatatau.lt\/pl\/miskas-arjola\/\" style=\"color:#0066cc; text-decoration:underline;\">Las Arjola<\/a>. <\/p>","protected":false},"excerpt":{"rendered":"<p><strong>Tvirtas poilsio kr\u0117slas<\/strong>, pagamintas i\u0161 metalo r\u0117mo ir termi\u0161kai apdorotos pu\u0161in\u0117s medienos, padengtos nat\u016braliu aliejumi.<br \/>\nStabilus net prie vandens telkini\u0173 (svoris \u2013 18 kg), tinka naudoti tiek lauke, tiek viduje. Dar daugiau komforto suteikia pamink\u0161tinimai ar pagalv\u0117l\u0117s.<\/p>","protected":false},"featured_media":3263,"comment_status":"open","ping_status":"closed","template":"","meta":{"_glsr_average":0,"_glsr_ranking":0,"_glsr_reviews":0},"product_brand":[],"product_cat":[23],"product_tag":[],"class_list":{"0":"post-3261","1":"product","2":"type-product","3":"status-publish","4":"has-post-thumbnail","6":"product_cat-tevelio-darbeliai","8":"first","9":"instock","10":"featured","11":"taxable","12":"shipping-taxable","13":"purchasable","14":"product-type-simple"},"_links":{"self":[{"href":"https:\/\/sveikatatau.lt\/pl\/wp-json\/wp\/v2\/product\/3261","targetHints":{"allow":["GET"]}}],"collection":[{"href":"https:\/\/sveikatatau.lt\/pl\/wp-json\/wp\/v2\/product"}],"about":[{"href":"https:\/\/sveikatatau.lt\/pl\/wp-json\/wp\/v2\/types\/product"}],"replies":[{"embeddable":true,"href":"https:\/\/sveikatatau.lt\/pl\/wp-json\/wp\/v2\/comments?post=3261"}],"version-history":[{"count":4,"href":"https:\/\/sveikatatau.lt\/pl\/wp-json\/wp\/v2\/product\/3261\/revisions"}],"predecessor-version":[{"id":3277,"href":"https:\/\/sveikatatau.lt\/pl\/wp-json\/wp\/v2\/product\/3261\/revisions\/3277"}],"wp:featuredmedia":[{"embeddable":true,"href":"https:\/\/sveikatatau.lt\/pl\/wp-json\/wp\/v2\/media\/3263"}],"wp:attachment":[{"href":"https:\/\/sveikatatau.lt\/pl\/wp-json\/wp\/v2\/media?parent=3261"}],"wp:term":[{"taxonomy":"product_brand","embeddable":true,"href":"https:\/\/sveikatatau.lt\/pl\/wp-json\/wp\/v2\/product_brand?post=3261"},{"taxonomy":"product_cat","embeddable":true,"href":"https:\/\/sveikatatau.lt\/pl\/wp-json\/wp\/v2\/product_cat?post=3261"},{"taxonomy":"product_tag","embeddable":true,"href":"https:\/\/sveikatatau.lt\/pl\/wp-json\/wp\/v2\/product_tag?post=3261"}],"curies":[{"name":"wp","href":"https:\/\/api.w.org\/{rel}","templated":true}]}}