{"id":736,"date":"2025-04-11T10:11:43","date_gmt":"2025-04-11T10:11:43","guid":{"rendered":"http:\/\/sveikatatau.lt\/?post_type=product&#038;p=736"},"modified":"2025-10-22T08:06:08","modified_gmt":"2025-10-22T08:06:08","slug":"gultai-mediniai-su-metaliniais-remais","status":"publish","type":"product","link":"https:\/\/sveikatatau.lt\/pl\/produkt\/gultai-mediniai-su-metaliniais-remais\/","title":{"rendered":"Drewniane le\u017caki z metalow\u0105 ram\u0105"},"content":{"rendered":"<div style=\"font-size: 16px; line-height: 1.6; color: #333;\">\n<h2>Drewniane le\u017caki z metalow\u0105 ram\u0105 \u2013 komfort, wytrzyma\u0142o\u015b\u0107 i trwa\u0142o\u015b\u0107<\/h2>\n<p><strong>Drewniane le\u017caki z metalow\u0105 ram\u0105<\/strong> \u2013 to wygodne i stylowe meble, idealne zar\u00f3wno do codziennego relaksu, jak i wyj\u0105tkowego komfortu w ogrodzie czy na tarasie. \u0141\u0105cz\u0105 w sobie <em>sosna poddana obr\u00f3bce cieplnej i olejowana<\/em> pi\u0119kno i <em>suszona i malowana sosna<\/em> Estetyka z wytrzyma\u0142o\u015bci\u0105 metalu. Taka konstrukcja zapewnia trwa\u0142o\u015b\u0107, niezawodno\u015b\u0107 i odporno\u015b\u0107 na czynniki \u015brodowiskowe. <em>regulowane drewniane le\u017caki<\/em> mie\u0107 nawet <strong>7 regulowanych pozycji<\/strong>Dzi\u0119ki temu ka\u017cdy znajdzie idealny k\u0105t nachylenia oparcia. Stela\u017c wykonany jest z wysokiej jako\u015bci metalu, a powierzchnia z wytrzyma\u0142ego drewna sosnowego.<\/p>\n<h3>Informacje techniczne \u2013 le\u017caki drewniane z metalow\u0105 ram\u0105<\/h3>\n<ul>\n<li><strong>Regulowane pozycje:<\/strong> 7 r\u00f3\u017cnych k\u0105t\u00f3w nachylenia oparcia dla indywidualnego komfortu.<\/li>\n<li><strong>Wymiary:<\/strong> szeroko\u015b\u0107 60 cm (pod standardowy materac), d\u0142ugo\u015b\u0107 200 cm.<\/li>\n<li><strong>Wysoko\u015b\u0107 w pozycji le\u017c\u0105cej:<\/strong> 40 cm, maksymalna wysoko\u015b\u0107 ustawionego po\u0142o\u017cenia \u2013 90 cm.<\/li>\n<li><strong>Waga:<\/strong> oko\u0142o 35 kg \u2013 stabilny i bezpieczny, nie zostanie \u0142atwo porwany przez wiatr.<\/li>\n<li><strong>Przybory:<\/strong> solidne metalowe ramy i drewno sosnowe (obrobione cieplnie i olejowane lub suszone i malowane).<\/li>\n<\/ul>\n<h3>G\u0142\u00f3wne zalety<\/h3>\n<ul>\n<li>\u2714 <strong>Le\u017caki ogrodowe z drewna i metalu<\/strong> \u2013 stylowe i funkcjonalne po\u0142\u0105czenie.<\/li>\n<li>\u2714 <strong>Le\u017caki ogrodowe z metalow\u0105 ram\u0105<\/strong> \u2013 odporne na wp\u0142ywy \u015brodowiska.<\/li>\n<li>\u2714 Regulowane oparcie \u2013 a\u017c 7 pozycji, gwarantuj\u0105cych komfort wypoczynku.<\/li>\n<li>\u2714 <strong>Le\u017caki tarasowe z naturalnej sosny<\/strong> \u2013 trwa\u0142e, estetyczne i wygodne.<\/li>\n<li>\u2714 Stabilny i wytrzyma\u0142y - waga ok. 35 kg gwarantuje niezawodne u\u017cytkowanie.<\/li>\n<li>\u2714 <strong>Meble ogrodowe z drewna i metalu<\/strong> pasuje do nowoczesnego i klasycznego wygl\u0105du zewn\u0119trznego.<\/li>\n<\/ul>\n<h3>Gdzie stosowa\u0107?<\/h3>\n<p>Te <strong>le\u017caki na taras lub basen<\/strong> Idealne do prywatnego dziedzi\u0144ca, wiejskiej posiad\u0142o\u015bci lub nowoczesnego miejsca rekreacyjnego nad wod\u0105. Mog\u0105 sta\u0107 si\u0119 niezast\u0105pionym akcentem na tarasie, zapewniaj\u0105c komfort w d\u0142ugie letnie wieczory. <em>Wygodne le\u017caki do relaksu<\/em> jest nie tylko praktycznym rozwi\u0105zaniem s\u0142u\u017c\u0105cym relaksowi, ale tak\u017ce elementem estetycznym wn\u0119trza i elewacji.<\/p>\n<h3>Design i komfort<\/h3>\n<p><strong>Nowoczesne le\u017caki ogrodowe<\/strong> Charakteryzuj\u0105 si\u0119 czystymi liniami, neutralnym wzornictwem i estetyk\u0105 naturalnych materia\u0142\u00f3w. Dzi\u0119ki regulowanemu oparciu mo\u017cna je dostosowa\u0107 do r\u00f3\u017cnych aktywno\u015bci \u2013 opalania, czytania ksi\u0105\u017cki, relaksu, a nawet snu na \u015bwie\u017cym powietrzu. <em>Solidne le\u017caki ze stalowymi ramami<\/em> zapewnia bezpieczne podparcie, a powierzchnia wykonana jest z <strong>sosna<\/strong> gwarantuje naturalny dotyk i wygod\u0119.<\/p>\n<h3>Dostawa na terenie ca\u0142ej Litwy<\/h3>\n<p>Dostarczamy \u0142\u00f3\u017cka na terenie ca\u0142ej Litwy w ci\u0105gu 2\u20135 tygodni. Chcesz zobaczy\u0107 nasze produkty na \u017cywo? Odwied\u017a nasz warsztat w Kaltan\u0117nai, gdzie mo\u017cesz sprawdzi\u0107 komfort i wytrzyma\u0142o\u015b\u0107 konstrukcji.<\/p>\n<h3>Wskaz\u00f3wki dotycz\u0105ce u\u017cytkowania<\/h3>\n<ul>\n<li>Zaleca si\u0119 stosowanie os\u0142ony lub przechowywanie pod daszkiem. <strong>drewno sosnowe<\/strong> b\u0119d\u0105 chronione d\u0142u\u017cej.<\/li>\n<li>Raz na sezon drewno mo\u017cna pokry\u0107 olejem lub impregnatem, co podkre\u015bli jego faktur\u0119 i przed\u0142u\u017cy jego \u017cywotno\u015b\u0107.<\/li>\n<li>Przechowuj le\u017caki w suchym miejscu w okresie zimowym lub w przypadku d\u0142u\u017cszego nieu\u017cywania.<\/li>\n<\/ul>\n<h3>Cz\u0119sto zadawane pytania (FAQ)<\/h3>\n<p><strong>Pytanie:<\/strong> Czy to s\u0105 <strong>regulowane drewniane le\u017caki<\/strong> nadaje si\u0119 do stosowania zim\u0105?<br \/>\n<strong>Odpowied\u017a:<\/strong> Tak, ale zalecamy przechowywanie ich w suchym miejscu lub przykrycie specjalnym pokrowcem.<\/p>\n<p><strong>Pytanie:<\/strong> Ile os\u00f3b mo\u017ce korzysta\u0107 z solarium?<br \/>\n<strong>Odpowied\u017a:<\/strong> Jedno \u0142\u00f3\u017cko przeznaczone jest dla jednej osoby, ale ze wzgl\u0119du na jego d\u0142ugo\u015b\u0107 200 cm, komfortowo zmieszcz\u0105 si\u0119 w nim r\u00f3wnie\u017c wy\u017csze osoby.<\/p>\n<p><strong>Pytanie:<\/strong> Czy te le\u017caki mo\u017cna u\u017cywa\u0107 przy basenie?<br \/>\n<strong>Odpowied\u017a:<\/strong> Tak, <strong>le\u017caki na taras lub basen<\/strong> s\u0105 odporne na dzia\u0142anie czynnik\u00f3w \u015brodowiskowych, dlatego nadaj\u0105 si\u0119 do stosowania w pobli\u017cu wody.<\/p>\n<h3>Informacje dodatkowe<\/h3>\n<p><strong>Le\u017caki<\/strong> Le\u017caki to jedne z najstarszych mebli wypoczynkowych na \u015bwiecie \u2013 ich historia si\u0119ga staro\u017cytnych cywilizacji. Wi\u0119cej o le\u017cakach przeczytasz tutaj. <a href=\"https:\/\/lt.wikipedia.org\/wiki\/Gultas\" target=\"_blank\" rel=\"noopener\">Na Wikipedii<\/a>.<\/p>\n<p>Sprawd\u017a tak\u017ce nasze <a href=\"https:\/\/sveikatatau.lt\/pl\/tevelio-darbeliai\/\">Praca ojca<\/a> \u2013 znajdziesz wi\u0119cej <em>meble ogrodowe z drewna i metalu<\/em>kt\u00f3re ozdobi\u0105 Tw\u00f3j ogr\u00f3d lub taras.<\/p>\n<div style=\"margin: 18px 0; padding: 14px 16px; background: #f7f7f7; border-radius: 10px;\">\nMasz pytania? Napisz <a href=\"mailto:sveikatatau@gmail.com\">sveikatatau@gmail.com<\/a> lub zadzwo\u0144 <a href=\"tel:+37061246039\">+370 612 46039<\/a>Ch\u0119tnie doradzimy i pomo\u017cemy w wyborze tych najbardziej odpowiednich. <strong>le\u017caki ogrodowe z drewna i metalu<\/strong>.<\/p>\n<h3>Dlaczego warto wybra\u0107 le\u017caki drewniane z metalowym stela\u017cem?<\/h3>\n<p><strong>Drewniane le\u017caki z metalow\u0105 ram\u0105<\/strong> To doskona\u0142e rozwi\u0105zanie dla os\u00f3b ceni\u0105cych naturalne materia\u0142y i trwa\u0142o\u015b\u0107. \u0141\u0105cz\u0105 w sobie ciep\u0142o drewna sosnowego i wytrzyma\u0142o\u015b\u0107 metalowych konstrukcji. Dzi\u0119ki temu le\u017caki te pos\u0142u\u017c\u0105 przez wiele lat, zachowuj\u0105c komfort i estetyk\u0119 nawet przy intensywnym u\u017cytkowaniu na zewn\u0105trz.<\/p>\n<h3>D\u0142ugowieczno\u015b\u0107<\/h3>\n<p><strong>Drewniane le\u017caki z metalow\u0105 ram\u0105<\/strong> Zaprojektowane, by s\u0142u\u017cy\u0107 latami. Dzi\u0119ki wytrzyma\u0142ej metalowej ramie i starannie obrobionemu drewnu sosnowemu, le\u017caki te nadaj\u0105 si\u0119 do u\u017cytku na prywatnym podw\u00f3rku, w gospodarstwie rolnym lub przy basenie \u2013 nawet przy intensywnym u\u017cytkowaniu pozostan\u0105 wygodne i stabilne.<\/p>\n<\/div>\n<\/div>","protected":false},"excerpt":{"rendered":"<p><strong>Drewniane le\u017caki z metalow\u0105 ram\u0105<\/strong> \u2013 stilingi, tvirti ir patog\u016bs. Pagaminti i\u0161 <em>sosna poddana obr\u00f3bce cieplnej i olejowana<\/em> bei <em>suszona i malowana sosna<\/em>, \u0161ie gultai atspar\u016bs aplinkos poveikiui ir ilgaam\u017eiai. Reguliuojamas atlo\u0161as (7 pad\u0117tys) u\u017etikrina komfort\u0105, tod\u0117l tai puikus pasirinkimas terasai, sodui ar poilsiui prie baseino.<\/p>","protected":false},"featured_media":3468,"comment_status":"open","ping_status":"closed","template":"","meta":{"_glsr_average":0,"_glsr_ranking":0,"_glsr_reviews":0},"product_brand":[],"product_cat":[23],"product_tag":[],"class_list":{"0":"post-736","1":"product","2":"type-product","3":"status-publish","4":"has-post-thumbnail","6":"product_cat-tevelio-darbeliai","8":"first","9":"instock","10":"taxable","11":"shipping-taxable","12":"purchasable","13":"product-type-simple"},"_links":{"self":[{"href":"https:\/\/sveikatatau.lt\/pl\/wp-json\/wp\/v2\/product\/736","targetHints":{"allow":["GET"]}}],"collection":[{"href":"https:\/\/sveikatatau.lt\/pl\/wp-json\/wp\/v2\/product"}],"about":[{"href":"https:\/\/sveikatatau.lt\/pl\/wp-json\/wp\/v2\/types\/product"}],"replies":[{"embeddable":true,"href":"https:\/\/sveikatatau.lt\/pl\/wp-json\/wp\/v2\/comments?post=736"}],"version-history":[{"count":13,"href":"https:\/\/sveikatatau.lt\/pl\/wp-json\/wp\/v2\/product\/736\/revisions"}],"predecessor-version":[{"id":3192,"href":"https:\/\/sveikatatau.lt\/pl\/wp-json\/wp\/v2\/product\/736\/revisions\/3192"}],"wp:featuredmedia":[{"embeddable":true,"href":"https:\/\/sveikatatau.lt\/pl\/wp-json\/wp\/v2\/media\/3468"}],"wp:attachment":[{"href":"https:\/\/sveikatatau.lt\/pl\/wp-json\/wp\/v2\/media?parent=736"}],"wp:term":[{"taxonomy":"product_brand","embeddable":true,"href":"https:\/\/sveikatatau.lt\/pl\/wp-json\/wp\/v2\/product_brand?post=736"},{"taxonomy":"product_cat","embeddable":true,"href":"https:\/\/sveikatatau.lt\/pl\/wp-json\/wp\/v2\/product_cat?post=736"},{"taxonomy":"product_tag","embeddable":true,"href":"https:\/\/sveikatatau.lt\/pl\/wp-json\/wp\/v2\/product_tag?post=736"}],"curies":[{"name":"wp","href":"https:\/\/api.w.org\/{rel}","templated":true}]}}