{"id":368,"date":"2025-04-09T15:23:14","date_gmt":"2025-04-09T15:23:14","guid":{"rendered":"http:\/\/sveikatatau.lt\/?page_id=368"},"modified":"2025-04-09T16:24:14","modified_gmt":"2025-04-09T16:24:14","slug":"duk","status":"publish","type":"page","link":"https:\/\/sveikatatau.lt\/ru\/duk\/","title":{"rendered":"\u0427\u0430\u0441\u0442\u043e \u0437\u0430\u0434\u0430\u0432\u0430\u0435\u043c\u044b\u0435 \u0432\u043e\u043f\u0440\u043e\u0441\u044b"},"content":{"rendered":"\t\t<div data-elementor-type=\"wp-page\" data-elementor-id=\"368\" class=\"elementor elementor-368\" data-elementor-post-type=\"page\">\n\t\t\t\t<div class=\"elementor-element elementor-element-0059187 e-flex e-con-boxed e-con e-parent\" data-id=\"0059187\" data-element_type=\"container\" data-e-type=\"container\">\n\t\t\t\t\t<div class=\"e-con-inner\">\n\t\t\t\t<div class=\"elementor-element elementor-element-2067066 elementor-widget elementor-widget-n-accordion\" data-id=\"2067066\" data-element_type=\"widget\" data-e-type=\"widget\" data-settings=\"{&quot;default_state&quot;:&quot;expanded&quot;,&quot;max_items_expended&quot;:&quot;one&quot;,&quot;n_accordion_animation_duration&quot;:{&quot;unit&quot;:&quot;ms&quot;,&quot;size&quot;:400,&quot;sizes&quot;:[]}}\" data-widget_type=\"nested-accordion.default\">\n\t\t\t\t\t\t\t<div class=\"e-n-accordion\" aria-label=\"Accordion. Open links with Enter or Space, close with Escape, and navigate with Arrow Keys\">\n\t\t\t\t\t\t<details id=\"e-n-accordion-item-3390\" class=\"e-n-accordion-item\" open>\n\t\t\t\t<summary class=\"e-n-accordion-item-title\" data-accordion-index=\"1\" tabindex=\"0\" aria-expanded=\"true\" aria-controls=\"e-n-accordion-item-3390\" >\n\t\t\t\t\t<span class='e-n-accordion-item-title-header'><div class=\"e-n-accordion-item-title-text\"> Item #1 <\/div><\/span>\n\t\t\t\t\t\t\t<span class='e-n-accordion-item-title-icon'>\n\t\t\t<span class='e-opened' ><svg aria-hidden=\"true\" class=\"e-font-icon-svg e-fas-minus\" viewBox=\"0 0 448 512\" xmlns=\"http:\/\/www.w3.org\/2000\/svg\"><path d=\"M416 208H32c-17.67 0-32 14.33-32 32v32c0 17.67 14.33 32 32 32h384c17.67 0 32-14.33 32-32v-32c0-17.67-14.33-32-32-32z\"><\/path><\/svg><\/span>\n\t\t\t<span class='e-closed'><svg aria-hidden=\"true\" class=\"e-font-icon-svg e-fas-plus\" viewBox=\"0 0 448 512\" xmlns=\"http:\/\/www.w3.org\/2000\/svg\"><path d=\"M416 208H272V64c0-17.67-14.33-32-32-32h-32c-17.67 0-32 14.33-32 32v144H32c-17.67 0-32 14.33-32 32v32c0 17.67 14.33 32 32 32h144v144c0 17.67 14.33 32 32 32h32c17.67 0 32-14.33 32-32V304h144c17.67 0 32-14.33 32-32v-32c0-17.67-14.33-32-32-32z\"><\/path><\/svg><\/span>\n\t\t<\/span>\n\n\t\t\t\t\t\t<\/summary>\n\t\t\t\t<div role=\"region\" aria-labelledby=\"e-n-accordion-item-3390\" class=\"elementor-element elementor-element-2645fb0 e-con-full e-flex e-con e-child\" data-id=\"2645fb0\" data-element_type=\"container\" data-e-type=\"container\">\n\t\t\t\t<div class=\"elementor-element elementor-element-48fb08d elementor-widget elementor-widget-text-editor\" data-id=\"48fb08d\" data-element_type=\"widget\" data-e-type=\"widget\" data-widget_type=\"text-editor.default\">\n\t\t\t\t\t\t\t\t\t<ul><li class=\"\" data-start=\"536\" data-end=\"774\"><p class=\"\" data-start=\"539\" data-end=\"774\"><strong data-start=\"539\" data-end=\"582\">Kokius gaminius si\u016blo UAB Sveikata Tau?<\/strong><br data-start=\"582\" data-end=\"585\" \/>Si\u016blome kepsnines, k\u016bbilus ant priekabos, viengules ir dvigules lovas, lauko bald\u0173 komplektus, lau\u017eavietes-kepsnines, reguliuojamus gultus ir kitus i\u0161skirtinio dizaino gaminius poilsiui.<\/p><\/li><li class=\"\" data-start=\"776\" data-end=\"941\"><p class=\"\" data-start=\"779\" data-end=\"941\"><strong data-start=\"779\" data-end=\"827\">Ar galima u\u017esisakyti gaminius su pristatymu?<\/strong><br data-start=\"827\" data-end=\"830\" \/>Taip, gaminius pristatome visoje Lietuvoje. Galimas ir surinkimo ar montavimo paslaugos susitarus i\u0161 anksto.<\/p><\/li><li class=\"\" data-start=\"943\" data-end=\"1122\"><p class=\"\" data-start=\"946\" data-end=\"1122\"><strong data-start=\"946\" data-end=\"1003\">Ar galima u\u017esakyti baldus pagal individual\u0173 projekt\u0105?<\/strong><br data-start=\"1003\" data-end=\"1006\" \/>Taip, gaminame baldus ir poilsio sprendimus pagal individualius u\u017esakymus \u2013 tiek dizaino, tiek matmen\u0173 at\u017evilgiu.<\/p><\/li><li class=\"\" data-start=\"1124\" data-end=\"1334\"><p class=\"\" data-start=\"1127\" data-end=\"1334\"><strong data-start=\"1127\" data-end=\"1169\">Kuo i\u0161skirtinis k\u016bbilas ant priekabos?<\/strong><br data-start=\"1169\" data-end=\"1172\" \/>K\u016bbilas ant priekabos yra mobilus, turi Bluetooth valdom\u0105 garso sistem\u0105, hidromasa\u017e\u0105, oro masa\u017e\u0105, LED ap\u0161vietim\u0105 \u2013 puikiai tinka \u0161vent\u0117ms, sodyboms ar verslui.<\/p><\/li><li class=\"\" data-start=\"1336\" data-end=\"1492\"><p class=\"\" data-start=\"1339\" data-end=\"1492\"><strong data-start=\"1339\" data-end=\"1379\">Kaip susisiekti su UAB Sveikata Tau?<\/strong><br data-start=\"1379\" data-end=\"1382\" \/>Galite skambinti telefonu +37061246039 arba para\u0161yti per svetain\u0117s kontakt\u0173 form\u0105. Visada atsakome greitai!<\/p><\/li><\/ul>\t\t\t\t\t\t\t\t<\/div>\n\t\t\t\t<\/div>\n\t\t\t\t\t<\/details>\n\t\t\t\t\t\t<details id=\"e-n-accordion-item-3391\" class=\"e-n-accordion-item\" >\n\t\t\t\t<summary class=\"e-n-accordion-item-title\" data-accordion-index=\"2\" tabindex=\"-1\" aria-expanded=\"false\" aria-controls=\"e-n-accordion-item-3391\" >\n\t\t\t\t\t<span class='e-n-accordion-item-title-header'><div class=\"e-n-accordion-item-title-text\"> Item #2 <\/div><\/span>\n\t\t\t\t\t\t\t<span class='e-n-accordion-item-title-icon'>\n\t\t\t<span class='e-opened' ><svg aria-hidden=\"true\" class=\"e-font-icon-svg e-fas-minus\" viewBox=\"0 0 448 512\" xmlns=\"http:\/\/www.w3.org\/2000\/svg\"><path d=\"M416 208H32c-17.67 0-32 14.33-32 32v32c0 17.67 14.33 32 32 32h384c17.67 0 32-14.33 32-32v-32c0-17.67-14.33-32-32-32z\"><\/path><\/svg><\/span>\n\t\t\t<span class='e-closed'><svg aria-hidden=\"true\" class=\"e-font-icon-svg e-fas-plus\" viewBox=\"0 0 448 512\" xmlns=\"http:\/\/www.w3.org\/2000\/svg\"><path d=\"M416 208H272V64c0-17.67-14.33-32-32-32h-32c-17.67 0-32 14.33-32 32v144H32c-17.67 0-32 14.33-32 32v32c0 17.67 14.33 32 32 32h144v144c0 17.67 14.33 32 32 32h32c17.67 0 32-14.33 32-32V304h144c17.67 0 32-14.33 32-32v-32c0-17.67-14.33-32-32-32z\"><\/path><\/svg><\/span>\n\t\t<\/span>\n\n\t\t\t\t\t\t<\/summary>\n\t\t\t\t<div role=\"region\" aria-labelledby=\"e-n-accordion-item-3391\" class=\"elementor-element elementor-element-428e391 e-con-full e-flex e-con e-child\" data-id=\"428e391\" data-element_type=\"container\" data-e-type=\"container\">\n\t\t<div role=\"region\" aria-labelledby=\"e-n-accordion-item-3391\" class=\"elementor-element elementor-element-f6cf919 e-flex e-con-boxed e-con e-child\" data-id=\"f6cf919\" data-element_type=\"container\" data-e-type=\"container\">\n\t\t\t\t\t<div class=\"e-con-inner\">\n\t\t\t\t<div class=\"elementor-element elementor-element-c0ecc7b elementor-widget elementor-widget-text-editor\" data-id=\"c0ecc7b\" data-element_type=\"widget\" data-e-type=\"widget\" data-widget_type=\"text-editor.default\">\n\t\t\t\t\t\t\t\t\t<p><strong data-start=\"199\" data-end=\"234\">Kiek trunka gamyba po u\u017esakymo?<\/strong><br data-start=\"234\" data-end=\"237\" \/>Gamybos terminas priklauso nuo u\u017esakymo sud\u0117tingumo, bet da\u017eniausiai trunka nuo 5 iki 15 darbo dien\u0173. Visada informuojame klient\u0105 apie preliminar\u0173 laik\u0105 individualiai.<\/p>\t\t\t\t\t\t\t\t<\/div>\n\t\t\t\t\t<\/div>\n\t\t\t\t<\/div>\n\t\t\t\t<\/div>\n\t\t\t\t\t<\/details>\n\t\t\t\t\t\t<details id=\"e-n-accordion-item-3392\" class=\"e-n-accordion-item\" >\n\t\t\t\t<summary class=\"e-n-accordion-item-title\" data-accordion-index=\"3\" tabindex=\"-1\" aria-expanded=\"false\" aria-controls=\"e-n-accordion-item-3392\" >\n\t\t\t\t\t<span class='e-n-accordion-item-title-header'><div class=\"e-n-accordion-item-title-text\"> Item #3 <\/div><\/span>\n\t\t\t\t\t\t\t<span class='e-n-accordion-item-title-icon'>\n\t\t\t<span class='e-opened' ><svg aria-hidden=\"true\" class=\"e-font-icon-svg e-fas-minus\" viewBox=\"0 0 448 512\" xmlns=\"http:\/\/www.w3.org\/2000\/svg\"><path d=\"M416 208H32c-17.67 0-32 14.33-32 32v32c0 17.67 14.33 32 32 32h384c17.67 0 32-14.33 32-32v-32c0-17.67-14.33-32-32-32z\"><\/path><\/svg><\/span>\n\t\t\t<span class='e-closed'><svg aria-hidden=\"true\" class=\"e-font-icon-svg e-fas-plus\" viewBox=\"0 0 448 512\" xmlns=\"http:\/\/www.w3.org\/2000\/svg\"><path d=\"M416 208H272V64c0-17.67-14.33-32-32-32h-32c-17.67 0-32 14.33-32 32v144H32c-17.67 0-32 14.33-32 32v32c0 17.67 14.33 32 32 32h144v144c0 17.67 14.33 32 32 32h32c17.67 0 32-14.33 32-32V304h144c17.67 0 32-14.33 32-32v-32c0-17.67-14.33-32-32-32z\"><\/path><\/svg><\/span>\n\t\t<\/span>\n\n\t\t\t\t\t\t<\/summary>\n\t\t\t\t<div role=\"region\" aria-labelledby=\"e-n-accordion-item-3392\" class=\"elementor-element elementor-element-8fc82d3 e-con-full e-flex e-con e-child\" data-id=\"8fc82d3\" data-element_type=\"container\" data-e-type=\"container\">\n\t\t<div role=\"region\" aria-labelledby=\"e-n-accordion-item-3392\" class=\"elementor-element elementor-element-b89a817 e-flex e-con-boxed e-con e-child\" data-id=\"b89a817\" data-element_type=\"container\" data-e-type=\"container\">\n\t\t\t\t\t<div class=\"e-con-inner\">\n\t\t\t\t<div class=\"elementor-element elementor-element-035b7c1 elementor-widget elementor-widget-text-editor\" data-id=\"035b7c1\" data-element_type=\"widget\" data-e-type=\"widget\" data-widget_type=\"text-editor.default\">\n\t\t\t\t\t\t\t\t\t<p><strong data-start=\"430\" data-end=\"469\">Ar galima ap\u017ei\u016br\u0117ti gaminius gyvai?<\/strong><br data-start=\"469\" data-end=\"472\" \/>Taip, kvie\u010diame atvykti \u012f m\u016bs\u0173 viet\u0105 \u0160ven\u010dioni\u0173 rajone, Kaltan\u0117n\u0173 kaime \u2013 gal\u0117site ap\u017ei\u016br\u0117ti m\u016bs\u0173 gaminius gyvai ir \u012fsitikinti kokybe prie\u0161 u\u017esakant.<\/p>\t\t\t\t\t\t\t\t<\/div>\n\t\t\t\t\t<\/div>\n\t\t\t\t<\/div>\n\t\t\t\t<\/div>\n\t\t\t\t\t<\/details>\n\t\t\t\t\t<\/div>\n\t\t\t\t\t\t<\/div>\n\t\t\t\t\t<\/div>\n\t\t\t\t<\/div>\n\t\t<div class=\"elementor-element elementor-element-9aaf354 e-flex e-con-boxed e-con e-parent\" data-id=\"9aaf354\" data-element_type=\"container\" data-e-type=\"container\">\n\t\t\t\t\t<div class=\"e-con-inner\">\n\t\t\t\t<div class=\"elementor-element elementor-element-8bc037e elementor-widget elementor-widget-html\" data-id=\"8bc037e\" data-element_type=\"widget\" data-e-type=\"widget\" data-widget_type=\"html.default\">\n\t\t\t\t\t<script type=\"application\/ld+json\">\n{\n  \"@context\": \"https:\/\/schema.org\",\n  \"@type\": \"FAQPage\",\n  \"mainEntity\": [\n    {\n      \"@type\": \"Question\",\n      \"name\": \"Kokius gaminius si\u016blo UAB Sveikata Tau?\",\n      \"acceptedAnswer\": {\n        \"@type\": \"Answer\",\n        \"text\": \"Si\u016blome kepsnines, k\u016bbilus ant priekabos, viengules ir dvigules lovas, lauko bald\u0173 komplektus, lau\u017eavietes-kepsnines, reguliuojamus gultus ir kitus i\u0161skirtinio dizaino gaminius poilsiui.\"\n      }\n    },\n    {\n      \"@type\": \"Question\",\n      \"name\": \"Ar galima u\u017esisakyti gaminius su pristatymu?\",\n      \"acceptedAnswer\": {\n        \"@type\": \"Answer\",\n        \"text\": \"Taip, gaminius pristatome visoje Lietuvoje. Galimas ir surinkimo ar montavimo paslaugos susitarus i\u0161 anksto.\"\n      }\n    },\n    {\n      \"@type\": \"Question\",\n      \"name\": \"Ar galima u\u017esakyti baldus pagal individual\u0173 projekt\u0105?\",\n      \"acceptedAnswer\": {\n        \"@type\": \"Answer\",\n        \"text\": \"Taip, gaminame baldus ir poilsio sprendimus pagal individualius u\u017esakymus \u2013 tiek dizaino, tiek matmen\u0173 at\u017evilgiu.\"\n      }\n    },\n    {\n      \"@type\": \"Question\",\n      \"name\": \"Kuo i\u0161skirtinis k\u016bbilas ant priekabos?\",\n      \"acceptedAnswer\": {\n        \"@type\": \"Answer\",\n        \"text\": \"K\u016bbilas ant priekabos yra mobilus, turi Bluetooth valdom\u0105 garso sistem\u0105, hidromasa\u017e\u0105, oro masa\u017e\u0105, LED ap\u0161vietim\u0105 \u2013 puikiai tinka \u0161vent\u0117ms, sodyboms ar verslui.\"\n      }\n    },\n    {\n      \"@type\": \"Question\",\n      \"name\": \"Kaip susisiekti su UAB Sveikata Tau?\",\n      \"acceptedAnswer\": {\n        \"@type\": \"Answer\",\n        \"text\": \"Galite skambinti telefonu +37061246039 arba para\u0161yti per svetain\u0117s kontakt\u0173 form\u0105. Visada atsakome greitai!\"\n      }\n    }\n  ]\n}\n<\/script>\n\t\t\t\t<\/div>\n\t\t\t\t\t<\/div>\n\t\t\t\t<\/div>\n\t\t<div class=\"elementor-element elementor-element-2deb4af e-flex e-con-boxed e-con e-parent\" data-id=\"2deb4af\" data-element_type=\"container\" data-e-type=\"container\">\n\t\t\t\t\t<div class=\"e-con-inner\">\n\t\t\t\t\t<\/div>\n\t\t\t\t<\/div>\n\t\t\t\t<\/div>\n\t\t","protected":false},"excerpt":{"rendered":"<p>Item #1 Kokius gaminius si\u016blo UAB Sveikata Tau?Si\u016blome kepsnines, k\u016bbilus ant priekabos, viengules ir dvigules lovas, lauko bald\u0173 komplektus, lau\u017eavietes-kepsnines, reguliuojamus gultus ir kitus i\u0161skirtinio dizaino gaminius poilsiui. Ar galima u\u017esisakyti gaminius su pristatymu?Taip, gaminius pristatome visoje Lietuvoje. Galimas ir surinkimo ar montavimo paslaugos susitarus i\u0161 anksto. Ar galima u\u017esakyti baldus pagal individual\u0173 projekt\u0105?Taip, gaminame [&hellip;]<\/p>\n","protected":false},"author":1,"featured_media":0,"parent":0,"menu_order":0,"comment_status":"closed","ping_status":"closed","template":"","meta":{"_glsr_average":0,"_glsr_ranking":0,"_glsr_reviews":0,"footnotes":""},"class_list":["post-368","page","type-page","status-publish","hentry"],"_links":{"self":[{"href":"https:\/\/sveikatatau.lt\/ru\/wp-json\/wp\/v2\/pages\/368","targetHints":{"allow":["GET"]}}],"collection":[{"href":"https:\/\/sveikatatau.lt\/ru\/wp-json\/wp\/v2\/pages"}],"about":[{"href":"https:\/\/sveikatatau.lt\/ru\/wp-json\/wp\/v2\/types\/page"}],"author":[{"embeddable":true,"href":"https:\/\/sveikatatau.lt\/ru\/wp-json\/wp\/v2\/users\/1"}],"replies":[{"embeddable":true,"href":"https:\/\/sveikatatau.lt\/ru\/wp-json\/wp\/v2\/comments?post=368"}],"version-history":[{"count":12,"href":"https:\/\/sveikatatau.lt\/ru\/wp-json\/wp\/v2\/pages\/368\/revisions"}],"predecessor-version":[{"id":381,"href":"https:\/\/sveikatatau.lt\/ru\/wp-json\/wp\/v2\/pages\/368\/revisions\/381"}],"wp:attachment":[{"href":"https:\/\/sveikatatau.lt\/ru\/wp-json\/wp\/v2\/media?parent=368"}],"curies":[{"name":"WP","href":"https:\/\/api.w.org\/{rel}","templated":true}]}}